{"id":4962,"date":"2022-12-03T09:29:51","date_gmt":"2022-12-03T09:29:51","guid":{"rendered":"https:\/\/centros.unileon.es\/derecho\/?page_id=4962"},"modified":"2022-12-03T09:38:16","modified_gmt":"2022-12-03T09:38:16","slug":"iii-concurso-internacional-de-estudiantes-de-la-red-iberoamericana-de-facultades-y-escuelas-de-derecho","status":"publish","type":"page","link":"https:\/\/centros.unileon.es\/derecho\/iii-concurso-internacional-de-estudiantes-de-la-red-iberoamericana-de-facultades-y-escuelas-de-derecho\/","title":{"rendered":"III Concurso Internacional de Estudiantes de la Red Iberoamericana de Facultades y Escuelas de Derecho"},"content":{"rendered":"<section class=\"col-md-8 col-sm-12\">\r\n<div class=\"region region-content\">\r\n<div class=\"row bs-1col node node--type-noticia node--view-mode-full\">\r\n<div class=\"col-sm-12 bs-region bs-region--main\">\r\n<div class=\"field field--name-body field--type-text-with-summary field--label-hidden field--item\">\r\n<div class=\"embedded-entity\" style=\"text-align: justify;\" data-embed-button=\"media\" data-entity-embed-display=\"view_mode:media.ancho_100\" data-entity-type=\"media\" data-entity-uuid=\"aa19523e-5e82-495d-8ace-7ade43fd77b9\" data-langcode=\"es\">\r\n<div>\r\n<div class=\"field field--name-field-image field--type-image field--label-hidden field--item\"><a href=\"https:\/\/centros.unileon.es\/derecho\/files\/2022\/12\/2022.11.24.1.premios_derecho-06_primer_premio.jpg\"><img loading=\"lazy\" decoding=\"async\" class=\"alignnone wp-image-4966\" src=\"https:\/\/centros.unileon.es\/derecho\/files\/2022\/12\/2022.11.24.1.premios_derecho-06_primer_premio.jpg\" alt=\"\" width=\"451\" height=\"280\" \/><\/a><\/div>\r\n<\/div>\r\n<\/div>\r\n<p class=\"text-align-justify\" style=\"text-align: justify;\"><span lang=\"ES-TRAD\" xml:lang=\"ES-TRAD\">El rector de la ULE, Juan Francisco Garc\u00eda Mar\u00edn, presidi\u00f3 el acto celebrado en el Paraninfo Gord\u00f3n Ord\u00e1s, en el que B\u00e1rbara Villalobos, de la Universidad Central de Chile se alz\u00f3 con el primer premio por un trabajo sobre violencia obst\u00e9trica.<\/span><\/p>\r\n<p class=\"text-align-justify\" style=\"text-align: justify;\">El Paraninfo Gord\u00f3n Ord\u00e1s del edificio El Alb\u00e9itar, acogi\u00f3 la semana pasada la fase final y la entrega de Premios del III Concurso Internacional de Estudiantes de la Red Iberoamericana de Facultades y Escuelas de Derecho, un acto que presidi\u00f3 el rector de la Universidad de Le\u00f3n (ULE), Juan Francisco Garc\u00eda Mar\u00edn.<\/p>\r\n\r\n<div class=\"embedded-entity\" style=\"text-align: justify;\" data-embed-button=\"media\" data-entity-embed-display=\"view_mode:media.ancho_100\" data-entity-type=\"media\" data-entity-uuid=\"033ff1b6-8343-4e62-a592-1de7e41f6fe8\" data-langcode=\"es\">\r\n<div>\r\n<div class=\"field field--name-field-image field--type-image field--label-hidden field--item\"><a href=\"https:\/\/centros.unileon.es\/derecho\/files\/2022\/12\/2022.11.24.2.premios_derecho-05.jpg\"><img loading=\"lazy\" decoding=\"async\" class=\"alignnone wp-image-4967\" src=\"https:\/\/centros.unileon.es\/derecho\/files\/2022\/12\/2022.11.24.2.premios_derecho-05.jpg\" alt=\"\" width=\"451\" height=\"295\" \/><\/a><\/div>\r\n<\/div>\r\n<\/div>\r\n<p class=\"text-align-justify\" style=\"text-align: justify;\">Este concurso fue la culminaci\u00f3n del Congreso Internacional de Estudiantes de Derecho de la Red Iberoamericana de Facultades y Escuelas de Derecho, celebrado en Le\u00f3n del 20 al 25 de noviembre y que reuni\u00f3 a medio centenar de estudiantes y docentes de la Red Iberoamericana. Hay que destacar que el certamen se promueve para incentivar a los estudiantes a la investigaci\u00f3n, presentar sus avances de investigaci\u00f3n tanto de manera escrita como de manera oral, y desarrollar sus capacidades t\u00e9cnicas en la redacci\u00f3n de un art\u00edculo cient\u00edfico y en habilidades de oratoria.<\/p>\r\n\r\n<div class=\"embedded-entity\" style=\"text-align: justify;\" data-embed-button=\"media\" data-entity-embed-display=\"view_mode:media.ancho_100\" data-entity-type=\"media\" data-entity-uuid=\"92a10abf-d9f5-40fd-a9a5-1d733791c77c\" data-langcode=\"es\">\r\n<div>\r\n<div class=\"field field--name-field-image field--type-image field--label-hidden field--item\"><a href=\"https:\/\/centros.unileon.es\/derecho\/files\/2022\/12\/2022.11.24.3.premios_derecho-02.jpg\"><img loading=\"lazy\" decoding=\"async\" class=\"alignnone wp-image-4969\" src=\"https:\/\/centros.unileon.es\/derecho\/files\/2022\/12\/2022.11.24.3.premios_derecho-02.jpg\" alt=\"\" width=\"453\" height=\"226\" \/><\/a><\/div>\r\n<\/div>\r\n<\/div>\r\n<p class=\"text-align-justify\" style=\"text-align: justify;\">En la fase final participaron 21 estudiantes procedentes de universidades de Colombia, Chile, Per\u00fa, Ecuador y Argentina, y de la Universidad de Le\u00f3n, instituci\u00f3n anfitriona del evento cuyo comit\u00e9 organizador estuvo dirigido por el profesor Salvador Tarodo, decano de la Facultad de Derecho de la ULE. Los estudiantes llegados a esta fase final fueron seleccionados en una competici\u00f3n interna en sus respectivas universidades de origen, y tuvieron que defender sus investigaciones ante un jurado integrado por profesores y t\u00e9cnicos de las respectivas instituciones participantes.<\/p>\r\n<p class=\"text-align-justify\" style=\"text-align: justify;\">Los ganadores de esta III edici\u00f3n fueron B\u00e1rbara Francisca Villalobos Jaramillo, Universidad Central de Chile, con el primer premio por el trabajo: \u2018La violencia obst\u00e9trica interpretada desde el derecho a la integridad f\u00edsica y ps\u00edquica del art\u00edculo 19 n\u00ba 1 de la Constituci\u00f3n Pol\u00edtica de la Rep\u00fablica de Chile\u2019.<\/p>\r\n\r\n<div class=\"embedded-entity\" style=\"text-align: justify;\" data-embed-button=\"media\" data-entity-embed-display=\"view_mode:media.ancho_100\" data-entity-type=\"media\" data-entity-uuid=\"ada4d738-99cd-4b59-8d27-aacba0d650e7\" data-langcode=\"es\">\r\n<div>\r\n<div class=\"field field--name-field-image field--type-image field--label-hidden field--item\"><a href=\"https:\/\/centros.unileon.es\/derecho\/files\/2022\/12\/2022.11.24.4.premios_derecho-04.jpg\"><img loading=\"lazy\" decoding=\"async\" class=\"alignnone wp-image-4970\" src=\"https:\/\/centros.unileon.es\/derecho\/files\/2022\/12\/2022.11.24.4.premios_derecho-04.jpg\" alt=\"\" width=\"454\" height=\"323\" \/><\/a><\/div>\r\n<\/div>\r\n<\/div>\r\n<p class=\"text-align-justify\" style=\"text-align: justify;\">El segundo galard\u00f3n fue para Camilo Andr\u00e9s Maiguel Donado, Universidad del Atl\u00e1ntico (Colombia), con el trabajo: \u2018Constitucionalismo aspiracional y democracia deliberativa como respuesta a la crisis de la democracia constitucional\u2019.<\/p>\r\n<p class=\"text-align-justify\" style=\"text-align: justify;\">Y el tercer premio recay\u00f3 en Adiela Yuranny Ceballos S\u00e1nchez, Universidad San Gregorio de Portoviejo (Ecuador), con el trabajo: \u2018Progresividad de los derechos humanos y su aplicaci\u00f3n en el ordenamiento jur\u00eddico ecuatoriano\u2019.<\/p>\r\n\r\n<div class=\"embedded-entity\" style=\"text-align: justify;\" data-embed-button=\"media\" data-entity-embed-display=\"view_mode:media.ancho_100\" data-entity-type=\"media\" data-entity-uuid=\"9cd33456-108b-44a4-9c2f-5989d27764d5\" data-langcode=\"es\">\r\n<div>\r\n<div class=\"field field--name-field-image field--type-image field--label-hidden field--item\"><a href=\"https:\/\/centros.unileon.es\/derecho\/files\/2022\/12\/2022.11.24.5.premios_derecho-03.jpg\"><img loading=\"lazy\" decoding=\"async\" class=\"alignnone wp-image-4971\" src=\"https:\/\/centros.unileon.es\/derecho\/files\/2022\/12\/2022.11.24.5.premios_derecho-03.jpg\" alt=\"\" width=\"455\" height=\"264\" \/><\/a><\/div>\r\n<\/div>\r\n<\/div>\r\n<p class=\"text-align-justify\" style=\"text-align: justify;\">El objetivo prioritario de este certamen es promover espacios de cooperaci\u00f3n con otras instituciones de educaci\u00f3n superior de alta calidad que permitan la movilidad, la internacionalizaci\u00f3n del curr\u00edculo, la investigaci\u00f3n y la proyecci\u00f3n social de la comunidad docente y estudiantil de las Facultades y Escuelas pertenecientes a la Red Iberoamericana de Facultades y Escuelas de Derecho.<\/p>\r\n\r\n<div class=\"embedded-entity\" style=\"text-align: justify;\" data-embed-button=\"media\" data-entity-embed-display=\"view_mode:media.ancho_100\" data-entity-type=\"media\" data-entity-uuid=\"a0980507-017d-4d97-b13f-471bd4791c2d\" data-langcode=\"es\">\r\n<div>\r\n<div class=\"field field--name-field-image field--type-image field--label-hidden field--item\"><a href=\"https:\/\/centros.unileon.es\/derecho\/files\/2022\/12\/2022.11.24.6.premios_derecho-08.jpg\"><img loading=\"lazy\" decoding=\"async\" class=\"alignnone wp-image-4972\" src=\"https:\/\/centros.unileon.es\/derecho\/files\/2022\/12\/2022.11.24.6.premios_derecho-08.jpg\" alt=\"\" width=\"452\" height=\"259\" \/><\/a><\/div>\r\n<\/div>\r\n<\/div>\r\n<p class=\"text-align-justify\" style=\"text-align: justify;\"><em>(<strong>Fotograf\u00edas<\/strong>: Primera: de izda a dcha. Araceli Cano (Gerente ULE), Juan Francisco Garc\u00eda Mar\u00edn, B\u00e1rbara Villalobos (Primer Premio),\u00a0\u00c1ngel Pelayo Gonz\u00e1lez-Torre, decano de la Facultad de Derecho de la Universidad de Cantabria (Espa\u00f1a) y Jorge Arias Garrido, vicerrector acad\u00e9mico de la Universidad Bernardo O&#8217;Higgins, (Chile). \/ Segunda: estudiantes participantes en el certamen. \/ Tercera: profesores y estudiantes de la Red Iberoamericana de Facultades y Escuelas de Derecho. \/ Cuarta: de izda a dcha. B\u00e1rbara Villalobos,\u00a0Camilo Andr\u00e9s Maiguel y\u00a0Adiela Yuranny Ceballos, clasificados del certamen. \/ Quinta: el rector de la ULE junto a los docentes de universidades de la Red que asistieron la semana pasada al\u00a0Congreso Internacional de Estudiantes de Derecho de la Red Iberoamericana de Facultades y Escuelas de Derecho. \/ Sexta: B\u00e1rbara Villalobos en un momento de la defensa de su trabajo durante el concurso).\u00a0<\/em><\/p>\r\n<p class=\"text-align-justify\" style=\"text-align: justify;\"><strong>___________________________________________________________________________<\/strong><\/p>\r\n\r\n<h5 style=\"text-align: justify;\">GABINETE DE PRENSA Y COMUNICACI\u00d3N<strong> \/ OFICINA DE PRENSA CAMPUS DE VEGAZANA<\/strong><\/h5>\r\n<h5 style=\"text-align: justify;\">Edificio de Servicios-Planta Baja. \/ Tlfno: 987 29 15 72 y 670 33 83 00 \/ c.e:\u00a0 ana.ustariz@unileon.es<\/h5>\r\n<\/div>\r\n<\/div>\r\n<\/div>\r\n<\/div>\r\n<\/section>","protected":false},"excerpt":{"rendered":"<p>El rector de la ULE, Juan Francisco Garc\u00eda Mar\u00edn, presidi\u00f3 el acto celebrado en el Paraninfo Gord\u00f3n Ord\u00e1s, en el que B\u00e1rbara Villalobos, de la Universidad Central de Chile se alz\u00f3 con el primer premio por un trabajo sobre violencia obst\u00e9trica. El Paraninfo Gord\u00f3n Ord\u00e1s del edificio El Alb\u00e9itar, acogi\u00f3 la semana pasada la fase [&hellip;]<\/p>\n","protected":false},"author":149,"featured_media":0,"parent":0,"menu_order":0,"comment_status":"closed","ping_status":"closed","template":"","meta":{"footnotes":""},"class_list":["post-4962","page","type-page","status-publish","hentry"],"_links":{"self":[{"href":"https:\/\/centros.unileon.es\/derecho\/wp-json\/wp\/v2\/pages\/4962","targetHints":{"allow":["GET"]}}],"collection":[{"href":"https:\/\/centros.unileon.es\/derecho\/wp-json\/wp\/v2\/pages"}],"about":[{"href":"https:\/\/centros.unileon.es\/derecho\/wp-json\/wp\/v2\/types\/page"}],"author":[{"embeddable":true,"href":"https:\/\/centros.unileon.es\/derecho\/wp-json\/wp\/v2\/users\/149"}],"replies":[{"embeddable":true,"href":"https:\/\/centros.unileon.es\/derecho\/wp-json\/wp\/v2\/comments?post=4962"}],"version-history":[{"count":11,"href":"https:\/\/centros.unileon.es\/derecho\/wp-json\/wp\/v2\/pages\/4962\/revisions"}],"predecessor-version":[{"id":4980,"href":"https:\/\/centros.unileon.es\/derecho\/wp-json\/wp\/v2\/pages\/4962\/revisions\/4980"}],"wp:attachment":[{"href":"https:\/\/centros.unileon.es\/derecho\/wp-json\/wp\/v2\/media?parent=4962"}],"curies":[{"name":"wp","href":"https:\/\/api.w.org\/{rel}","templated":true}]}}