{"id":4933,"date":"2022-10-24T07:15:09","date_gmt":"2022-10-24T07:15:09","guid":{"rendered":"https:\/\/centros.unileon.es\/derecho\/?page_id=4933"},"modified":"2022-10-24T07:15:12","modified_gmt":"2022-10-24T07:15:12","slug":"conversaciones-en-torno-a-los-objetivos-de-desarrollo-sostenible-ods-en-el-marco-de-la-agenda-2030-11-18-y-23-de-noviembre-de-2022","status":"publish","type":"page","link":"https:\/\/centros.unileon.es\/derecho\/conversaciones-en-torno-a-los-objetivos-de-desarrollo-sostenible-ods-en-el-marco-de-la-agenda-2030-11-18-y-23-de-noviembre-de-2022\/","title":{"rendered":"Conversaciones en torno a los Objetivos de Desarrollo Sostenible (ODS) en el marco de la Agenda 2030. 11, 18 y 23 de noviembre de 2022."},"content":{"rendered":"<p style=\"text-align: justify;\">Impulsado por la Defensor\u00eda Universitaria, la Facultad de Derecho acoger\u00e1 el Curso de Extensi\u00f3n sobre los Objetivos de Desarrollo Sostenible (ODS) en el marco de la Agenda 2030.<\/p>\r\n\r\n<ul>\r\n \t<li style=\"text-align: justify;\"><strong>Fecha:<\/strong> D\u00edas 11, 18 y 23 de noviembre de 2022.<\/li>\r\n \t<li style=\"text-align: justify;\"><strong>Programa:<\/strong> <a href=\"https:\/\/centros.unileon.es\/derecho\/files\/2022\/10\/2022.10.24.-Programa-definitivo-Alumnado-ULe.pdf\">ENLACE<\/a><\/li>\r\n \t<li style=\"text-align: justify;\"><strong>Inscripciones:<\/strong> Gratuita. A trav\u00e9s del Servicio de Extensi\u00f3n Universitaria de la Universidad de Le\u00f3n. http:\/\/extensionuniversitaria.unileon.es\/euniversitaria\/curso.aspx?id=2606<\/li>\r\n<\/ul>","protected":false},"excerpt":{"rendered":"<p>Impulsado por la Defensor\u00eda Universitaria, la Facultad de Derecho acoger\u00e1 el Curso de Extensi\u00f3n sobre los Objetivos de Desarrollo Sostenible (ODS) en el marco de la Agenda 2030. Fecha: D\u00edas 11, 18 y 23 de noviembre de 2022. Programa: ENLACE Inscripciones: Gratuita. A trav\u00e9s del Servicio de Extensi\u00f3n Universitaria de la Universidad de Le\u00f3n. http:\/\/extensionuniversitaria.unileon.es\/euniversitaria\/curso.aspx?id=2606<\/p>\n","protected":false},"author":149,"featured_media":0,"parent":0,"menu_order":0,"comment_status":"closed","ping_status":"closed","template":"","meta":{"footnotes":""},"class_list":["post-4933","page","type-page","status-publish","hentry"],"_links":{"self":[{"href":"https:\/\/centros.unileon.es\/derecho\/wp-json\/wp\/v2\/pages\/4933","targetHints":{"allow":["GET"]}}],"collection":[{"href":"https:\/\/centros.unileon.es\/derecho\/wp-json\/wp\/v2\/pages"}],"about":[{"href":"https:\/\/centros.unileon.es\/derecho\/wp-json\/wp\/v2\/types\/page"}],"author":[{"embeddable":true,"href":"https:\/\/centros.unileon.es\/derecho\/wp-json\/wp\/v2\/users\/149"}],"replies":[{"embeddable":true,"href":"https:\/\/centros.unileon.es\/derecho\/wp-json\/wp\/v2\/comments?post=4933"}],"version-history":[{"count":1,"href":"https:\/\/centros.unileon.es\/derecho\/wp-json\/wp\/v2\/pages\/4933\/revisions"}],"predecessor-version":[{"id":4935,"href":"https:\/\/centros.unileon.es\/derecho\/wp-json\/wp\/v2\/pages\/4933\/revisions\/4935"}],"wp:attachment":[{"href":"https:\/\/centros.unileon.es\/derecho\/wp-json\/wp\/v2\/media?parent=4933"}],"curies":[{"name":"wp","href":"https:\/\/api.w.org\/{rel}","templated":true}]}}