{"id":489,"date":"2014-04-11T17:46:57","date_gmt":"2014-04-11T17:46:57","guid":{"rendered":"http:\/\/centros.unileon.es\/derecho\/?page_id=489"},"modified":"2014-05-08T08:53:22","modified_gmt":"2014-05-08T08:53:22","slug":"i-congreso-nacional-penitenciario-legionense","status":"publish","type":"page","link":"https:\/\/centros.unileon.es\/derecho\/i-congreso-nacional-penitenciario-legionense\/","title":{"rendered":"I Congreso Nacional Penitenciario Legionense"},"content":{"rendered":"El \u00c1rea de Derecho Penal de la Facultad de Derecho organiza el I Congreso Nacional Penitenciario Legionense que tratar\u00e1 sobre \u00abPrisi\u00f3n, sociedad y normas penales: un equilibrio inestable\u00bb.\r\n\r\n<strong>Fechas de celebraci\u00f3n:<\/strong> Jueves 8 de mayo de 2014 a partir de las 16:00 horas y Viernes 9 de mayo de 2014 a partir de las 16:15 horas.\r\n\r\n<strong>Lugar de celebraci\u00f3n: <\/strong>Sal\u00f3n de Grados de la Facultad de Derecho.\r\n\r\nPara m\u00e1s informaci\u00f3n sobre forma de inscripci\u00f3n pinchar <a href=\"http:\/\/centros.unileon.es\/derecho\/files\/2014\/04\/I-CONGRESO-NACIONAL-PENITENCIARIO-LEGIONENSE.pdf\">aqu\u00ed<\/a>.\r\n\r\nPara m\u00e1s informaci\u00f3n sobre el desarrollo de las sesiones consultar el <a href=\"http:\/\/centros.unileon.es\/derecho\/files\/2014\/04\/Tr\u00edptico-I-Congreso-Nacional-Penitenciario-Legionense.pdf\">tr\u00edptico informativo<\/a>.\r\n\r\nLas sesiones del Congreso pueden ser visualizadas mediante streaming a trav\u00e9s del siguiente enlace:\r\n<h3 style=\"font-family: arial,sans-serif; font-size: medium; font-weight: normal; margin: 0px; padding-top: 0px; padding-right: 0px; padding-left: 0px; overflow: hidden; text-overflow: ellipsis; white-space: nowrap;\">\u00a0<a href=\"https:\/\/videos.unileon.es\/es\/directo\/8.html\" target=\"_blank\">https:\/\/videos.unileon.<wbr \/>es\/es\/directo\/8.html<\/a><\/h3>","protected":false},"excerpt":{"rendered":"<p>El \u00c1rea de Derecho Penal de la Facultad de Derecho organiza el I Congreso Nacional Penitenciario Legionense que tratar\u00e1 sobre \u00abPrisi\u00f3n, sociedad y normas penales: un equilibrio inestable\u00bb. Fechas de celebraci\u00f3n: Jueves 8 de mayo de 2014 a partir de las 16:00 horas y Viernes 9 de mayo de 2014 a partir de las 16:15 [&hellip;]<\/p>\n","protected":false},"author":67,"featured_media":0,"parent":0,"menu_order":0,"comment_status":"closed","ping_status":"open","template":"","meta":{"footnotes":""},"class_list":["post-489","page","type-page","status-publish","hentry"],"_links":{"self":[{"href":"https:\/\/centros.unileon.es\/derecho\/wp-json\/wp\/v2\/pages\/489","targetHints":{"allow":["GET"]}}],"collection":[{"href":"https:\/\/centros.unileon.es\/derecho\/wp-json\/wp\/v2\/pages"}],"about":[{"href":"https:\/\/centros.unileon.es\/derecho\/wp-json\/wp\/v2\/types\/page"}],"author":[{"embeddable":true,"href":"https:\/\/centros.unileon.es\/derecho\/wp-json\/wp\/v2\/users\/67"}],"replies":[{"embeddable":true,"href":"https:\/\/centros.unileon.es\/derecho\/wp-json\/wp\/v2\/comments?post=489"}],"version-history":[{"count":4,"href":"https:\/\/centros.unileon.es\/derecho\/wp-json\/wp\/v2\/pages\/489\/revisions"}],"predecessor-version":[{"id":500,"href":"https:\/\/centros.unileon.es\/derecho\/wp-json\/wp\/v2\/pages\/489\/revisions\/500"}],"wp:attachment":[{"href":"https:\/\/centros.unileon.es\/derecho\/wp-json\/wp\/v2\/media?parent=489"}],"curies":[{"name":"wp","href":"https:\/\/api.w.org\/{rel}","templated":true}]}}