{"id":4882,"date":"2022-09-19T15:25:42","date_gmt":"2022-09-19T15:25:42","guid":{"rendered":"https:\/\/centros.unileon.es\/derecho\/?page_id=4882"},"modified":"2022-09-19T15:31:06","modified_gmt":"2022-09-19T15:31:06","slug":"jornadas-de-prevencion-de-riesgos-laborales-del-19-al-22-de-septiembre-de-2022","status":"publish","type":"page","link":"https:\/\/centros.unileon.es\/derecho\/jornadas-de-prevencion-de-riesgos-laborales-del-19-al-22-de-septiembre-de-2022\/","title":{"rendered":"Jornadas de Prevenci\u00f3n de Riesgos Laborales, del 19 al 22 de septiembre de 2022"},"content":{"rendered":"<strong>PROTECCI\u00d3N DE LA SEGURIDAD Y SALUD LABORAL EN LOS SECTORES PRODUCTIVOS ESTRAT\u00c9GICOS EN CASTILLA Y LE\u00d3N: COLECTIVOS ESPECIALMENTE SENSIBLES Y RIESGOS HEREDADOS Y EMERGENTES<\/strong>\r\n<p style=\"text-align: justify;\">El \u00c1rea de Derecho del Trabajo y de la Seguridad Social organiza las Jornadas de Prevenci\u00f3n y Riesgos Laborales de la Universidad de Le\u00f3n que tendr\u00e1 como objeto de debate la: \u201cProtecci\u00f3n de la Seguridad y Salud Laboral en los sectores productivos estrat\u00e9gicos en Castilla y Le\u00f3n: Colectivos especialmente sensibles y riesgos heredados y emergentes\u201d. Financiadas por la Consejer\u00eda de Industria, Comercio y Empleo de la Junta de Castilla y Le\u00f3n (UNIVERSI\/22\/LE\/0001).<\/p>\r\n\r\n<ul>\r\n \t<li><strong>Lugar:<\/strong> Sal\u00f3n de Grados de las Facultades de Derecho y Ciencias del Trabajo.<\/li>\r\n \t<li><strong>Fecha y Hora:<\/strong> Del 19 al 22 de septiembre de 2022, de 16:00 a 20:00 hs.<\/li>\r\n \t<li style=\"text-align: justify;\"><a href=\"https:\/\/centros.unileon.es\/derecho\/files\/2022\/09\/2022.09.19.-PROGRAMA-JORNADAS-LEON-2022.pdf\">Programa<\/a><\/li>\r\n<\/ul>","protected":false},"excerpt":{"rendered":"<p>PROTECCI\u00d3N DE LA SEGURIDAD Y SALUD LABORAL EN LOS SECTORES PRODUCTIVOS ESTRAT\u00c9GICOS EN CASTILLA Y LE\u00d3N: COLECTIVOS ESPECIALMENTE SENSIBLES Y RIESGOS HEREDADOS Y EMERGENTES El \u00c1rea de Derecho del Trabajo y de la Seguridad Social organiza las Jornadas de Prevenci\u00f3n y Riesgos Laborales de la Universidad de Le\u00f3n que tendr\u00e1 como objeto de debate la: [&hellip;]<\/p>\n","protected":false},"author":149,"featured_media":0,"parent":0,"menu_order":0,"comment_status":"closed","ping_status":"closed","template":"","meta":{"footnotes":""},"class_list":["post-4882","page","type-page","status-publish","hentry"],"_links":{"self":[{"href":"https:\/\/centros.unileon.es\/derecho\/wp-json\/wp\/v2\/pages\/4882","targetHints":{"allow":["GET"]}}],"collection":[{"href":"https:\/\/centros.unileon.es\/derecho\/wp-json\/wp\/v2\/pages"}],"about":[{"href":"https:\/\/centros.unileon.es\/derecho\/wp-json\/wp\/v2\/types\/page"}],"author":[{"embeddable":true,"href":"https:\/\/centros.unileon.es\/derecho\/wp-json\/wp\/v2\/users\/149"}],"replies":[{"embeddable":true,"href":"https:\/\/centros.unileon.es\/derecho\/wp-json\/wp\/v2\/comments?post=4882"}],"version-history":[{"count":3,"href":"https:\/\/centros.unileon.es\/derecho\/wp-json\/wp\/v2\/pages\/4882\/revisions"}],"predecessor-version":[{"id":4886,"href":"https:\/\/centros.unileon.es\/derecho\/wp-json\/wp\/v2\/pages\/4882\/revisions\/4886"}],"wp:attachment":[{"href":"https:\/\/centros.unileon.es\/derecho\/wp-json\/wp\/v2\/media?parent=4882"}],"curies":[{"name":"wp","href":"https:\/\/api.w.org\/{rel}","templated":true}]}}