{"id":4848,"date":"2022-09-06T20:21:38","date_gmt":"2022-09-06T20:21:38","guid":{"rendered":"https:\/\/centros.unileon.es\/derecho\/?page_id=4848"},"modified":"2022-09-07T12:22:01","modified_gmt":"2022-09-07T12:22:01","slug":"ix-encuentro-de-la-seccion-juvenil-de-la-asociacion-espanola-de-derecho-del-trabajo-y-de-la-seguridad-social-aedtss-8-y-9-de-septiembre-de-2022","status":"publish","type":"page","link":"https:\/\/centros.unileon.es\/derecho\/ix-encuentro-de-la-seccion-juvenil-de-la-asociacion-espanola-de-derecho-del-trabajo-y-de-la-seguridad-social-aedtss-8-y-9-de-septiembre-de-2022\/","title":{"rendered":"IX Encuentro de la Secci\u00f3n Juvenil de la Asociaci\u00f3n Espa\u00f1ola de Derecho del Trabajo y de la Seguridad Social (AEDTSS), 8 y 9 de septiembre de 2022"},"content":{"rendered":"<a href=\"https:\/\/centros.unileon.es\/derecho\/files\/2022\/09\/F.-Derecho-5.jpg\"><img loading=\"lazy\" decoding=\"async\" class=\" wp-image-4854\" src=\"https:\/\/centros.unileon.es\/derecho\/files\/2022\/09\/F.-Derecho-5.jpg\" alt=\"\" width=\"422\" height=\"275\" \/><\/a>\r\n<p style=\"text-align: justify;\">Las Facultades de Derecho y Ciencias del Trabajo de la Universidad de Le\u00f3n, acogen el IX Encuentro de la Secci\u00f3n Juvenil de la AEDTSS: \u201cNuevas respuestas jur\u00eddicas ante un escenario laboral cambiante\u201d, Coorganizado por la Asociaci\u00f3n Espa\u00f1ola de Derecho del Trabajo y de la Seguridad Social Excelent\u00edsimo Colegio de Graduados Sociales.<\/p>\r\n<p style=\"text-align: justify;\">El Encuentro de la Secci\u00f3n Juvenil se realiza con car\u00e1cter anual y se ha convertido en principal foro de debate de la juventud iuslaboralista en Espa\u00f1a. Se puede participar en dos tipos de actividades: talleres cient\u00edficos, en los que cada participante expone durante 15 minutos una sentencia a su elecci\u00f3n; talleres docentes, en los que se explica una experiencia docente, con el mismo tiempo. En ambos casos, las exposiciones son seguidas de un debate.<\/p>\r\n\r\n<ul>\r\n \t<li><strong>Lugar:<\/strong> Sal\u00f3n de Grados de las Facultades de Derecho y Ciencias del Trabajo y Aula 1 C.<\/li>\r\n \t<li><strong>Fecha y Hora:<\/strong> 8 y 9 de septiembre de 2022, de 10:30 a 18:00 hs.<\/li>\r\n \t<li><a href=\"https:\/\/centros.unileon.es\/derecho\/files\/2022\/09\/2022.09.06.-Programa-IX-Encuentro-AEDTSS-Trabajo.pdf\"><strong>Programa<\/strong><\/a><\/li>\r\n<\/ul>\r\n&nbsp;","protected":false},"excerpt":{"rendered":"<p>Las Facultades de Derecho y Ciencias del Trabajo de la Universidad de Le\u00f3n, acogen el IX Encuentro de la Secci\u00f3n Juvenil de la AEDTSS: \u201cNuevas respuestas jur\u00eddicas ante un escenario laboral cambiante\u201d, Coorganizado por la Asociaci\u00f3n Espa\u00f1ola de Derecho del Trabajo y de la Seguridad Social Excelent\u00edsimo Colegio de Graduados Sociales. El Encuentro de la [&hellip;]<\/p>\n","protected":false},"author":149,"featured_media":0,"parent":0,"menu_order":0,"comment_status":"closed","ping_status":"closed","template":"","meta":{"footnotes":""},"class_list":["post-4848","page","type-page","status-publish","hentry"],"_links":{"self":[{"href":"https:\/\/centros.unileon.es\/derecho\/wp-json\/wp\/v2\/pages\/4848","targetHints":{"allow":["GET"]}}],"collection":[{"href":"https:\/\/centros.unileon.es\/derecho\/wp-json\/wp\/v2\/pages"}],"about":[{"href":"https:\/\/centros.unileon.es\/derecho\/wp-json\/wp\/v2\/types\/page"}],"author":[{"embeddable":true,"href":"https:\/\/centros.unileon.es\/derecho\/wp-json\/wp\/v2\/users\/149"}],"replies":[{"embeddable":true,"href":"https:\/\/centros.unileon.es\/derecho\/wp-json\/wp\/v2\/comments?post=4848"}],"version-history":[{"count":5,"href":"https:\/\/centros.unileon.es\/derecho\/wp-json\/wp\/v2\/pages\/4848\/revisions"}],"predecessor-version":[{"id":4866,"href":"https:\/\/centros.unileon.es\/derecho\/wp-json\/wp\/v2\/pages\/4848\/revisions\/4866"}],"wp:attachment":[{"href":"https:\/\/centros.unileon.es\/derecho\/wp-json\/wp\/v2\/media?parent=4848"}],"curies":[{"name":"wp","href":"https:\/\/api.w.org\/{rel}","templated":true}]}}