{"id":4827,"date":"2022-09-02T11:52:58","date_gmt":"2022-09-02T11:52:58","guid":{"rendered":"https:\/\/centros.unileon.es\/derecho\/?page_id=4827"},"modified":"2022-09-02T11:55:40","modified_gmt":"2022-09-02T11:55:40","slug":"vii-congreso-nacional-penitenciario-legionense-20-y-21-de-septiembre-de-2022","status":"publish","type":"page","link":"https:\/\/centros.unileon.es\/derecho\/vii-congreso-nacional-penitenciario-legionense-20-y-21-de-septiembre-de-2022\/","title":{"rendered":"VII Congreso Nacional Penitenciario Legionense, 20 y 21 de septiembre de 2022"},"content":{"rendered":"<a href=\"https:\/\/centros.unileon.es\/derecho\/files\/2022\/09\/F.-Derecho-1.jpg\"><img loading=\"lazy\" decoding=\"async\" class=\"alignnone  wp-image-4833\" src=\"https:\/\/centros.unileon.es\/derecho\/files\/2022\/09\/F.-Derecho-1.jpg\" alt=\"\" width=\"376\" height=\"249\" \/><\/a>\r\n<p style=\"text-align: justify;\">La Facultad de Derecho de la Universidad de Le\u00f3n acoge el <strong>VII Congreso Nacional Penitenciario Legionense: \u00abPasado, presente y futuro de la prisi\u00f3n en Espa\u00f1a\u00bb<\/strong>, que contar\u00e1 con las intervenciones de Javier Nistal Bur\u00f3n (Jurista del Cuerpo Superior de T\u00e9cnicos de Instituciones Penitenciarias), Jos\u00e9 Ram\u00f3n L\u00f3pez Santamar\u00eda (Presidente de ACAIP), Antonio Andr\u00e9s Laso (Jurista del Cuerpo Superior de T\u00e9cnicos de Instituciones Penitenciarias y Profesor Asociado de la Universidad de Valladolid) y Ricardo Mata y Mart\u00edn (Catedr\u00e1tico de Derecho Penal de la Universidad de Valladolid).<\/p>\r\n\r\n<ul style=\"list-style-type: disc;\">\r\n \t<li><strong>Lugar:<\/strong> Sal\u00f3n de Grados de la Facultad de Derecho.<\/li>\r\n \t<li><strong>Fecha y hora:<\/strong> D\u00edas 20 y 21 de septiembre, desde las 16:00 hs.<\/li>\r\n \t<li><strong>Inscripci\u00f3n:<\/strong> Gratuita enviando un correo a matrab@unileon.es<\/li>\r\n \t<li><a href=\"https:\/\/centros.unileon.es\/derecho\/files\/2022\/09\/2022.09.02.-CartelVII-Congreso-Nacional-Penitenciario-Legionense.pdf\"><strong>Programa<\/strong><\/a><\/li>\r\n<\/ul>\r\n&nbsp;","protected":false},"excerpt":{"rendered":"<p>La Facultad de Derecho de la Universidad de Le\u00f3n acoge el VII Congreso Nacional Penitenciario Legionense: \u00abPasado, presente y futuro de la prisi\u00f3n en Espa\u00f1a\u00bb, que contar\u00e1 con las intervenciones de Javier Nistal Bur\u00f3n (Jurista del Cuerpo Superior de T\u00e9cnicos de Instituciones Penitenciarias), Jos\u00e9 Ram\u00f3n L\u00f3pez Santamar\u00eda (Presidente de ACAIP), Antonio Andr\u00e9s Laso (Jurista del [&hellip;]<\/p>\n","protected":false},"author":149,"featured_media":0,"parent":0,"menu_order":0,"comment_status":"closed","ping_status":"closed","template":"","meta":{"footnotes":""},"class_list":["post-4827","page","type-page","status-publish","hentry"],"_links":{"self":[{"href":"https:\/\/centros.unileon.es\/derecho\/wp-json\/wp\/v2\/pages\/4827","targetHints":{"allow":["GET"]}}],"collection":[{"href":"https:\/\/centros.unileon.es\/derecho\/wp-json\/wp\/v2\/pages"}],"about":[{"href":"https:\/\/centros.unileon.es\/derecho\/wp-json\/wp\/v2\/types\/page"}],"author":[{"embeddable":true,"href":"https:\/\/centros.unileon.es\/derecho\/wp-json\/wp\/v2\/users\/149"}],"replies":[{"embeddable":true,"href":"https:\/\/centros.unileon.es\/derecho\/wp-json\/wp\/v2\/comments?post=4827"}],"version-history":[{"count":4,"href":"https:\/\/centros.unileon.es\/derecho\/wp-json\/wp\/v2\/pages\/4827\/revisions"}],"predecessor-version":[{"id":4834,"href":"https:\/\/centros.unileon.es\/derecho\/wp-json\/wp\/v2\/pages\/4827\/revisions\/4834"}],"wp:attachment":[{"href":"https:\/\/centros.unileon.es\/derecho\/wp-json\/wp\/v2\/media?parent=4827"}],"curies":[{"name":"wp","href":"https:\/\/api.w.org\/{rel}","templated":true}]}}