{"id":480,"date":"2014-03-24T08:46:32","date_gmt":"2014-03-24T08:46:32","guid":{"rendered":"http:\/\/centros.unileon.es\/derecho\/?page_id=480"},"modified":"2014-03-24T08:46:32","modified_gmt":"2014-03-24T08:46:32","slug":"conferencia-el-consejo-de-defensa-del-contribuyente","status":"publish","type":"page","link":"https:\/\/centros.unileon.es\/derecho\/conferencia-el-consejo-de-defensa-del-contribuyente\/","title":{"rendered":"Conferencia. El Consejo de Defensa del Contribuyente"},"content":{"rendered":"El \u00c1rea de Derecho Financiero y Tributario organiza una Conferencia sobre \u00abEl Consejo de Defensa del Contribuyente: Regulaci\u00f3n y Funcionamiento\u00bb impartida por D. Antonio Cay\u00f3n Galiardo.\r\n\r\nFecha: Viernes 28 de marzo de 2014 a las 9.30 horas.\r\n\r\nLugar: Sal\u00f3n de Grados de la Facultad de Derecho.\r\n\r\nPara m\u00e1s informaci\u00f3n pinchar <a href=\"http:\/\/centros.unileon.es\/derecho\/files\/2014\/03\/Cartel-Derecho-Financiero-y-Tributario-Defensa-Contribuyente.pdf\">aqu\u00ed<\/a>.","protected":false},"excerpt":{"rendered":"<p>El \u00c1rea de Derecho Financiero y Tributario organiza una Conferencia sobre \u00abEl Consejo de Defensa del Contribuyente: Regulaci\u00f3n y Funcionamiento\u00bb impartida por D. Antonio Cay\u00f3n Galiardo. Fecha: Viernes 28 de marzo de 2014 a las 9.30 horas. Lugar: Sal\u00f3n de Grados de la Facultad de Derecho. Para m\u00e1s informaci\u00f3n pinchar aqu\u00ed.<\/p>\n","protected":false},"author":67,"featured_media":0,"parent":0,"menu_order":0,"comment_status":"closed","ping_status":"open","template":"","meta":{"footnotes":""},"class_list":["post-480","page","type-page","status-publish","hentry"],"_links":{"self":[{"href":"https:\/\/centros.unileon.es\/derecho\/wp-json\/wp\/v2\/pages\/480","targetHints":{"allow":["GET"]}}],"collection":[{"href":"https:\/\/centros.unileon.es\/derecho\/wp-json\/wp\/v2\/pages"}],"about":[{"href":"https:\/\/centros.unileon.es\/derecho\/wp-json\/wp\/v2\/types\/page"}],"author":[{"embeddable":true,"href":"https:\/\/centros.unileon.es\/derecho\/wp-json\/wp\/v2\/users\/67"}],"replies":[{"embeddable":true,"href":"https:\/\/centros.unileon.es\/derecho\/wp-json\/wp\/v2\/comments?post=480"}],"version-history":[{"count":1,"href":"https:\/\/centros.unileon.es\/derecho\/wp-json\/wp\/v2\/pages\/480\/revisions"}],"predecessor-version":[{"id":482,"href":"https:\/\/centros.unileon.es\/derecho\/wp-json\/wp\/v2\/pages\/480\/revisions\/482"}],"wp:attachment":[{"href":"https:\/\/centros.unileon.es\/derecho\/wp-json\/wp\/v2\/media?parent=480"}],"curies":[{"name":"wp","href":"https:\/\/api.w.org\/{rel}","templated":true}]}}