{"id":4769,"date":"2022-07-11T08:50:16","date_gmt":"2022-07-11T08:50:16","guid":{"rendered":"https:\/\/centros.unileon.es\/derecho\/?page_id=4769"},"modified":"2022-07-11T08:51:34","modified_gmt":"2022-07-11T08:51:34","slug":"seminario-internacional-retos-actuales-del-derecho-en-europa-e-iberoamerica-7-de-julio-de-2022","status":"publish","type":"page","link":"https:\/\/centros.unileon.es\/derecho\/seminario-internacional-retos-actuales-del-derecho-en-europa-e-iberoamerica-7-de-julio-de-2022\/","title":{"rendered":"Seminario Internacional \u00abRetos Actuales del Derecho en Europa e Iberoam\u00e9rica\u00bb, 7 de julio de 2022"},"content":{"rendered":"<a href=\"https:\/\/centros.unileon.es\/derecho\/files\/2022\/07\/2022.07.06.-V2-cartel-seminario-internacional-2.jpg\"><img loading=\"lazy\" decoding=\"async\" class=\"alignnone wp-image-4770\" src=\"https:\/\/centros.unileon.es\/derecho\/files\/2022\/07\/2022.07.06.-V2-cartel-seminario-internacional-2.jpg\" alt=\"\" width=\"600\" height=\"166\" \/><\/a>\r\n<p style=\"text-align: justify;\">Las Facultades de Derecho y Ciencias del Trabajo en colaboraci\u00f3n con la Fundaci\u00f3n Sierra Pambley han organizado el Seminario Internacional Retos Actuales del Derecho en Europa e Iberoam\u00e9rica, dirigido a estudiantes del Programa BIP ERASMUS (Blended Intensive Programme) Le\u00f3n-2022: Marco normativo europeo de la prevenci\u00f3n de riesgos laborales: una experiencia innovadora probando EPIS en Le\u00f3n, provenientes de las Universidades de Lisboa (Portugal) y Mercatorum de Roma (Italia). El Seminario est\u00e1 abierto tambi\u00e9n a los estudiantes de los Doctorados en Derecho: \u00abProtecci\u00f3n Jur\u00eddica y Cohesi\u00f3n Social\u00bb y \u201cResponsabilidad Jur\u00eddica: Estudio Multidisciplinar.<\/p>\r\n<p style=\"text-align: justify;\">Tras una visita al Museo Sierra Pambley, la Bibliteca Azc\u00e1rate acoger\u00e1 el Acto Acad\u00e9mico presentado por el Decano de la Facultad de Derecho de la Universidad de Le\u00f3n, Prof. Dr. D. Salvador Tarodo Soria; y, el Decano de la Facultad de Ciencias del Trabajo, Prof. Dr. D. Gustavo Quir\u00f3s Hidalgo. Intervendr\u00e1n la Prof. Dra. D\u00f1a. Delia Mu\u00f1oz Mu\u00f1oz, Coordinadora de la Maestr\u00eda en Soluci\u00f3n de Conflictos de la Universidad de San Mart\u00edn de Porres, Per\u00fa, que disertar\u00e1 sobre \u00abJuzgamientos por terrorismo: el caso peruano ante la Corte Interamericana\u00bb; el Prof. Dr. D. Emilio O\u00f1ate Vera, Decano de la Facultad de Derecho y Humanidades de la Universidad Central de Chile, \u00abReflesiones y perspectivas sobre el proceso constituyente chileno\u00bb; el Prof. Dr. D. Marco Mocella, Professore ordinario di Diritto del Lavoro dell&#8217;a Universit\u00e0 Merctorum, \u00abPrevenci\u00f3n de riesgos laborales en el ordenamiento italiano\u00bb; y la Profa. Dra.\u00a0 D\u00f1a. S\u00f3nia Pedroso Gon\u00e7alves, Coordenadora-Adjunta da Unidade de Coordena\u00e7\u00e3o de Gest\u00e3o e Pol\u00edticas de Recursos Humanos, Instituto Superior de Ci\u00eancias Sociais e Pol\u00edticas (ISCSP) Universidade de Lisboa, \u00abSeguran\u00e7a e sa\u00fade no trabalho en tempo de pandemia: um estudo com empresas portuguesas\u00bb.<\/p>\r\n\r\n<ul>\r\n \t<li><strong>Lugar:<\/strong> Biblioteca Azc\u00e1rate, Fundaci\u00f3n Sierra Pambley, c\/ Sierra Pambley, n\u00ba 2.<\/li>\r\n \t<li><strong>Fecha y hora:<\/strong> 7 de julio de 2022, 18:00 hs.<\/li>\r\n<\/ul>\r\nAsistencia libre hasta completar el aforo.\r\n\r\n<a href=\"https:\/\/centros.unileon.es\/derecho\/files\/2022\/07\/2022.07.06.-V2-cartel-seminario-internacional.jpg\"><img loading=\"lazy\" decoding=\"async\" class=\"alignnone wp-image-4771\" src=\"https:\/\/centros.unileon.es\/derecho\/files\/2022\/07\/2022.07.06.-V2-cartel-seminario-internacional.jpg\" alt=\"\" width=\"539\" height=\"762\" \/><\/a>","protected":false},"excerpt":{"rendered":"<p>Las Facultades de Derecho y Ciencias del Trabajo en colaboraci\u00f3n con la Fundaci\u00f3n Sierra Pambley han organizado el Seminario Internacional Retos Actuales del Derecho en Europa e Iberoam\u00e9rica, dirigido a estudiantes del Programa BIP ERASMUS (Blended Intensive Programme) Le\u00f3n-2022: Marco normativo europeo de la prevenci\u00f3n de riesgos laborales: una experiencia innovadora probando EPIS en Le\u00f3n, [&hellip;]<\/p>\n","protected":false},"author":149,"featured_media":0,"parent":0,"menu_order":0,"comment_status":"closed","ping_status":"closed","template":"","meta":{"footnotes":""},"class_list":["post-4769","page","type-page","status-publish","hentry"],"_links":{"self":[{"href":"https:\/\/centros.unileon.es\/derecho\/wp-json\/wp\/v2\/pages\/4769","targetHints":{"allow":["GET"]}}],"collection":[{"href":"https:\/\/centros.unileon.es\/derecho\/wp-json\/wp\/v2\/pages"}],"about":[{"href":"https:\/\/centros.unileon.es\/derecho\/wp-json\/wp\/v2\/types\/page"}],"author":[{"embeddable":true,"href":"https:\/\/centros.unileon.es\/derecho\/wp-json\/wp\/v2\/users\/149"}],"replies":[{"embeddable":true,"href":"https:\/\/centros.unileon.es\/derecho\/wp-json\/wp\/v2\/comments?post=4769"}],"version-history":[{"count":2,"href":"https:\/\/centros.unileon.es\/derecho\/wp-json\/wp\/v2\/pages\/4769\/revisions"}],"predecessor-version":[{"id":4774,"href":"https:\/\/centros.unileon.es\/derecho\/wp-json\/wp\/v2\/pages\/4769\/revisions\/4774"}],"wp:attachment":[{"href":"https:\/\/centros.unileon.es\/derecho\/wp-json\/wp\/v2\/media?parent=4769"}],"curies":[{"name":"wp","href":"https:\/\/api.w.org\/{rel}","templated":true}]}}