{"id":4744,"date":"2022-06-23T16:00:47","date_gmt":"2022-06-23T16:00:47","guid":{"rendered":"https:\/\/centros.unileon.es\/derecho\/?page_id=4744"},"modified":"2022-07-03T21:48:43","modified_gmt":"2022-07-03T21:48:43","slug":"curso-de-verano-herramientas-para-fijar-ponblacion-en-territorios-rurales-a-la-luz-de-las-ultimas-reformas-laborales-6-y-7-de-julio-de-2022","status":"publish","type":"page","link":"https:\/\/centros.unileon.es\/derecho\/curso-de-verano-herramientas-para-fijar-ponblacion-en-territorios-rurales-a-la-luz-de-las-ultimas-reformas-laborales-6-y-7-de-julio-de-2022\/","title":{"rendered":"Curso de Verano: Herramientas para fijar poblaci\u00f3n en territorios rurales a la luz de las \u00faltimas reformas laborales, 6 y 7 de julio de 2022."},"content":{"rendered":"<p style=\"text-align: justify;\">Durante los d\u00edas 6 y 7 de julio, la Colegiata de San Isidoro acoger\u00e1 el Curso de verano Herramientas para fijar ponblaci\u00f3n en territorios rurales a la luz de las \u00faltimas reformas laborales.<\/p>\r\n\r\n<ul>\r\n \t<li>Lugar: Colegiata de San Isidoro<\/li>\r\n \t<li>Fecha: 6 y 7 de julio de 2022.<\/li>\r\n \t<li>Inscripciones: <a href=\"http:\/\/extensionuniversitaria.unileon.es\/euniversitaria\/curso.aspx?id=2383\">http:\/\/extensionuniversitaria.unileon.es\/euniversitaria\/curso.aspx?id=2383<\/a><\/li>\r\n \t<li>Informaci\u00f3n: <a href=\"mailto:ulesci@unileon.es\">ulesci@unileon.es<\/a>,<\/li>\r\n \t<li><a href=\"https:\/\/centros.unileon.es\/derecho\/files\/2022\/06\/2022.07.06.-CV006-Herramientas-para-fijar-poblacio\u0301n-en-territorios-rurales-a-luz-de-las-u\u0301ltimas-reformas-laborales-TRA.pdf\">Programa del Curso.<\/a><\/li>\r\n<\/ul>","protected":false},"excerpt":{"rendered":"<p>Durante los d\u00edas 6 y 7 de julio, la Colegiata de San Isidoro acoger\u00e1 el Curso de verano Herramientas para fijar ponblaci\u00f3n en territorios rurales a la luz de las \u00faltimas reformas laborales. Lugar: Colegiata de San Isidoro Fecha: 6 y 7 de julio de 2022. Inscripciones: http:\/\/extensionuniversitaria.unileon.es\/euniversitaria\/curso.aspx?id=2383 Informaci\u00f3n: ulesci@unileon.es, Programa del Curso.<\/p>\n","protected":false},"author":149,"featured_media":0,"parent":0,"menu_order":0,"comment_status":"closed","ping_status":"closed","template":"","meta":{"footnotes":""},"class_list":["post-4744","page","type-page","status-publish","hentry"],"_links":{"self":[{"href":"https:\/\/centros.unileon.es\/derecho\/wp-json\/wp\/v2\/pages\/4744","targetHints":{"allow":["GET"]}}],"collection":[{"href":"https:\/\/centros.unileon.es\/derecho\/wp-json\/wp\/v2\/pages"}],"about":[{"href":"https:\/\/centros.unileon.es\/derecho\/wp-json\/wp\/v2\/types\/page"}],"author":[{"embeddable":true,"href":"https:\/\/centros.unileon.es\/derecho\/wp-json\/wp\/v2\/users\/149"}],"replies":[{"embeddable":true,"href":"https:\/\/centros.unileon.es\/derecho\/wp-json\/wp\/v2\/comments?post=4744"}],"version-history":[{"count":3,"href":"https:\/\/centros.unileon.es\/derecho\/wp-json\/wp\/v2\/pages\/4744\/revisions"}],"predecessor-version":[{"id":4757,"href":"https:\/\/centros.unileon.es\/derecho\/wp-json\/wp\/v2\/pages\/4744\/revisions\/4757"}],"wp:attachment":[{"href":"https:\/\/centros.unileon.es\/derecho\/wp-json\/wp\/v2\/media?parent=4744"}],"curies":[{"name":"wp","href":"https:\/\/api.w.org\/{rel}","templated":true}]}}