{"id":474,"date":"2014-02-26T13:01:48","date_gmt":"2014-02-26T13:01:48","guid":{"rendered":"http:\/\/centros.unileon.es\/derecho\/?page_id=474"},"modified":"2014-02-26T13:02:19","modified_gmt":"2014-02-26T13:02:19","slug":"jornada-sobre-salidas-profesionales","status":"publish","type":"page","link":"https:\/\/centros.unileon.es\/derecho\/jornada-sobre-salidas-profesionales\/","title":{"rendered":"Jornada sobre Salidas Profesionales"},"content":{"rendered":"El Decanato y la Delegaci\u00f3n de Alumnos de la Facultad de Derecho organizan una Jornada sobre Salidas Profesionales.\r\n\r\nLugar: Sal\u00f3n de Grados de la Facultad de Derecho.\r\n\r\nFechas: 6 y 7 de marzo de 2014.\r\n\r\nForma de inscripci\u00f3n: Inscribirse a trav\u00e9s de los Delegados de Clase.\r\n\r\nPara m\u00e1s informaci\u00f3n pinchar <a href=\"http:\/\/centros.unileon.es\/derecho\/files\/2014\/02\/Cartel-Jornadas-Salidas-Profesionales.jpg\">aqu\u00ed<\/a>.","protected":false},"excerpt":{"rendered":"<p>El Decanato y la Delegaci\u00f3n de Alumnos de la Facultad de Derecho organizan una Jornada sobre Salidas Profesionales. Lugar: Sal\u00f3n de Grados de la Facultad de Derecho. Fechas: 6 y 7 de marzo de 2014. Forma de inscripci\u00f3n: Inscribirse a trav\u00e9s de los Delegados de Clase. Para m\u00e1s informaci\u00f3n pinchar aqu\u00ed.<\/p>\n","protected":false},"author":67,"featured_media":0,"parent":0,"menu_order":0,"comment_status":"closed","ping_status":"open","template":"","meta":{"footnotes":""},"class_list":["post-474","page","type-page","status-publish","hentry"],"_links":{"self":[{"href":"https:\/\/centros.unileon.es\/derecho\/wp-json\/wp\/v2\/pages\/474","targetHints":{"allow":["GET"]}}],"collection":[{"href":"https:\/\/centros.unileon.es\/derecho\/wp-json\/wp\/v2\/pages"}],"about":[{"href":"https:\/\/centros.unileon.es\/derecho\/wp-json\/wp\/v2\/types\/page"}],"author":[{"embeddable":true,"href":"https:\/\/centros.unileon.es\/derecho\/wp-json\/wp\/v2\/users\/67"}],"replies":[{"embeddable":true,"href":"https:\/\/centros.unileon.es\/derecho\/wp-json\/wp\/v2\/comments?post=474"}],"version-history":[{"count":1,"href":"https:\/\/centros.unileon.es\/derecho\/wp-json\/wp\/v2\/pages\/474\/revisions"}],"predecessor-version":[{"id":476,"href":"https:\/\/centros.unileon.es\/derecho\/wp-json\/wp\/v2\/pages\/474\/revisions\/476"}],"wp:attachment":[{"href":"https:\/\/centros.unileon.es\/derecho\/wp-json\/wp\/v2\/media?parent=474"}],"curies":[{"name":"wp","href":"https:\/\/api.w.org\/{rel}","templated":true}]}}