{"id":4739,"date":"2022-06-23T15:18:42","date_gmt":"2022-06-23T15:18:42","guid":{"rendered":"https:\/\/centros.unileon.es\/derecho\/?page_id=4739"},"modified":"2022-06-23T15:19:03","modified_gmt":"2022-06-23T15:19:03","slug":"xxi-seminario-internacional-de-filosofia-del-derecho-y-derecho-penal-discurso-de-odio-y-delitos-de-odio","status":"publish","type":"page","link":"https:\/\/centros.unileon.es\/derecho\/xxi-seminario-internacional-de-filosofia-del-derecho-y-derecho-penal-discurso-de-odio-y-delitos-de-odio\/","title":{"rendered":"XXI Seminario Internacional de Filosof\u00eda del Derecho y Derecho Penal, 7 y 8 de julio."},"content":{"rendered":"La Facultad de Derecho de la Universidad de Le\u00f3n acoge la celebraci\u00f3n del XXI Seminario Internacional de Filosof\u00eda del Derecho y Derecho Penal que llevar\u00e1 por T\u00edtulo: Discurso de odio y delitos de odio\u00bb.\r\n<ul>\r\n \t<li>Fecha: d\u00edas 7 y 8 de julio.<\/li>\r\n \t<li>Lugar: Sal\u00f3n de Grados de la Facultad de Derecho de la Universidad de Le\u00f3n.<\/li>\r\n \t<li>Inscripci\u00f3n gratuita hasta completar el aforo en: <a href=\"mailto:day737@hotmail.com\">day737@hotmail.com<\/a><\/li>\r\n \t<li><a href=\"https:\/\/centros.unileon.es\/derecho\/files\/2022\/06\/2022.07.07.-Cartel-XXI-Seminario-de-FD-y-DP-Discurso-de-odio-y-delitos-de-odio.pdf\">Programa.<\/a><\/li>\r\n<\/ul>\r\n&nbsp;","protected":false},"excerpt":{"rendered":"<p>La Facultad de Derecho de la Universidad de Le\u00f3n acoge la celebraci\u00f3n del XXI Seminario Internacional de Filosof\u00eda del Derecho y Derecho Penal que llevar\u00e1 por T\u00edtulo: Discurso de odio y delitos de odio\u00bb. Fecha: d\u00edas 7 y 8 de julio. Lugar: Sal\u00f3n de Grados de la Facultad de Derecho de la Universidad de Le\u00f3n. [&hellip;]<\/p>\n","protected":false},"author":149,"featured_media":0,"parent":0,"menu_order":0,"comment_status":"closed","ping_status":"closed","template":"","meta":{"footnotes":""},"class_list":["post-4739","page","type-page","status-publish","hentry"],"_links":{"self":[{"href":"https:\/\/centros.unileon.es\/derecho\/wp-json\/wp\/v2\/pages\/4739","targetHints":{"allow":["GET"]}}],"collection":[{"href":"https:\/\/centros.unileon.es\/derecho\/wp-json\/wp\/v2\/pages"}],"about":[{"href":"https:\/\/centros.unileon.es\/derecho\/wp-json\/wp\/v2\/types\/page"}],"author":[{"embeddable":true,"href":"https:\/\/centros.unileon.es\/derecho\/wp-json\/wp\/v2\/users\/149"}],"replies":[{"embeddable":true,"href":"https:\/\/centros.unileon.es\/derecho\/wp-json\/wp\/v2\/comments?post=4739"}],"version-history":[{"count":2,"href":"https:\/\/centros.unileon.es\/derecho\/wp-json\/wp\/v2\/pages\/4739\/revisions"}],"predecessor-version":[{"id":4742,"href":"https:\/\/centros.unileon.es\/derecho\/wp-json\/wp\/v2\/pages\/4739\/revisions\/4742"}],"wp:attachment":[{"href":"https:\/\/centros.unileon.es\/derecho\/wp-json\/wp\/v2\/media?parent=4739"}],"curies":[{"name":"wp","href":"https:\/\/api.w.org\/{rel}","templated":true}]}}