{"id":4691,"date":"2022-06-14T05:41:43","date_gmt":"2022-06-14T05:41:43","guid":{"rendered":"https:\/\/centros.unileon.es\/derecho\/?page_id=4691"},"modified":"2022-07-03T21:51:52","modified_gmt":"2022-07-03T21:51:52","slug":"iv-seminario-iberoamericano-abogar-y-juzgar-en-el-siglo-xxi-del-29-de-junio-al-5-de-julio-de-2022","status":"publish","type":"page","link":"https:\/\/centros.unileon.es\/derecho\/iv-seminario-iberoamericano-abogar-y-juzgar-en-el-siglo-xxi-del-29-de-junio-al-5-de-julio-de-2022\/","title":{"rendered":"IV Seminario Iberoamericano Abogar y Juzgar en el Siglo XXI, del 29 de junio al 5 de julio de 2022"},"content":{"rendered":"<p style=\"text-align: justify;\">La Facultad de Derecho de la Universidad de Le\u00f3n acoge esta semana el IV Seminario Iberoamericano Abogar y Juzgar en el Siglo XXI que tendr\u00e1 como tema de reflexi\u00f3n \u00abDiscrecionalidad judicial, argumentaci\u00f3n y debido proceso\u00bb.<\/p>\r\n<p style=\"text-align: justify;\">Enlace al <a href=\"https:\/\/centros.unileon.es\/derecho\/files\/2022\/06\/2022.06.13.-IV-Seminario-Iberoamericano-Filosofia-del-Derecho.pdf\">Programa del evento<\/a><\/p>\r\n\r\n<ul>\r\n \t<li style=\"text-align: justify;\"><strong>Hora:<\/strong> 9:00 hs.<\/li>\r\n \t<li style=\"text-align: justify;\"><strong>Lugar:<\/strong> Sal\u00f3n de Grados de la Facultad de Derecho de la Universidad de Le\u00f3n, Campus de Vegazana.<\/li>\r\n<\/ul>","protected":false},"excerpt":{"rendered":"<p>La Facultad de Derecho de la Universidad de Le\u00f3n acoge esta semana el IV Seminario Iberoamericano Abogar y Juzgar en el Siglo XXI que tendr\u00e1 como tema de reflexi\u00f3n \u00abDiscrecionalidad judicial, argumentaci\u00f3n y debido proceso\u00bb. Enlace al Programa del evento Hora: 9:00 hs. Lugar: Sal\u00f3n de Grados de la Facultad de Derecho de la Universidad [&hellip;]<\/p>\n","protected":false},"author":149,"featured_media":0,"parent":0,"menu_order":0,"comment_status":"closed","ping_status":"closed","template":"","meta":{"footnotes":""},"class_list":["post-4691","page","type-page","status-publish","hentry"],"_links":{"self":[{"href":"https:\/\/centros.unileon.es\/derecho\/wp-json\/wp\/v2\/pages\/4691","targetHints":{"allow":["GET"]}}],"collection":[{"href":"https:\/\/centros.unileon.es\/derecho\/wp-json\/wp\/v2\/pages"}],"about":[{"href":"https:\/\/centros.unileon.es\/derecho\/wp-json\/wp\/v2\/types\/page"}],"author":[{"embeddable":true,"href":"https:\/\/centros.unileon.es\/derecho\/wp-json\/wp\/v2\/users\/149"}],"replies":[{"embeddable":true,"href":"https:\/\/centros.unileon.es\/derecho\/wp-json\/wp\/v2\/comments?post=4691"}],"version-history":[{"count":3,"href":"https:\/\/centros.unileon.es\/derecho\/wp-json\/wp\/v2\/pages\/4691\/revisions"}],"predecessor-version":[{"id":4760,"href":"https:\/\/centros.unileon.es\/derecho\/wp-json\/wp\/v2\/pages\/4691\/revisions\/4760"}],"wp:attachment":[{"href":"https:\/\/centros.unileon.es\/derecho\/wp-json\/wp\/v2\/media?parent=4691"}],"curies":[{"name":"wp","href":"https:\/\/api.w.org\/{rel}","templated":true}]}}