{"id":466,"date":"2014-02-20T13:37:50","date_gmt":"2014-02-20T13:37:50","guid":{"rendered":"http:\/\/centros.unileon.es\/derecho\/?page_id=466"},"modified":"2014-02-20T13:38:11","modified_gmt":"2014-02-20T13:38:11","slug":"jornada-sobre-algunas-problemas-de-las-publicaciones-juridicas-y-del-derecho-en-internet-nuevas-tecnologias-y-propiedad-intelectual","status":"publish","type":"page","link":"https:\/\/centros.unileon.es\/derecho\/jornada-sobre-algunas-problemas-de-las-publicaciones-juridicas-y-del-derecho-en-internet-nuevas-tecnologias-y-propiedad-intelectual\/","title":{"rendered":"Jornada sobre Algunos Problemas de las Publicaciones Jur\u00eddicas y del Derecho en Internet: Nuevas Tecnolog\u00edas y Propiedad Intelectual"},"content":{"rendered":"<p style=\"text-align: justify;\">Las \u00c1reas de Derecho Penal y Filosof\u00eda del Derecho de la Facultad de Derecho organizan la \u00abJornada sobre Algunos Problemas de las Publicaciones Jur\u00eddicas y del Derecho en Internet: Nuevas Tecnolog\u00edas y Propiedad Intelectual\u00bb.<\/p>\r\n<p style=\"text-align: justify;\">Fecha de celebraci\u00f3n: 28 de febrero de 2014.<\/p>\r\n<p style=\"text-align: justify;\">Hora de celebraci\u00f3n: 11 horas.<\/p>\r\n<p style=\"text-align: justify;\">Lugar de celebraci\u00f3n: Sal\u00f3n de Grados de la Facultad de Derecho.<\/p>\r\n<p style=\"text-align: justify;\">Para m\u00e1s informaci\u00f3n pinchar <a href=\"http:\/\/centros.unileon.es\/derecho\/files\/2014\/02\/Cartel-Problemas-Publicaciones-Jur\u00eddicas.pdf\">aqu\u00ed<\/a>.<\/p>\r\n<p style=\"text-align: justify;\">\u00a0<\/p>\r\n<p style=\"text-align: justify;\">\u00a0<\/p>","protected":false},"excerpt":{"rendered":"<p>Las \u00c1reas de Derecho Penal y Filosof\u00eda del Derecho de la Facultad de Derecho organizan la \u00abJornada sobre Algunos Problemas de las Publicaciones Jur\u00eddicas y del Derecho en Internet: Nuevas Tecnolog\u00edas y Propiedad Intelectual\u00bb. Fecha de celebraci\u00f3n: 28 de febrero de 2014. Hora de celebraci\u00f3n: 11 horas. Lugar de celebraci\u00f3n: Sal\u00f3n de Grados de la [&hellip;]<\/p>\n","protected":false},"author":67,"featured_media":0,"parent":0,"menu_order":0,"comment_status":"closed","ping_status":"open","template":"","meta":{"footnotes":""},"class_list":["post-466","page","type-page","status-publish","hentry"],"_links":{"self":[{"href":"https:\/\/centros.unileon.es\/derecho\/wp-json\/wp\/v2\/pages\/466","targetHints":{"allow":["GET"]}}],"collection":[{"href":"https:\/\/centros.unileon.es\/derecho\/wp-json\/wp\/v2\/pages"}],"about":[{"href":"https:\/\/centros.unileon.es\/derecho\/wp-json\/wp\/v2\/types\/page"}],"author":[{"embeddable":true,"href":"https:\/\/centros.unileon.es\/derecho\/wp-json\/wp\/v2\/users\/67"}],"replies":[{"embeddable":true,"href":"https:\/\/centros.unileon.es\/derecho\/wp-json\/wp\/v2\/comments?post=466"}],"version-history":[{"count":2,"href":"https:\/\/centros.unileon.es\/derecho\/wp-json\/wp\/v2\/pages\/466\/revisions"}],"predecessor-version":[{"id":469,"href":"https:\/\/centros.unileon.es\/derecho\/wp-json\/wp\/v2\/pages\/466\/revisions\/469"}],"wp:attachment":[{"href":"https:\/\/centros.unileon.es\/derecho\/wp-json\/wp\/v2\/media?parent=466"}],"curies":[{"name":"wp","href":"https:\/\/api.w.org\/{rel}","templated":true}]}}