{"id":4653,"date":"2022-06-08T21:39:49","date_gmt":"2022-06-08T21:39:49","guid":{"rendered":"https:\/\/centros.unileon.es\/derecho\/?page_id=4653"},"modified":"2022-06-12T09:45:30","modified_gmt":"2022-06-12T09:45:30","slug":"4653-2","status":"publish","type":"page","link":"https:\/\/centros.unileon.es\/derecho\/4653-2\/","title":{"rendered":"La ULE acoge las XXI Jornadas de la Asociaci\u00f3n de Profesores de Derecho Civil."},"content":{"rendered":"<section class=\"col-md-8 col-sm-12\">\r\n<div class=\"region region-content\">\r\n<div class=\"row bs-1col node node--type-noticia node--view-mode-full\">\r\n<div class=\"col-sm-12 bs-region bs-region--main\">\r\n<div class=\"field field--name-body field--type-text-with-summary field--label-hidden field--item\">\r\n\r\n<a href=\"https:\/\/centros.unileon.es\/derecho\/files\/2022\/06\/2022.06.08.-cartel-xxi-jornadas.jpg\"><img loading=\"lazy\" decoding=\"async\" class=\"wp-image-4654 aligncenter\" src=\"https:\/\/centros.unileon.es\/derecho\/files\/2022\/06\/2022.06.08.-cartel-xxi-jornadas.jpg\" alt=\"\" width=\"358\" height=\"506\" \/><\/a>\r\n\r\n<strong><span lang=\"ES-TRAD\" xml:lang=\"ES-TRAD\">Las Jornadas se desarrollar\u00e1n del 9 al 11 de junio y reunir\u00e1n a Profesores de Derecho Civil de las universidades espa\u00f1olas.<\/span><\/strong>\r\n<p style=\"text-align: justify;\"><span lang=\"ES-TRAD\" xml:lang=\"ES-TRAD\">El Departamento de Derecho Privado y de la Empresa de la Universidad de Le\u00f3n (ULE) ha organizado, con la colaboraci\u00f3n del Vicerrectorado de Relaciones Institucionales y con la Sociedad, la edici\u00f3n XXI de las <a href=\"http:\/\/extensionuniversitaria.unileon.es\/euniversitaria\/curso.aspx?id=2521\"><strong><em>\u2018XXI Jornadas de la Asociaci\u00f3n de Profesores de Derecho Civil\u2019<\/em><\/strong><\/a>, que se desarrollar\u00e1n <strong>entre los d\u00edas 9 y 11 de juni<\/strong>o en el edificio de rectorado (Avenida de la Facultad n\u00ba 25, Le\u00f3n).<\/span><\/p>\r\n<p style=\"text-align: justify;\"><span lang=\"ES-TRAD\" xml:lang=\"ES-TRAD\">Se trata de una propuesta de 10 horas de duraci\u00f3n, que ofrece <strong>150 plazas de inscripci\u00f3n gratuita<\/strong>, destinadas a profesores de Derecho Civil de Universidades espa\u00f1olas, y a los miembros de la asociaci\u00f3n que los re\u00fane, con el objetivo de fomentar el estudio, la ense\u00f1anza y la investigaci\u00f3n de dicha disciplina, y al tiempo favorecer la cooperaci\u00f3n de al progreso del Derecho Civil.<\/span><\/p>\r\n\r\n<div class=\"embedded-entity align-center\" style=\"text-align: justify;\" data-embed-button=\"media\" data-entity-embed-display=\"view_mode:media.ancho_100\" data-entity-type=\"media\" data-entity-uuid=\"34adf861-b26b-4b86-a77e-6688933d94dc\" data-langcode=\"es\">\r\n<div>\r\n<div class=\"field field--name-field-image field--type-image field--label-hidden field--item\"><a href=\"https:\/\/centros.unileon.es\/derecho\/files\/2022\/06\/derecho_civil.jpg\"><img loading=\"lazy\" decoding=\"async\" class=\"wp-image-4650 aligncenter\" src=\"https:\/\/centros.unileon.es\/derecho\/files\/2022\/06\/derecho_civil.jpg\" alt=\"\" width=\"471\" height=\"245\" \/><\/a><\/div>\r\n<\/div>\r\n<\/div>\r\n<p style=\"text-align: justify;\"><span lang=\"ES-TRAD\" xml:lang=\"ES-TRAD\">La direcci\u00f3n de las jornadas correr\u00e1 a cargo de los profesores de la ULE <strong>German Bercovitz \u00c1lvarez, Mar\u00eda Pilar Guti\u00e9rrez Santiago, Helena D\u00edez Garc\u00eda<\/strong> y <strong>Marta Ord\u00e1s Alonso<\/strong>.<\/span><\/p>\r\n<p style=\"text-align: justify;\"><strong><span lang=\"ES-TRAD\" xml:lang=\"ES-TRAD\">EL NUEVO DERECHO DE PROTECCI\u00d3N DE DATOS PERSONALES<\/span><\/strong><\/p>\r\n\r\n<div class=\"embedded-entity align-right\" style=\"text-align: justify;\" data-embed-button=\"media\" data-entity-embed-display=\"view_mode:media.ancho_50\" data-entity-type=\"media\" data-entity-uuid=\"f74c3da1-e3d9-447e-9631-b13207dc1cea\" data-langcode=\"es\">\r\n<div>\r\n<div class=\"field field--name-field-image field--type-image field--label-hidden field--item\"><\/div>\r\n<\/div>\r\n<\/div>\r\n<p style=\"text-align: justify;\"><span lang=\"ES-TRAD\" xml:lang=\"ES-TRAD\">Entre los temas que ser\u00e1n objeto de debate y an\u00e1lisis se encuentra el <strong>nuevo sistema general de apoyos a las personas con discapacidad<\/strong>, la <strong>incidencia de la reforma de la legislaci\u00f3n civil<\/strong> para el apoyo a dichas personas, y el <strong>nuevo Derecho de la protecci\u00f3n de datos personales<\/strong>.<\/span><\/p>\r\n<p style=\"text-align: justify;\"><span lang=\"ES-TRAD\" xml:lang=\"ES-TRAD\">Tras la inauguraci\u00f3n y la acreditaci\u00f3n de todos participantes, la apertura de las sesiones tendr\u00e1 lugar el jueves 9 de junio a las <strong>17:00 horas<\/strong>, con las siguientes cuatro ponencias sobre \u2018El nuevo sistema general de apoyos a las personas con discapacidad\u2019:<\/span><\/p>\r\n<p style=\"text-align: justify;\"><span lang=\"ES-TRAD\" xml:lang=\"ES-TRAD\">&#8211; <strong><em>\u2018Panor\u00e1mica general de la Ley (con referencia a los apoyos voluntarios)\u2019.<\/em><\/strong> Cristina Guilarte Mart\u00edn-Calero. Universidad de Valladolid,<\/span><\/p>\r\n<p style=\"text-align: justify;\"><em><span lang=\"ES-TRAD\" xml:lang=\"ES-TRAD\">&#8211; <strong>\u2018La guarda de hecho\u2019<\/strong>. <\/span><\/em><span lang=\"ES-TRAD\" xml:lang=\"ES-TRAD\">Jos\u00e9 Ram\u00f3n de Verda Beamonte. Universidad de Valencia,<\/span><\/p>\r\n<p style=\"text-align: justify;\"><em><span lang=\"ES-TRAD\" xml:lang=\"ES-TRAD\">&#8211; <strong>\u2018La curatela: los nuevos est\u00e1ndares de intervenci\u00f3n, nombramiento, actuaci\u00f3n y remoci\u00f3n\u2019<\/strong>.<\/span><\/em><span lang=\"ES-TRAD\" xml:lang=\"ES-TRAD\"> Montserrat Pere\u00f1a Vicente. Universidad Rey Juan Carlos, y<\/span><\/p>\r\n<p style=\"text-align: justify;\"><span lang=\"ES-TRAD\" xml:lang=\"ES-TRAD\">&#8211; <strong><em>\u2018La proyectada reforma del C\u00f3digo Civil de Catalu\u00f1a en materia de apoyo al ejercicio de la capacidad jur\u00eddica\u2019<\/em><\/strong>. Jordi Ribot Igualada, Universidad de Girona.<\/span><\/p>\r\n<p style=\"text-align: justify;\">El programa completo con todas las ponencias se puede consultar en el siguiente <a href=\"http:\/\/extensionuniversitaria.unileon.es\/euniversitaria\/curso.aspx?id=2521\"><strong>ENLACE<\/strong><\/a><\/p>\r\n<p style=\"text-align: justify;\"><em><span lang=\"ES-TRAD\" xml:lang=\"ES-TRAD\">(<strong>Im\u00e1genes:\u00a0 \u00a01- <\/strong>Cartel del evento <strong>y 2-<\/strong> &#8216;Derecho Civil&#8217;)<\/span><\/em><\/p>\r\n<p style=\"text-align: justify;\"><strong>________________________________________________________________________________________________________________<\/strong><\/p>\r\n\r\n<h5 style=\"text-align: justify;\"><strong>Carlos VICENTE RUBIO <\/strong>&#8211; GABINETE DE PRENSA Y COMUNICACIONES &#8211; OFICINA PABELL\u00d3N DE GOBIERNO<\/h5>\r\n<h5 style=\"text-align: justify;\">Avda. Facultad, 25 &#8211; 24071 (Le\u00f3n)\u00a0 \u0080 Tfnos: 987 &#8211; 291 640 y 682 &#8211; 897 089 \u0080 Correo electr\u00f3nico: gercvr@unileon.es<\/h5>\r\n<\/div>\r\n<\/div>\r\n<\/div>\r\n<\/div>\r\n<\/section>","protected":false},"excerpt":{"rendered":"<p>Las Jornadas se desarrollar\u00e1n del 9 al 11 de junio y reunir\u00e1n a Profesores de Derecho Civil de las universidades espa\u00f1olas. El Departamento de Derecho Privado y de la Empresa de la Universidad de Le\u00f3n (ULE) ha organizado, con la colaboraci\u00f3n del Vicerrectorado de Relaciones Institucionales y con la Sociedad, la edici\u00f3n XXI de las [&hellip;]<\/p>\n","protected":false},"author":149,"featured_media":0,"parent":0,"menu_order":0,"comment_status":"closed","ping_status":"closed","template":"","meta":{"footnotes":""},"class_list":["post-4653","page","type-page","status-publish","hentry"],"_links":{"self":[{"href":"https:\/\/centros.unileon.es\/derecho\/wp-json\/wp\/v2\/pages\/4653","targetHints":{"allow":["GET"]}}],"collection":[{"href":"https:\/\/centros.unileon.es\/derecho\/wp-json\/wp\/v2\/pages"}],"about":[{"href":"https:\/\/centros.unileon.es\/derecho\/wp-json\/wp\/v2\/types\/page"}],"author":[{"embeddable":true,"href":"https:\/\/centros.unileon.es\/derecho\/wp-json\/wp\/v2\/users\/149"}],"replies":[{"embeddable":true,"href":"https:\/\/centros.unileon.es\/derecho\/wp-json\/wp\/v2\/comments?post=4653"}],"version-history":[{"count":5,"href":"https:\/\/centros.unileon.es\/derecho\/wp-json\/wp\/v2\/pages\/4653\/revisions"}],"predecessor-version":[{"id":4660,"href":"https:\/\/centros.unileon.es\/derecho\/wp-json\/wp\/v2\/pages\/4653\/revisions\/4660"}],"wp:attachment":[{"href":"https:\/\/centros.unileon.es\/derecho\/wp-json\/wp\/v2\/media?parent=4653"}],"curies":[{"name":"wp","href":"https:\/\/api.w.org\/{rel}","templated":true}]}}