{"id":4588,"date":"2022-04-25T09:46:21","date_gmt":"2022-04-25T09:46:21","guid":{"rendered":"https:\/\/centros.unileon.es\/derecho\/?page_id=4588"},"modified":"2022-04-25T10:19:07","modified_gmt":"2022-04-25T10:19:07","slug":"i-jornada-interuniversitaria-de-derecho-conede-27-y-28-de-abril-de-2022","status":"publish","type":"page","link":"https:\/\/centros.unileon.es\/derecho\/i-jornada-interuniversitaria-de-derecho-conede-27-y-28-de-abril-de-2022\/","title":{"rendered":"I Jornadas Interuniversitarias de Derecho CONEDE, 27 y 28 de abril de 2022."},"content":{"rendered":"<p style=\"text-align: justify;\">El Consejo Nacional de Estudiantes de Derecho (CONEDE), organiza las <strong>I Jornadas Interuniversitarias de Derecho<\/strong>, que propone una reflexi\u00f3n sobre <strong>\u00abLas consecuencias jur\u00eddicas de los avances tecnol\u00f3gicos en la sociedad\u00bb<\/strong>.<\/p>\r\n<a href=\"https:\/\/centros.unileon.es\/derecho\/files\/2022\/04\/2022.04.27.-I-Jornada-Interuniversitaria-de-Derecho-CONEDE_Pagina_1-1.jpg\"><img loading=\"lazy\" decoding=\"async\" class=\"alignnone wp-image-4596\" src=\"https:\/\/centros.unileon.es\/derecho\/files\/2022\/04\/2022.04.27.-I-Jornada-Interuniversitaria-de-Derecho-CONEDE_Pagina_1-1.jpg\" alt=\"\" width=\"260\" height=\"367\" \/><\/a>\r\n<p style=\"text-align: justify;\">Colaboran en su organizaci\u00f3n el Grupo alternativo de estudiantes de Derecho (GADED), la Universidad Carlos III, la Universidad de Deusto, la Universidad Internacional de Barcelona, la Universidad de Le\u00f3n y la Universidad de Zaragoza.<\/p>\r\n<p style=\"text-align: justify;\">Las ponencias contar\u00e1n con la participaci\u00f3n de los Profes. Dres. Esperanza Castellanos, Rafael S. de As\u00eds Roig, Eduardo de Celis, Ana Isabel Herr\u00e1n, Ana Mar\u00eda Alba y Montserrat Nebrera, que tratar\u00e1n temas de actualidad como: inteligencia artificial, ciberseguridad,\u00a0 neurotecnolog\u00eda, digitalizaci\u00f3n o fake news y derecho a la informaci\u00f3n, de acuerdo con el siguiente <a href=\"https:\/\/centros.unileon.es\/derecho\/files\/2022\/04\/2022.04.27.-I-Jornada-Interuniversitaria-de-Derecho-CONEDE-2.pdf\">Programa &#8211; I Jornadas Interuniversitarias de Derecho CONEDE<\/a>.<\/p>\r\n<p style=\"text-align: justify;\">Las conferencias se realizar\u00e1n a trav\u00e9s de la <strong>plataforma zoom<\/strong>.<\/p>\r\n\r\n<ul>\r\n \t<li><strong>Hora y fecha:<\/strong> d\u00edas 27 y 28 de abril de 2022, de 17:oo a 19:30 horas.<\/li>\r\n \t<li><strong>Inscripci\u00f3n y matr\u00edcula <\/strong>(gratu\u00edta) en: https:\/\/forms.gle\/dEf54iswiT49enU8<\/li>\r\n<\/ul>","protected":false},"excerpt":{"rendered":"<p>El Consejo Nacional de Estudiantes de Derecho (CONEDE), organiza las I Jornadas Interuniversitarias de Derecho, que propone una reflexi\u00f3n sobre \u00abLas consecuencias jur\u00eddicas de los avances tecnol\u00f3gicos en la sociedad\u00bb. Colaboran en su organizaci\u00f3n el Grupo alternativo de estudiantes de Derecho (GADED), la Universidad Carlos III, la Universidad de Deusto, la Universidad Internacional de Barcelona, [&hellip;]<\/p>\n","protected":false},"author":149,"featured_media":0,"parent":0,"menu_order":0,"comment_status":"closed","ping_status":"closed","template":"","meta":{"footnotes":""},"class_list":["post-4588","page","type-page","status-publish","hentry"],"_links":{"self":[{"href":"https:\/\/centros.unileon.es\/derecho\/wp-json\/wp\/v2\/pages\/4588","targetHints":{"allow":["GET"]}}],"collection":[{"href":"https:\/\/centros.unileon.es\/derecho\/wp-json\/wp\/v2\/pages"}],"about":[{"href":"https:\/\/centros.unileon.es\/derecho\/wp-json\/wp\/v2\/types\/page"}],"author":[{"embeddable":true,"href":"https:\/\/centros.unileon.es\/derecho\/wp-json\/wp\/v2\/users\/149"}],"replies":[{"embeddable":true,"href":"https:\/\/centros.unileon.es\/derecho\/wp-json\/wp\/v2\/comments?post=4588"}],"version-history":[{"count":4,"href":"https:\/\/centros.unileon.es\/derecho\/wp-json\/wp\/v2\/pages\/4588\/revisions"}],"predecessor-version":[{"id":4598,"href":"https:\/\/centros.unileon.es\/derecho\/wp-json\/wp\/v2\/pages\/4588\/revisions\/4598"}],"wp:attachment":[{"href":"https:\/\/centros.unileon.es\/derecho\/wp-json\/wp\/v2\/media?parent=4588"}],"curies":[{"name":"wp","href":"https:\/\/api.w.org\/{rel}","templated":true}]}}