{"id":4584,"date":"2022-04-25T09:07:22","date_gmt":"2022-04-25T09:07:22","guid":{"rendered":"https:\/\/centros.unileon.es\/derecho\/?page_id=4584"},"modified":"2022-04-25T12:53:49","modified_gmt":"2022-04-25T12:53:49","slug":"la-guerra-de-ucrania-y-la-politica-internacional-de-las-grandes-potencias-5-de-mayo-de-2022","status":"publish","type":"page","link":"https:\/\/centros.unileon.es\/derecho\/la-guerra-de-ucrania-y-la-politica-internacional-de-las-grandes-potencias-5-de-mayo-de-2022\/","title":{"rendered":"La guerra de Ucrania y la pol\u00edtica internacional de las grandes potencias, 5 de mayo de 2022."},"content":{"rendered":"<p style=\"text-align: justify;\">La Facultad de Derecho acoge una Conferencia organizada por el \u00c1rea de Derecho Internacional P\u00fablico sobre <strong>\u00abLa guerra de Ucrania y la pol\u00edtica internacional de las grandes potencias\u00bb<\/strong>, que ser\u00e1 impartida por el <strong>Prof. Dr. D. Juan Tovar Ru\u00edz<\/strong>, Profesor Titular de Derecho Internacional P\u00fablico y Relaciones Internacionales de la Universidad de Burgos.<\/p>\r\n<a href=\"https:\/\/centros.unileon.es\/derecho\/files\/2022\/04\/2022.05.05.-guerra-de-ucrania_cartel_conferencia.jpg\"><img loading=\"lazy\" decoding=\"async\" class=\"alignnone wp-image-4599\" src=\"https:\/\/centros.unileon.es\/derecho\/files\/2022\/04\/2022.05.05.-guerra-de-ucrania_cartel_conferencia.jpg\" alt=\"\" width=\"434\" height=\"614\" \/><\/a>\r\n<ul>\r\n \t<li style=\"text-align: justify;\"><strong>Hora y Fecha:<\/strong> 11:30 hs. del 5 de mayo de 2022.<\/li>\r\n \t<li><strong>Lugar:<\/strong> Sal\u00f3n de Grados de la Facultad de Derecho.<\/li>\r\n<\/ul>","protected":false},"excerpt":{"rendered":"<p>La Facultad de Derecho acoge una Conferencia organizada por el \u00c1rea de Derecho Internacional P\u00fablico sobre \u00abLa guerra de Ucrania y la pol\u00edtica internacional de las grandes potencias\u00bb, que ser\u00e1 impartida por el Prof. Dr. D. Juan Tovar Ru\u00edz, Profesor Titular de Derecho Internacional P\u00fablico y Relaciones Internacionales de la Universidad de Burgos. Hora y [&hellip;]<\/p>\n","protected":false},"author":149,"featured_media":0,"parent":0,"menu_order":0,"comment_status":"closed","ping_status":"closed","template":"","meta":{"footnotes":""},"class_list":["post-4584","page","type-page","status-publish","hentry"],"_links":{"self":[{"href":"https:\/\/centros.unileon.es\/derecho\/wp-json\/wp\/v2\/pages\/4584","targetHints":{"allow":["GET"]}}],"collection":[{"href":"https:\/\/centros.unileon.es\/derecho\/wp-json\/wp\/v2\/pages"}],"about":[{"href":"https:\/\/centros.unileon.es\/derecho\/wp-json\/wp\/v2\/types\/page"}],"author":[{"embeddable":true,"href":"https:\/\/centros.unileon.es\/derecho\/wp-json\/wp\/v2\/users\/149"}],"replies":[{"embeddable":true,"href":"https:\/\/centros.unileon.es\/derecho\/wp-json\/wp\/v2\/comments?post=4584"}],"version-history":[{"count":3,"href":"https:\/\/centros.unileon.es\/derecho\/wp-json\/wp\/v2\/pages\/4584\/revisions"}],"predecessor-version":[{"id":4601,"href":"https:\/\/centros.unileon.es\/derecho\/wp-json\/wp\/v2\/pages\/4584\/revisions\/4601"}],"wp:attachment":[{"href":"https:\/\/centros.unileon.es\/derecho\/wp-json\/wp\/v2\/media?parent=4584"}],"curies":[{"name":"wp","href":"https:\/\/api.w.org\/{rel}","templated":true}]}}