{"id":456,"date":"2014-02-14T18:04:52","date_gmt":"2014-02-14T18:04:52","guid":{"rendered":"http:\/\/centros.unileon.es\/derecho\/?page_id=456"},"modified":"2014-02-18T14:00:36","modified_gmt":"2014-02-18T14:00:36","slug":"seminario-sobre-trabajo-y-genero","status":"publish","type":"page","link":"https:\/\/centros.unileon.es\/derecho\/seminario-sobre-trabajo-y-genero\/","title":{"rendered":"Seminario sobre Trabajo y G\u00e9nero"},"content":{"rendered":"El \u00c1rea de Derecho del Trabajo y de la Seguridad Social de la Facultad de Derecho, en colaboraci\u00f3n con el Instituto de la Mujer, organiza un Seminario sobre \u00abLa inserci\u00f3n laboral de las mujeres pertenecientes a grupos con riesgo de exclusi\u00f3n social en un contexto econ\u00f3mico de crisis\u00bb.\r\n\r\nFechas de celebraci\u00f3n: 24, 25, 26 y 31 marzo y 1, 2 y 3 abril 2014.\r\n\r\nLugar de celebraci\u00f3n: Sal\u00f3n de Grados de la Facultad de Derecho.\r\n\r\nReconocidos 2 cr\u00e9ditos ECTS y 3 cr\u00e9ditos LEC.\r\n\r\nPara m\u00e1s informaci\u00f3n pinchar <a href=\"http:\/\/centros.unileon.es\/derecho\/files\/2014\/02\/Seminario-Inserci\u00f3n-Laboral-Mujer1.pdf\">aqu\u00ed<\/a>.","protected":false},"excerpt":{"rendered":"<p>El \u00c1rea de Derecho del Trabajo y de la Seguridad Social de la Facultad de Derecho, en colaboraci\u00f3n con el Instituto de la Mujer, organiza un Seminario sobre \u00abLa inserci\u00f3n laboral de las mujeres pertenecientes a grupos con riesgo de exclusi\u00f3n social en un contexto econ\u00f3mico de crisis\u00bb. Fechas de celebraci\u00f3n: 24, 25, 26 y [&hellip;]<\/p>\n","protected":false},"author":67,"featured_media":0,"parent":0,"menu_order":0,"comment_status":"closed","ping_status":"open","template":"","meta":{"footnotes":""},"class_list":["post-456","page","type-page","status-publish","hentry"],"_links":{"self":[{"href":"https:\/\/centros.unileon.es\/derecho\/wp-json\/wp\/v2\/pages\/456","targetHints":{"allow":["GET"]}}],"collection":[{"href":"https:\/\/centros.unileon.es\/derecho\/wp-json\/wp\/v2\/pages"}],"about":[{"href":"https:\/\/centros.unileon.es\/derecho\/wp-json\/wp\/v2\/types\/page"}],"author":[{"embeddable":true,"href":"https:\/\/centros.unileon.es\/derecho\/wp-json\/wp\/v2\/users\/67"}],"replies":[{"embeddable":true,"href":"https:\/\/centros.unileon.es\/derecho\/wp-json\/wp\/v2\/comments?post=456"}],"version-history":[{"count":4,"href":"https:\/\/centros.unileon.es\/derecho\/wp-json\/wp\/v2\/pages\/456\/revisions"}],"predecessor-version":[{"id":465,"href":"https:\/\/centros.unileon.es\/derecho\/wp-json\/wp\/v2\/pages\/456\/revisions\/465"}],"wp:attachment":[{"href":"https:\/\/centros.unileon.es\/derecho\/wp-json\/wp\/v2\/media?parent=456"}],"curies":[{"name":"wp","href":"https:\/\/api.w.org\/{rel}","templated":true}]}}