{"id":446,"date":"2014-02-06T13:58:11","date_gmt":"2014-02-06T13:58:11","guid":{"rendered":"http:\/\/centros.unileon.es\/derecho\/?page_id=446"},"modified":"2019-08-26T11:42:20","modified_gmt":"2019-08-26T11:42:20","slug":"buzon-de-sugerencias","status":"publish","type":"page","link":"https:\/\/centros.unileon.es\/derecho\/buzon-de-sugerencias\/","title":{"rendered":"Buz\u00f3n de Sugerencias"},"content":{"rendered":"<p style=\"text-align: justify;\">Toda persona perteneciente a los grupos de inter\u00e9s de la Facultad de Derecho puede dirigir sus escritos de quejas o sugerencias al Decano o al Secretario de la Facultad de Derecho ya sea present\u00e1ndolo por escrito en la Unidad Administrativa de la Facultad, ya sea mediante correo electr\u00f3nico a la siguiente direcci\u00f3n: <a href=\"mailto:fdedec@unileon.es\">fdedec@unileon.es<\/a><\/p>\r\n<p style=\"text-align: justify;\">Adem\u00e1s, los estudiantes podr\u00e1n tramitar sus peticiones a trav\u00e9s de la Delegaci\u00f3n de Alumnos de la Facultad, quienes se encargar\u00e1n de trasladarlas a los \u00f3rganos directivos.<\/p>","protected":false},"excerpt":{"rendered":"<p>Toda persona perteneciente a los grupos de inter\u00e9s de la Facultad de Derecho puede dirigir sus escritos de quejas o sugerencias al Decano o al Secretario de la Facultad de Derecho ya sea present\u00e1ndolo por escrito en la Unidad Administrativa de la Facultad, ya sea mediante correo electr\u00f3nico a la siguiente direcci\u00f3n: fdedec@unileon.es Adem\u00e1s, los [&hellip;]<\/p>\n","protected":false},"author":67,"featured_media":0,"parent":0,"menu_order":0,"comment_status":"closed","ping_status":"open","template":"","meta":{"footnotes":""},"class_list":["post-446","page","type-page","status-publish","hentry"],"_links":{"self":[{"href":"https:\/\/centros.unileon.es\/derecho\/wp-json\/wp\/v2\/pages\/446","targetHints":{"allow":["GET"]}}],"collection":[{"href":"https:\/\/centros.unileon.es\/derecho\/wp-json\/wp\/v2\/pages"}],"about":[{"href":"https:\/\/centros.unileon.es\/derecho\/wp-json\/wp\/v2\/types\/page"}],"author":[{"embeddable":true,"href":"https:\/\/centros.unileon.es\/derecho\/wp-json\/wp\/v2\/users\/67"}],"replies":[{"embeddable":true,"href":"https:\/\/centros.unileon.es\/derecho\/wp-json\/wp\/v2\/comments?post=446"}],"version-history":[{"count":3,"href":"https:\/\/centros.unileon.es\/derecho\/wp-json\/wp\/v2\/pages\/446\/revisions"}],"predecessor-version":[{"id":3095,"href":"https:\/\/centros.unileon.es\/derecho\/wp-json\/wp\/v2\/pages\/446\/revisions\/3095"}],"wp:attachment":[{"href":"https:\/\/centros.unileon.es\/derecho\/wp-json\/wp\/v2\/media?parent=446"}],"curies":[{"name":"wp","href":"https:\/\/api.w.org\/{rel}","templated":true}]}}