{"id":4431,"date":"2022-03-14T05:50:54","date_gmt":"2022-03-14T05:50:54","guid":{"rendered":"https:\/\/centros.unileon.es\/derecho\/?page_id=4431"},"modified":"2022-03-23T14:32:40","modified_gmt":"2022-03-23T14:32:40","slug":"4431-2","status":"publish","type":"page","link":"https:\/\/centros.unileon.es\/derecho\/4431-2\/","title":{"rendered":"La responsabilidad penal de los menores de edad, tema de discusi\u00f3n de la VII Edici\u00f3n de la Liga Universitaria de Debate de la ULE, del 29 al 31 de marzo."},"content":{"rendered":"<div class=\"field field--name-body field--type-text-with-summary field--label-hidden field--item\">\r\n<p style=\"text-align: justify;\"><strong>El plazo de inscripci\u00f3n permanecer\u00e1 abierto hasta el 18 de marzo, y las sesiones de la fase local tendr\u00e1n lugar los d\u00edas 29, 30 y 31.<\/strong><\/p>\r\n<p style=\"text-align: justify;\"><strong>Hasta el 18 de marzo<\/strong> permanecer\u00e1 abierto el plazo de inscripci\u00f3n para los alumnos de la Universidad de Le\u00f3n (ULE) que quieran participar en la fase local de la VII Liga de Debate Universitario, que este a\u00f1o tendr\u00e1 como <strong>tema de discusi\u00f3n &#8216;la responsabilidad penal en los menores de edad&#8217;<\/strong>.<\/p>\r\n\r\n<div class=\"embedded-entity align-right\" style=\"text-align: justify;\" data-embed-button=\"media\" data-entity-embed-display=\"view_mode:media.ancho_50\" data-entity-type=\"media\" data-entity-uuid=\"0354f2d1-ec9f-403a-853f-8dd6f4ef00f6\" data-langcode=\"es\">\r\n<div>\r\n<div class=\"field field--name-field-image field--type-image field--label-hidden field--item\"><a href=\"https:\/\/centros.unileon.es\/derecho\/files\/2022\/03\/imagen_de_archivo_de_anteriores_ediciones_de_la_liga_universitaria-01.jpg\"><img loading=\"lazy\" decoding=\"async\" class=\"wp-image-4432 aligncenter\" src=\"https:\/\/centros.unileon.es\/derecho\/files\/2022\/03\/imagen_de_archivo_de_anteriores_ediciones_de_la_liga_universitaria-01.jpg\" alt=\"\" width=\"495\" height=\"276\" \/><\/a><\/div>\r\n<\/div>\r\n<\/div>\r\n<p style=\"text-align: justify;\">Desde la organizaci\u00f3n se apuntan dos posibilidades para que el alumnado pueda formalizar su inscripci\u00f3n. La primera de ellas es para los equipos integrados por cuatro personas, que lo podr\u00e1n hacer a trav\u00e9s del siguiente <a href=\"https:\/\/docs.google.com\/forms\/d\/e\/1FAIpQLSf_EhdvQQXAvr5FxmYeiE7NMl0SLEsvW58MfLGa8pbXNu_6yg\/viewform?vc=0&amp;c=0&amp;w=1&amp;flr=0\"><strong>ENLACE<\/strong><\/a>.<\/p>\r\n<p style=\"text-align: justify;\">Quienes no dispongan de equipo se podr\u00e1n inscribir de manera individual (hasta el 15 de marzo) en el siguiente <a href=\"https:\/\/docs.google.com\/forms\/d\/e\/1FAIpQLSejzwRWBKoHM8qV_zDFs4Znj835Fil_fP5jb6EEZTPaUdTdlw\/viewform?vc=0&amp;c=0&amp;w=1&amp;flr=0\"><strong>ENLACE<\/strong><\/a>, y desde la organizaci\u00f3n se encargar\u00e1n de formar el equipo. Tambi\u00e9n se puede realizar la inscripci\u00f3n enviando un correo electr\u00f3nico a las siguientes direcciones: Tambi\u00e9n puedes escribirnos a <a href=\"mailto:ligadedebate@unileon.es\">ligadedebate@unileon.es<\/a> o a <a href=\"mailto:lfcalp@unileon.es\">lfcalp@unileon.es<\/a><\/p>\r\n<p style=\"text-align: justify;\"><a href=\"https:\/\/centros.unileon.es\/derecho\/files\/2022\/03\/cartel_liga_de_debate_universitario.jpg\"><img loading=\"lazy\" decoding=\"async\" class=\"wp-image-4433 alignright\" src=\"https:\/\/centros.unileon.es\/derecho\/files\/2022\/03\/cartel_liga_de_debate_universitario.jpg\" alt=\"\" width=\"404\" height=\"538\" \/><\/a><\/p>\r\n<p style=\"text-align: justify;\">Hay que recordar que la Liga Universitaria de Debate es un<strong> torneo de oratoria que enfrenta a equipos que defienden posturas encontradas<\/strong> en torno a uno o varios temas de actualidad, previamente seleccionados por votaci\u00f3n entre las universidades participantes.<\/p>\r\n<p style=\"text-align: justify;\">La competici\u00f3n tiene como objetivo fomentar la capacidad de argumentaci\u00f3n y oratoria del alumnado universitario, y contribuir a dotar a los participantes de competencias transversales de gran importancia para su futuro profesional, como son el <strong>esp\u00edritu cr\u00edtico<\/strong>, la<strong> capacidad anal\u00edtica y la comunicativa<\/strong>, al tiempo que se desarrolla la <strong>competencia para resolver conflictos a trav\u00e9s del di\u00e1logo y el acuerdo<\/strong>.<\/p>\r\n<p style=\"text-align: justify;\"><strong>COLABORACI\u00d3N DE LA 8 LE\u00d3N TV Y ESRADIO<\/strong><\/p>\r\n<p style=\"text-align: justify;\">Un a\u00f1o m\u00e1s, explican los organizadores de la Liga de Debate, <strong>La 8 Le\u00f3n TV<\/strong> y <strong>esRadio<\/strong> hacen posible la experiencia de grabar ejercicios de debate grupal<em>. \u201cEl an\u00e1lisis de algunos temas de actualidad,<\/em> -se apunta-, <em>y el posicionamiento obligado en posturas contrarias nos obliga a reflexionar, a entender otros puntos de vista, y a desarrollar el esp\u00edritu cr\u00edtico. \u00a1Y luego verse y escucharse a uno mismo es sorprendente y muy divertido!\u201d.<\/em><\/p>\r\n\r\n<div class=\"embedded-entity align-center\" style=\"text-align: justify;\" data-embed-button=\"media\" data-entity-embed-display=\"view_mode:media.ancho_100\" data-entity-type=\"media\" data-entity-uuid=\"bd27c92e-5717-48de-8341-501ff2d4f0b4\" data-langcode=\"es\">\r\n<div>\r\n<div class=\"field field--name-field-image field--type-image field--label-hidden field--item\"><a href=\"https:\/\/centros.unileon.es\/derecho\/files\/2022\/03\/imagen_de_archivo_de_anteriores_ediciones_de_la_liga_universitaria-02.jpg\"><img loading=\"lazy\" decoding=\"async\" class=\"wp-image-4434 aligncenter\" src=\"https:\/\/centros.unileon.es\/derecho\/files\/2022\/03\/imagen_de_archivo_de_anteriores_ediciones_de_la_liga_universitaria-02.jpg\" alt=\"\" width=\"510\" height=\"250\" \/><\/a><\/div>\r\n<\/div>\r\n<\/div>\r\n<p style=\"text-align: justify;\">En el apartado de premios hay que destacar que la l<strong>iga entregar\u00e1 premios a los finalistas<\/strong> (300, 200 y 100 euros a cada miembro de los tres primeros equipos clasificados), y adem\u00e1s un<strong> trofeo al mejor orador y otro al mejor refutado<\/strong>r.<\/p>\r\n<p style=\"text-align: justify;\">Por \u00faltimo hay que se\u00f1alar que la <strong>fase Local elegir\u00e1 a los equipos que representar\u00e1n a la ULE en la fase regional<\/strong>, en la que se enfrentar\u00e1n los dos mejores de las cuatro Universidades p\u00fablicas de Castilla y Le\u00f3n: Burgos, Le\u00f3n, Salamanca y Valladolid.<\/p>\r\n<p style=\"text-align: justify;\"><em>(<strong>Im\u00e1genes:\u00a0 \u00a01 y 3.- <\/strong>Fotograf\u00edas de archivo de una edici\u00f3n anterior de la fase local de la Liga de Debate Universitario celebrada en la Universidad de Le\u00f3n\u00a0 \u00a0 <strong>2.-<\/strong> Cartel promocional de la VII edici\u00f3n de este torneo)<\/em><\/p>\r\n<strong>_______________________________________________________________________________________________________________________<\/strong>\r\n<h5><strong>Carlos VICENTE RUBIO <\/strong>&#8211; GABINETE DE PRENSA Y COMUNICACIONES &#8211; OFICINA PABELL\u00d3N DE GOBIERNO<\/h5>\r\n<h5>Avda.\u00a0Facultad, 25 &#8211;\u00a024071 (Le\u00f3n)\u00a0 \u0080 Tfnos: 987 &#8211; 291 640 y 682 &#8211; 897 089\u00a0\u0080 Correo electr\u00f3nico: gercvr@unileon.es<\/h5>\r\n<\/div>","protected":false},"excerpt":{"rendered":"<p>El plazo de inscripci\u00f3n permanecer\u00e1 abierto hasta el 18 de marzo, y las sesiones de la fase local tendr\u00e1n lugar los d\u00edas 29, 30 y 31. Hasta el 18 de marzo permanecer\u00e1 abierto el plazo de inscripci\u00f3n para los alumnos de la Universidad de Le\u00f3n (ULE) que quieran participar en la fase local de la [&hellip;]<\/p>\n","protected":false},"author":149,"featured_media":0,"parent":0,"menu_order":0,"comment_status":"closed","ping_status":"closed","template":"","meta":{"footnotes":""},"class_list":["post-4431","page","type-page","status-publish","hentry"],"_links":{"self":[{"href":"https:\/\/centros.unileon.es\/derecho\/wp-json\/wp\/v2\/pages\/4431","targetHints":{"allow":["GET"]}}],"collection":[{"href":"https:\/\/centros.unileon.es\/derecho\/wp-json\/wp\/v2\/pages"}],"about":[{"href":"https:\/\/centros.unileon.es\/derecho\/wp-json\/wp\/v2\/types\/page"}],"author":[{"embeddable":true,"href":"https:\/\/centros.unileon.es\/derecho\/wp-json\/wp\/v2\/users\/149"}],"replies":[{"embeddable":true,"href":"https:\/\/centros.unileon.es\/derecho\/wp-json\/wp\/v2\/comments?post=4431"}],"version-history":[{"count":5,"href":"https:\/\/centros.unileon.es\/derecho\/wp-json\/wp\/v2\/pages\/4431\/revisions"}],"predecessor-version":[{"id":4475,"href":"https:\/\/centros.unileon.es\/derecho\/wp-json\/wp\/v2\/pages\/4431\/revisions\/4475"}],"wp:attachment":[{"href":"https:\/\/centros.unileon.es\/derecho\/wp-json\/wp\/v2\/media?parent=4431"}],"curies":[{"name":"wp","href":"https:\/\/api.w.org\/{rel}","templated":true}]}}