{"id":4257,"date":"2021-12-02T13:11:10","date_gmt":"2021-12-02T13:11:10","guid":{"rendered":"https:\/\/centros.unileon.es\/derecho\/?page_id=4257"},"modified":"2021-12-02T13:11:10","modified_gmt":"2021-12-02T13:11:10","slug":"jornada-sobre-claves-de-la-creacion-de-la-fiscalia-europea-en-el-marco-de-cooperacion-reforzada-3-de-diciembre-de-2021","status":"publish","type":"page","link":"https:\/\/centros.unileon.es\/derecho\/jornada-sobre-claves-de-la-creacion-de-la-fiscalia-europea-en-el-marco-de-cooperacion-reforzada-3-de-diciembre-de-2021\/","title":{"rendered":"Jornada sobre Claves de la creaci\u00f3n de la Fiscal\u00eda europea en el marco de cooperaci\u00f3n reforzada, 3 de diciembre de 2021."},"content":{"rendered":"<p style=\"text-align: justify;\">La C\u00e1tedra de Derecho Procesal organiza una Jornada sobre: \u00abClaves de la creaci\u00f3n de la Fiscal\u00eda europea en el marco de cooperaci\u00f3n reforzada\u00bb, en la que se debatir\u00e1 sobre: la Ley Org\u00e1nica 9\/2021 de aplicaci\u00f3n del Reglamento (UE) 2017\/1939, de 12 de octubre de 2017.<\/p>\r\n<p style=\"text-align: justify;\">Fecha y hora: Viernes 3 de diciembre, 11:00 horas.<\/p>\r\n<p style=\"text-align: justify;\">Lugar: Sal\u00f3n de Actos de las Facultades de Derecho y Ciencias del Trabajo de la Universidad de Le\u00f3n.<\/p>\r\nPrograma: <a href=\"https:\/\/centros.unileon.es\/derecho\/files\/2021\/12\/2021.12.03.-Creacion-de-la-Fiscalia-Europea-Procesal.pdf\">Jornada Creaci\u00f3n de la Fiscal\u00eda Europea Procesal<\/a>\r\n\r\n&nbsp;","protected":false},"excerpt":{"rendered":"<p>La C\u00e1tedra de Derecho Procesal organiza una Jornada sobre: \u00abClaves de la creaci\u00f3n de la Fiscal\u00eda europea en el marco de cooperaci\u00f3n reforzada\u00bb, en la que se debatir\u00e1 sobre: la Ley Org\u00e1nica 9\/2021 de aplicaci\u00f3n del Reglamento (UE) 2017\/1939, de 12 de octubre de 2017. Fecha y hora: Viernes 3 de diciembre, 11:00 horas. Lugar: [&hellip;]<\/p>\n","protected":false},"author":149,"featured_media":0,"parent":0,"menu_order":0,"comment_status":"closed","ping_status":"closed","template":"","meta":{"footnotes":""},"class_list":["post-4257","page","type-page","status-publish","hentry"],"_links":{"self":[{"href":"https:\/\/centros.unileon.es\/derecho\/wp-json\/wp\/v2\/pages\/4257","targetHints":{"allow":["GET"]}}],"collection":[{"href":"https:\/\/centros.unileon.es\/derecho\/wp-json\/wp\/v2\/pages"}],"about":[{"href":"https:\/\/centros.unileon.es\/derecho\/wp-json\/wp\/v2\/types\/page"}],"author":[{"embeddable":true,"href":"https:\/\/centros.unileon.es\/derecho\/wp-json\/wp\/v2\/users\/149"}],"replies":[{"embeddable":true,"href":"https:\/\/centros.unileon.es\/derecho\/wp-json\/wp\/v2\/comments?post=4257"}],"version-history":[{"count":1,"href":"https:\/\/centros.unileon.es\/derecho\/wp-json\/wp\/v2\/pages\/4257\/revisions"}],"predecessor-version":[{"id":4259,"href":"https:\/\/centros.unileon.es\/derecho\/wp-json\/wp\/v2\/pages\/4257\/revisions\/4259"}],"wp:attachment":[{"href":"https:\/\/centros.unileon.es\/derecho\/wp-json\/wp\/v2\/media?parent=4257"}],"curies":[{"name":"wp","href":"https:\/\/api.w.org\/{rel}","templated":true}]}}