{"id":4228,"date":"2021-10-05T17:50:08","date_gmt":"2021-10-05T17:50:08","guid":{"rendered":"https:\/\/centros.unileon.es\/derecho\/?page_id=4228"},"modified":"2025-12-19T08:52:25","modified_gmt":"2025-12-19T08:52:25","slug":"programas-de-movilidad","status":"publish","type":"page","link":"https:\/\/centros.unileon.es\/derecho\/programas-de-movilidad\/","title":{"rendered":"Programas de movilidad"},"content":{"rendered":"<h3><strong>CONVOCATORIA MOVILIDAD BIP, NEWTON UNIVERSITY<\/strong><\/h3>\r\nMovilidad de corta duraci\u00f3n para estudiantes de la Facultad de Derecho de la ULE con el fin de asistir a \u201cBIP. LEADING IN THE AGE OF INTELLIGENCE\u201d, Praga, Rep\u00fablica Checa.\r\n<ul>\r\n \t<li>Fechas de la estancia: del 2 al 6 de febrero de 2026.<\/li>\r\n \t<li>Se ofertan 2 plazas para estudiantes matriculados durante el curso 2025\/2026 en el Grado en Derecho y\r\nDoble Grado en Derecho y Administraci\u00f3n y Direcci\u00f3n de Empresas de la Universidad de Le\u00f3n.<\/li>\r\n \t<li>La selecci\u00f3n se realizar\u00e1 de acuerdo con el Baremo y criterios de valoraci\u00f3n establecidos en el art\u00edculo 9.1\r\nde esta convocatoria.<\/li>\r\n \t<li><a href=\"https:\/\/centros.unileon.es\/derecho\/files\/2025\/12\/Convocatoria-Movilidad-BIP-2025.report-1.pdf\">Convocatoria Movilidad BIP 2025\/2026<\/a><\/li>\r\n<\/ul>\r\n<h3><strong>CONVOCATORIAS PROGRAMAS DE MOVILIDAD CURSO 2026\/2027<\/strong><\/h3>\r\n<h4><strong>CONVOCATORIA ERASMUS 2026\/2027<\/strong><\/h4>\r\n<ul>\r\n \t<li><a href=\"https:\/\/centros.unileon.es\/derecho\/files\/2025\/12\/convocatoria_ka131_estudios2026_27nw.pdf\">Convocatoria Erasmus 2026\/2027<\/a><\/li>\r\n<\/ul>\r\n<p style=\"padding-left: 40px;\"><span dir=\"auto\">\u00bfTe imaginas cursar parte de tus estudios en una universidad europea y vivir una experiencia internacional \u00fanica?\u00a0<\/span><img decoding=\"async\" class=\"CToWUd\" src=\"https:\/\/ci3.googleusercontent.com\/meips\/ADKq_NaDiYiLfb0svmqLSIObNxwALG8RH3RWD54ECRwBZAXf88t92Sw0tklDaeeWIGLOnh8KiqC_JzG7EZze9QX-Zrt6Ouf633klRdBzfNnaFWk=s0-d-e1-ft#https:\/\/fonts.gstatic.com\/s\/e\/notoemoji\/16.0\/1f30d\/72.png\" alt=\"\" aria-label=\"\" data-bit=\"iit\" \/><img decoding=\"async\" class=\"CToWUd\" src=\"https:\/\/ci3.googleusercontent.com\/meips\/ADKq_Nb8-HJSBpegCHzRrjJbzk4BBrLZhlY7ShjemokwxiTuVigELwykAxcTJCa5YRG79eRBc9dIcN6r5K2FWwDHZhMQACYEn0hhIOvXw5FOChIsQzu8=s0-d-e1-ft#https:\/\/fonts.gstatic.com\/s\/e\/notoemoji\/16.0\/2708_fe0f\/72.png\" alt=\"\u2708\ufe0f\" aria-label=\"\u2708\ufe0f\" data-bit=\"iit\" \/><\/p>\r\n<span dir=\"auto\">El Vicerrectorado de Internacionalizaci\u00f3n y Compromiso Global ha publicado la <\/span><strong><span dir=\"auto\"><span class=\"il\">Convocatoria<\/span> <span class=\"il\">Erasmus<\/span>+ KA131 Estudios para el curso 2026\/2027<\/span><\/strong><span dir=\"auto\">, una excelente oportunidad para enriquecer tu formaci\u00f3n acad\u00e9mica, mejorar tus competencias ling\u00fc\u00edsticas y ampliar tus horizontes personales y profesionales.<\/span>\r\n\r\n<span dir=\"auto\">En la web\u00a0<\/span><strong><a href=\"http:\/\/www.unileon.es\/erasmus\" target=\"_blank\" rel=\"noopener\" data-saferedirecturl=\"https:\/\/www.google.com\/url?q=http:\/\/www.unileon.es\/erasmus&amp;source=gmail&amp;ust=1766219517085000&amp;usg=AOvVaw3osxfnQHFt9bQ1sm_ZSXz4\"><span dir=\"auto\">www.unileon.es\/<span class=\"il\">erasmus<\/span><\/span><\/a><\/strong>\u00a0<span dir=\"auto\">enc<wbr \/>ontrar\u00e1s toda la informaci\u00f3n necesaria: destinos disponibles, requisitos ling\u00fc\u00edsticos, coordinadores acad\u00e9micos y detalles del proceso de solicitud.<\/span>\r\n\r\n<img decoding=\"async\" class=\"CToWUd\" src=\"https:\/\/ci3.googleusercontent.com\/meips\/ADKq_NZ_MoTUfNyxdgelUjBIjU3hUzBmuzWUKAuaTnPjNAiCxkfaiXDlGU1a15DvxcCynPk7XnxJ1y7xKIoNHxQo78tcarPgkI7z1NkPk1TOAs8=s0-d-e1-ft#https:\/\/fonts.gstatic.com\/s\/e\/notoemoji\/16.0\/1f5d3\/72.png\" alt=\"\" aria-label=\"\" data-bit=\"iit\" \/>\u00a0<strong><span dir=\"auto\">Plazo de solicitud abierto hasta el 19 de enero de 2026.<\/span><\/strong>\r\n\r\n<span dir=\"auto\">Si tienes alguna <\/span><b><span dir=\"auto\">duda<\/span><\/b><span dir=\"auto\"> o necesitas <\/span><b><span dir=\"auto\">m\u00e1s informaci\u00f3n<\/span><\/b><span dir=\"auto\">, contacta con la Oficina de Relaciones Internacionales, a trav\u00e9s de correo electr\u00f3nico: <\/span><b><i><a href=\"mailto:internacional@unileon.es\" target=\"_blank\" rel=\"noopener\"><span dir=\"auto\">internacional@unileon.es<\/span><\/a><\/i><\/b><span dir=\"auto\">\u00a0o en el tel\u00e9fono<\/span><b><span dir=\"auto\"> 987 29 16 56<\/span><\/b><span dir=\"auto\">. Si prefieres pasarte por aqu\u00ed estamos en el Edificio de Servicios, Primera Planta.<\/span>\r\n\r\n<span dir=\"auto\">\u00a1No dejes pasar esta oportunidad y an\u00edmate a dar el salto internacional!<\/span>\r\n<h4><\/h4>\r\n<h4>CONVOCATORIA AMICUS 2026\/2027<\/h4>\r\n<ul>\r\n \t<li><a href=\"https:\/\/centros.unileon.es\/derecho\/files\/2025\/12\/convocatoria_amicus2025_2027.pdf\">Convocatoria AMICUS 2026\/2027<\/a><\/li>\r\n<\/ul>\r\n<span style=\"font-family: trebuchet ms, sans-serif;\"><span class=\"gmail_default\">Mas informaci\u00f3n en <\/span>siguiente\u00a0<a href=\"https:\/\/www.unileon.es\/internacional\/estudiantes\/movilidad-internacional-salientes\/amicus\" target=\"_blank\" rel=\"noopener\" data-saferedirecturl=\"https:\/\/www.google.com\/url?q=https:\/\/www.unileon.es\/internacional\/estudiantes\/movilidad-internacional-salientes\/amicus&amp;source=gmail&amp;ust=1766219141436000&amp;usg=AOvVaw2cEUj_CeOGOC1EH5sXXvEr\">enlace<\/a>.<\/span>\r\n\r\n&nbsp;\r\n<h3 style=\"text-align: justify;\"><strong>PROGRAMAS DE INTERCAMBIO ACAD\u00c9MICO <\/strong><\/h3>\r\n<ul>\r\n \t<li><a href=\"https:\/\/www.unileon.es\/internacional\/estudiantes\">Enlace a Programas de Movilidad<\/a><\/li>\r\n \t<li><a href=\"https:\/\/centros.unileon.es\/derecho\/files\/2025\/07\/NORMATIVA-INTERNA.pdf\">Normativa de movilidad de la Facultad de Derecho de la Universidad de Le\u00f3n (con tabla equivalencia calificaciones)<\/a><\/li>\r\n<\/ul>\r\n<p style=\"text-align: justify;\">Los intercambios de alumnos y profesores de la Facultad de Derecho de la Universidad de Le\u00f3n con otras Universidades se canalizan a trav\u00e9s de la participaci\u00f3n en los distintos programas de movilidad existentes, como el <strong>Programa Erasmus<\/strong> de la Uni\u00f3n Europea, el <strong>Programa Amicus<\/strong> con Universidades con acuerdos de intercambio internacional propios de la ULE y las posibilidades de movilidad nacional que ofrece el Programa<strong> SICUE<\/strong>.<\/p>\r\n<p style=\"text-align: justify;\">Sin duda, una estancia de estudios en otra Universidad constituye por s\u00ed misma una experiencia sumamente positiva, tanto desde el punto de vista acad\u00e9mico como de enriquecimiento personal. Los alumnos y profesores seleccionados para llevar a cabo este tipo de intercambios se convierten as\u00ed en embajadores de nuestra Facultad y de la Universidad de Le\u00f3n en las instituciones de destino, adquiriendo una responsabilidad encaminada en todo momento a que su comportamiento asegure el mantenimiento de la relaci\u00f3n existente y los acuerdos de intercambio futuros. Adem\u00e1s, en una titulaci\u00f3n como el Grado en Derecho, que tiene como objetivo primordial proporcionar a los alumnos una formaci\u00f3n jur\u00eddica adecuada, la movilidad es una pieza de importancia, mediante la cual se pretende conseguir que el estudiante tenga acceso a otras culturas jur\u00eddicas diferentes. As\u00ed enfocada, la movilidad del alumno le permitir\u00e1 conseguir un acervo jur\u00eddico amplio, en el que la formaci\u00f3n t\u00e9cnico-jur\u00eddico fundamentada sobre el ordenamiento espa\u00f1ol no ha de estar re\u00f1ida con la amplitud de miras necesaria para entender el sistema jur\u00eddico en toda su complejidad.<\/p>\r\n<p style=\"text-align: justify;\">A los efectos indicados, la <em>Oficina<\/em><em> de Relaciones Internacionales<\/em> (Vicerrectorado de Relaciones Internacionales e Institucionales) constituye el eje desde el que se articula la movilidad estudiantil en la Universidad de Le\u00f3n. De forma complementaria, la Facultad de Derecho cuenta con una<strong>\u00a0Comisi\u00f3n de Programas de Intercambio y Movilidad,<\/strong>\u00a0encargada de la selecci\u00f3n de estudiantes, el reconocimiento de las asignaturas cursadas en las universidades de destino y otras tareas afines que le asigna la normativa aprobada por el Consejo de Gobierno de esta Universidad. Adem\u00e1s, como responsable de los programas de intercambio en el Centro, existe una\u00a0<strong>Coordinadora de la Facultad de Derecho para programas de movilidad,<\/strong>\u00a0cargo que en la actualidad ocupa la Profa. Dra. Lidia Garc\u00eda Mart\u00edn (tfno. +34 98729 3268, email:\u00a0<a href=\"mailto:dcara@unileon.es\" target=\"_blank\" rel=\"noopener\">lidia.garcia@unileon.es<\/a><wbr \/>), y que presta apoyo y asesoramiento a los alumnos en movilidad, tanto espa\u00f1oles como extranjeros.<span style=\"color: #555555; font-family: Trebuchet MS, Tahoma, sans-serif;\">\r\n<\/span><\/p>\r\n<p style=\"text-align: justify;\">En la secci\u00f3n \u201c<a href=\"https:\/\/www.unileon.es\/internacional\/estudiantes\/movilidad-internacional-salientes\">Movilidad Internacional-Estudiantes salientes<\/a>\u201d de la p\u00e1gina Web de la ULE se recoge toda la normativa reguladora de los programas de movilidad salientes: Convocatoria, plazos de solicitud, requisitos, documentaci\u00f3n requerida, condiciones, etc.<\/p>\r\n&nbsp;\r\n\r\n&nbsp;","protected":false},"excerpt":{"rendered":"<p>CONVOCATORIA MOVILIDAD BIP, NEWTON UNIVERSITY Movilidad de corta duraci\u00f3n para estudiantes de la Facultad de Derecho de la ULE con el fin de asistir a \u201cBIP. LEADING IN THE AGE OF INTELLIGENCE\u201d, Praga, Rep\u00fablica Checa. Fechas de la estancia: del 2 al 6 de febrero de 2026. Se ofertan 2 plazas para estudiantes matriculados durante [&hellip;]<\/p>\n","protected":false},"author":149,"featured_media":0,"parent":0,"menu_order":0,"comment_status":"closed","ping_status":"closed","template":"","meta":{"footnotes":""},"class_list":["post-4228","page","type-page","status-publish","hentry"],"_links":{"self":[{"href":"https:\/\/centros.unileon.es\/derecho\/wp-json\/wp\/v2\/pages\/4228","targetHints":{"allow":["GET"]}}],"collection":[{"href":"https:\/\/centros.unileon.es\/derecho\/wp-json\/wp\/v2\/pages"}],"about":[{"href":"https:\/\/centros.unileon.es\/derecho\/wp-json\/wp\/v2\/types\/page"}],"author":[{"embeddable":true,"href":"https:\/\/centros.unileon.es\/derecho\/wp-json\/wp\/v2\/users\/149"}],"replies":[{"embeddable":true,"href":"https:\/\/centros.unileon.es\/derecho\/wp-json\/wp\/v2\/comments?post=4228"}],"version-history":[{"count":25,"href":"https:\/\/centros.unileon.es\/derecho\/wp-json\/wp\/v2\/pages\/4228\/revisions"}],"predecessor-version":[{"id":6115,"href":"https:\/\/centros.unileon.es\/derecho\/wp-json\/wp\/v2\/pages\/4228\/revisions\/6115"}],"wp:attachment":[{"href":"https:\/\/centros.unileon.es\/derecho\/wp-json\/wp\/v2\/media?parent=4228"}],"curies":[{"name":"wp","href":"https:\/\/api.w.org\/{rel}","templated":true}]}}