{"id":4222,"date":"2021-10-05T17:46:03","date_gmt":"2021-10-05T17:46:03","guid":{"rendered":"https:\/\/centros.unileon.es\/derecho\/?page_id=4222"},"modified":"2024-12-18T12:53:07","modified_gmt":"2024-12-18T12:53:07","slug":"plan-de-accion-tutorial","status":"publish","type":"page","link":"https:\/\/centros.unileon.es\/derecho\/plan-de-accion-tutorial\/","title":{"rendered":"Plan de Acci\u00f3n Tutorial"},"content":{"rendered":"<strong>PLAN DE ACCI\u00d3N TUTORIAL<\/strong>\r\n<p style=\"text-align: justify;\">\u00a0<strong>Informaci\u00f3n general<\/strong><\/p>\r\n<p style=\"text-align: justify;\">\u00a0Aparte del sistema ordinario de tutor\u00edas de todo el profesorado, la Facultad de Derecho participa en el <strong>Plan de Acci\u00f3n Tutorial<\/strong> (PAT) que, organizado institucionalmente desde el Vicerrectorado de Calidad y Acreditaci\u00f3n de la Universidad de Le\u00f3n (Oficina de Evaluaci\u00f3n y Calidad), se inici\u00f3 con los estudiantes de nuevo ingreso en el Curso 2002 y que consecutivamente se ha ido ampliando, de tal manera que en el momento actual se halla plenamente establecido un satisfactorio sistema de informaci\u00f3n, orientaci\u00f3n y seguimiento acad\u00e9mico para los estudiantes de primer y segundo a\u00f1o de las titulaciones impartidas en la Facultad, mediante la asignaci\u00f3n de un profesor-tutor.<\/p>\r\n<a href=\"http:\/\/www8.unileon.es\/rec\/calidad\/pat\/\">Enlace al Plan de Acci\u00f3n Tutorial<\/a>\r\n<p style=\"text-align: justify;\">\u00a0El Plan de Acci\u00f3n Tutorial pretende ser un sistema permanente de orientaci\u00f3n acad\u00e9mica en el que cada alumno tendr\u00e1 asignado un Tutor a lo largo de sus estudios. El equipo de tutores de la Facultad de Derecho, integrado por Profesores del Centro, adapta las l\u00edneas generales del PAT a las necesidades de cada titulaci\u00f3n y a los espec\u00edficos resultados de la experiencia, ofreciendo la posibilidad tanto de reuniones peri\u00f3dicas de los alumnos con el respectivo tutor como entrevistas personales a demanda. En la actualidad, la <strong>Coordinadora del Plan de Acci\u00f3n Tutorial en la Facultad de Derecho<\/strong> es la Profa. Dra. Marina Morla Gonz\u00e1lez (E-mail: <em>marina<\/em>.<em>morla<\/em>@unileon.es)<strong>.<\/strong><\/p>\r\n<p style=\"text-align: justify;\"><strong>\u00a0 Objetivos y funcionamiento del PAT<\/strong><\/p>\r\n<p style=\"text-align: justify;\"><em>\u00a0 <strong>Objetivos<\/strong><\/em><strong>:<\/strong> Entre los principales objetivos espec\u00edficos del PAT cabe mencionar los siguientes:<\/p>\r\n\r\n<ul style=\"text-align: justify;\">\r\n \t<li>Facilitar al estudiante la integraci\u00f3n en el sistema universitario<\/li>\r\n \t<li>Guiar al estudiante en el desarrollo de estrategias de aprendizaje<\/li>\r\n \t<li>Facilitar informaci\u00f3n a los alumnos sobre aspectos acad\u00e9micos relacionados con: planes de estudio, horarios, calendario ex\u00e1menes, otras actividades acad\u00e9micas, salidas profesionales, sistemas de trabajo, tiempo de estudio etc.<\/li>\r\n \t<li>Orientar al estudiante en su trayectoria curricular<\/li>\r\n \t<li>Informarle sobre salidas profesionales de la titulaci\u00f3n<\/li>\r\n<\/ul>\r\n<p style=\"text-align: justify;\"><strong><em>\u00a0<\/em><em>Organizaci\u00f3n y Coordinaci\u00f3n<\/em>:<\/strong> Sin perjuicio de la coordinaci\u00f3n institucional del PAT de la Facultad de Derecho por parte de la Oficina de Evaluaci\u00f3n y Calidad de la ULE, el propio Centro cuenta con un Coordinador responsable al que competen, entre otras m\u00faltiples funciones -que se detallan en la indicada p\u00e1gina web-, la del seguimiento de la distribuci\u00f3n y asignaci\u00f3n de estudiantes a los Profesores-tutores (asignaci\u00f3n del n\u00famero de estudiantes por profesor que nunca ser\u00e1 superior a 25).<\/p>\r\n<p style=\"text-align: justify;\"><strong><em>\u00a0Actividades a desarrollar por los Tutores<\/em>:<\/strong> El profesorado con funciones de Tutor deber\u00e1 desarrollar las actividades que seguidamente se enumeran de forma resumida:<\/p>\r\n\r\n<ul style=\"text-align: justify;\">\r\n \t<li>Reuniones con su grupo de estudiantes. Tres reuniones del tutor con los estudiantes asignados: una primera sesi\u00f3n de toma de contacto (octubre\/noviembre), una segunda sesi\u00f3n de seguimiento (enero) y una tercera sesi\u00f3n de balance del curso acad\u00e9mico (abril\/mayo).<\/li>\r\n \t<li>Diagn\u00f3stico de las sesiones (informe general de cada sesi\u00f3n)<\/li>\r\n \t<li>Reuniones internas de los profesores-tutores y del coordinador de la Facultad (tres reuniones aproximadamente)<\/li>\r\n \t<li>Balance del curso (evaluaci\u00f3n final)<\/li>\r\n<\/ul>\r\n<p style=\"text-align: justify;\"><\/p>","protected":false},"excerpt":{"rendered":"<p>PLAN DE ACCI\u00d3N TUTORIAL \u00a0Informaci\u00f3n general \u00a0Aparte del sistema ordinario de tutor\u00edas de todo el profesorado, la Facultad de Derecho participa en el Plan de Acci\u00f3n Tutorial (PAT) que, organizado institucionalmente desde el Vicerrectorado de Calidad y Acreditaci\u00f3n de la Universidad de Le\u00f3n (Oficina de Evaluaci\u00f3n y Calidad), se inici\u00f3 con los estudiantes de nuevo [&hellip;]<\/p>\n","protected":false},"author":149,"featured_media":0,"parent":0,"menu_order":0,"comment_status":"closed","ping_status":"closed","template":"","meta":{"footnotes":""},"class_list":["post-4222","page","type-page","status-publish","hentry"],"_links":{"self":[{"href":"https:\/\/centros.unileon.es\/derecho\/wp-json\/wp\/v2\/pages\/4222","targetHints":{"allow":["GET"]}}],"collection":[{"href":"https:\/\/centros.unileon.es\/derecho\/wp-json\/wp\/v2\/pages"}],"about":[{"href":"https:\/\/centros.unileon.es\/derecho\/wp-json\/wp\/v2\/types\/page"}],"author":[{"embeddable":true,"href":"https:\/\/centros.unileon.es\/derecho\/wp-json\/wp\/v2\/users\/149"}],"replies":[{"embeddable":true,"href":"https:\/\/centros.unileon.es\/derecho\/wp-json\/wp\/v2\/comments?post=4222"}],"version-history":[{"count":6,"href":"https:\/\/centros.unileon.es\/derecho\/wp-json\/wp\/v2\/pages\/4222\/revisions"}],"predecessor-version":[{"id":5772,"href":"https:\/\/centros.unileon.es\/derecho\/wp-json\/wp\/v2\/pages\/4222\/revisions\/5772"}],"wp:attachment":[{"href":"https:\/\/centros.unileon.es\/derecho\/wp-json\/wp\/v2\/media?parent=4222"}],"curies":[{"name":"wp","href":"https:\/\/api.w.org\/{rel}","templated":true}]}}