{"id":397,"date":"2013-11-04T09:02:00","date_gmt":"2013-11-04T09:02:00","guid":{"rendered":"http:\/\/centros.unileon.es\/derecho\/?page_id=397"},"modified":"2013-11-04T09:05:46","modified_gmt":"2013-11-04T09:05:46","slug":"i-seminario-sobre-relaciones-juridicas-internacionales-familia-e-interculturalidad","status":"publish","type":"page","link":"https:\/\/centros.unileon.es\/derecho\/i-seminario-sobre-relaciones-juridicas-internacionales-familia-e-interculturalidad\/","title":{"rendered":"I Seminario sobre Relaciones Jur\u00eddicas Internacionales: Familia e Interculturalidad"},"content":{"rendered":"Las \u00c1reas de Derecho Internacional Privado y Derecho Eclesi\u00e1stico organizan el I Seminario sobre Relaciones Jur\u00eddicas Internacionales: Familia e Interculturalidad, en colaboraci\u00f3n con el Ayuntamiento de Le\u00f3n, la Junta de Castilla y Le\u00f3n y la Universidad de Le\u00f3n.\r\n\r\nFecha de celebraci\u00f3n: 6 y 13 de noviembre de 2013.\r\n\r\nLugar de celebraci\u00f3n: Sal\u00f3n de Grados de la Facultad de Derecho.\r\n\r\nPara poder inscribirse es necesario rellenar el siguiente <a href=\"http:\/\/centros.unileon.es\/derecho\/wp-content\/blogs.dir\/4\/files\/2013\/11\/Bolet\u00edn-Inscripci\u00f3n-Internacional-Privado.doc\">bolet\u00edn de inscripci\u00f3n<\/a>.\r\n\r\nLos alumnos de 2\u00ba y 4\u00ba de Grado en Derecho y de 5\u00ba de Licenciatura en Derecho de la Universidad de Le\u00f3n no necesitan cumplimentar el bolet\u00edn de inscripci\u00f3n. Para poder asistir al Seminario deben ponerse en contacto con el delegado de clase para firmar en la lista correspondiente.\r\n\r\nPara obtener m\u00e1s informaci\u00f3n sobre el programa del Seminario pinchar <a href=\"http:\/\/centros.unileon.es\/derecho\/wp-content\/blogs.dir\/4\/files\/2013\/11\/Seminario-Internacional-Privado.pdf\">aqu\u00ed<\/a>.","protected":false},"excerpt":{"rendered":"<p>Las \u00c1reas de Derecho Internacional Privado y Derecho Eclesi\u00e1stico organizan el I Seminario sobre Relaciones Jur\u00eddicas Internacionales: Familia e Interculturalidad, en colaboraci\u00f3n con el Ayuntamiento de Le\u00f3n, la Junta de Castilla y Le\u00f3n y la Universidad de Le\u00f3n. Fecha de celebraci\u00f3n: 6 y 13 de noviembre de 2013. Lugar de celebraci\u00f3n: Sal\u00f3n de Grados de [&hellip;]<\/p>\n","protected":false},"author":67,"featured_media":0,"parent":0,"menu_order":0,"comment_status":"closed","ping_status":"open","template":"","meta":{"footnotes":""},"class_list":["post-397","page","type-page","status-publish","hentry"],"_links":{"self":[{"href":"https:\/\/centros.unileon.es\/derecho\/wp-json\/wp\/v2\/pages\/397","targetHints":{"allow":["GET"]}}],"collection":[{"href":"https:\/\/centros.unileon.es\/derecho\/wp-json\/wp\/v2\/pages"}],"about":[{"href":"https:\/\/centros.unileon.es\/derecho\/wp-json\/wp\/v2\/types\/page"}],"author":[{"embeddable":true,"href":"https:\/\/centros.unileon.es\/derecho\/wp-json\/wp\/v2\/users\/67"}],"replies":[{"embeddable":true,"href":"https:\/\/centros.unileon.es\/derecho\/wp-json\/wp\/v2\/comments?post=397"}],"version-history":[{"count":3,"href":"https:\/\/centros.unileon.es\/derecho\/wp-json\/wp\/v2\/pages\/397\/revisions"}],"predecessor-version":[{"id":403,"href":"https:\/\/centros.unileon.es\/derecho\/wp-json\/wp\/v2\/pages\/397\/revisions\/403"}],"wp:attachment":[{"href":"https:\/\/centros.unileon.es\/derecho\/wp-json\/wp\/v2\/media?parent=397"}],"curies":[{"name":"wp","href":"https:\/\/api.w.org\/{rel}","templated":true}]}}