{"id":374,"date":"2013-10-23T11:12:05","date_gmt":"2013-10-23T11:12:05","guid":{"rendered":"http:\/\/centros.unileon.es\/derecho\/?page_id=374"},"modified":"2013-10-23T11:12:13","modified_gmt":"2013-10-23T11:12:13","slug":"mesa-redonda-sobre-empleo-irregular-y-fraude-seguridad-social","status":"publish","type":"page","link":"https:\/\/centros.unileon.es\/derecho\/mesa-redonda-sobre-empleo-irregular-y-fraude-seguridad-social\/","title":{"rendered":"Mesa Redonda sobre Empleo Irregular y Fraude Seguridad Social"},"content":{"rendered":"La Inspecci\u00f3n Provincial de Trabajo y Seguridad Social de Le\u00f3n, en colaboraci\u00f3n con la Facultad de Derecho y la Facultad de Ciencias del Trabajo de la Universidad de Le\u00f3n, organiza una Mesa Redonda sobre \u00abLa lucha contra el empleo irregular y el fraude a la Seguridad Social\u00bb.\r\n\r\nLugar de celebraci\u00f3n: Sal\u00f3n de Grados de la Facultad de Derecho.\r\n\r\nFecha de celebraci\u00f3n: Viernes 8 de noviembre de 2013 a las 11:00 horas.\r\n\r\nAcceso libre.\r\n\r\nPara m\u00e1s informaci\u00f3n pichar <a href=\"http:\/\/centros.unileon.es\/derecho\/wp-content\/blogs.dir\/4\/files\/2013\/10\/Mesa-Redonda-Inspecci\u00f3n-de-Trabajo.pdf\">aqu\u00ed<\/a>.","protected":false},"excerpt":{"rendered":"<p>La Inspecci\u00f3n Provincial de Trabajo y Seguridad Social de Le\u00f3n, en colaboraci\u00f3n con la Facultad de Derecho y la Facultad de Ciencias del Trabajo de la Universidad de Le\u00f3n, organiza una Mesa Redonda sobre \u00abLa lucha contra el empleo irregular y el fraude a la Seguridad Social\u00bb. Lugar de celebraci\u00f3n: Sal\u00f3n de Grados de la [&hellip;]<\/p>\n","protected":false},"author":67,"featured_media":0,"parent":0,"menu_order":0,"comment_status":"closed","ping_status":"open","template":"","meta":{"footnotes":""},"class_list":["post-374","page","type-page","status-publish","hentry"],"_links":{"self":[{"href":"https:\/\/centros.unileon.es\/derecho\/wp-json\/wp\/v2\/pages\/374","targetHints":{"allow":["GET"]}}],"collection":[{"href":"https:\/\/centros.unileon.es\/derecho\/wp-json\/wp\/v2\/pages"}],"about":[{"href":"https:\/\/centros.unileon.es\/derecho\/wp-json\/wp\/v2\/types\/page"}],"author":[{"embeddable":true,"href":"https:\/\/centros.unileon.es\/derecho\/wp-json\/wp\/v2\/users\/67"}],"replies":[{"embeddable":true,"href":"https:\/\/centros.unileon.es\/derecho\/wp-json\/wp\/v2\/comments?post=374"}],"version-history":[{"count":1,"href":"https:\/\/centros.unileon.es\/derecho\/wp-json\/wp\/v2\/pages\/374\/revisions"}],"predecessor-version":[{"id":376,"href":"https:\/\/centros.unileon.es\/derecho\/wp-json\/wp\/v2\/pages\/374\/revisions\/376"}],"wp:attachment":[{"href":"https:\/\/centros.unileon.es\/derecho\/wp-json\/wp\/v2\/media?parent=374"}],"curies":[{"name":"wp","href":"https:\/\/api.w.org\/{rel}","templated":true}]}}