{"id":3480,"date":"2020-03-22T12:23:20","date_gmt":"2020-03-22T12:23:20","guid":{"rendered":"https:\/\/centros.unileon.es\/derecho\/?page_id=3480"},"modified":"2022-04-22T10:51:07","modified_gmt":"2022-04-22T10:51:07","slug":"emergencia-sanitaria","status":"publish","type":"page","link":"https:\/\/centros.unileon.es\/derecho\/emergencia-sanitaria\/","title":{"rendered":"Emergencia Sanitaria"},"content":{"rendered":"<h3 style=\"text-align: center;\"><strong>TEL\u00c9FONO ANTE S\u00cdNTOMAS: <span class=\"st\">900 222 000<\/span><\/strong><\/h3>\r\n<h3><strong>PREVENCI\u00d3N DE RIESGOS LABORALES:<\/strong><\/h3>\r\n<a href=\"https:\/\/centros.unileon.es\/derecho\/files\/2020\/03\/informacion_empresas_covid19.jpg\"><img loading=\"lazy\" decoding=\"async\" class=\"alignnone wp-image-3481\" src=\"https:\/\/centros.unileon.es\/derecho\/files\/2020\/03\/informacion_empresas_covid19.jpg\" alt=\"\" width=\"612\" height=\"433\" \/><\/a>\r\n<h3><\/h3>\r\n<h3><strong>AISLAMIENTO DOMICILIARIO:<\/strong><\/h3>\r\n<a href=\"https:\/\/centros.unileon.es\/derecho\/files\/2020\/03\/aislamiento_domicilio_covid19.jpg\"><img loading=\"lazy\" decoding=\"async\" class=\"wp-image-3478 aligncenter\" src=\"https:\/\/centros.unileon.es\/derecho\/files\/2020\/03\/aislamiento_domicilio_covid19.jpg\" alt=\"\" width=\"575\" height=\"799\" \/><\/a>\r\n<h3><strong>INFORMACI\u00d3N ACTUALIZADA:<\/strong><\/h3>\r\n<ul>\r\n \t<li class=\"first-child\"><a href=\"https:\/\/www.mscbs.gob.es\/profesionales\/saludPublica\/ccayes\/alertasActual\/nCov-China\/home.htm\">Ministerio de Sanidad<\/a><\/li>\r\n \t<li><a href=\"https:\/\/comunicacion.jcyl.es\/web\/es\/coronavirus.html\">Comunicados Junta de Castilla y Le\u00f3n<\/a><\/li>\r\n \t<li class=\"last-child\"><a href=\"https:\/\/www.saludcastillayleon.es\/profesionales\/es?locale=es_ES\">Informaci\u00f3n Junta de Castilla y Le\u00f3n<\/a><\/li>\r\n \t<li><a href=\"http:\/\/servicios.unileon.es\/unidad-prevencion-riesgos-laborales\/\">Universidad de Le\u00f3n: Unidad de prevenci\u00f3n de riesgoslaborales<\/a><\/li>\r\n<\/ul>\r\n&nbsp;","protected":false},"excerpt":{"rendered":"<p>TEL\u00c9FONO ANTE S\u00cdNTOMAS: 900 222 000 PREVENCI\u00d3N DE RIESGOS LABORALES: AISLAMIENTO DOMICILIARIO: INFORMACI\u00d3N ACTUALIZADA: Ministerio de Sanidad Comunicados Junta de Castilla y Le\u00f3n Informaci\u00f3n Junta de Castilla y Le\u00f3n Universidad de Le\u00f3n: Unidad de prevenci\u00f3n de riesgoslaborales &nbsp;<\/p>\n","protected":false},"author":149,"featured_media":0,"parent":0,"menu_order":0,"comment_status":"closed","ping_status":"closed","template":"","meta":{"footnotes":""},"class_list":["post-3480","page","type-page","status-publish","hentry"],"_links":{"self":[{"href":"https:\/\/centros.unileon.es\/derecho\/wp-json\/wp\/v2\/pages\/3480","targetHints":{"allow":["GET"]}}],"collection":[{"href":"https:\/\/centros.unileon.es\/derecho\/wp-json\/wp\/v2\/pages"}],"about":[{"href":"https:\/\/centros.unileon.es\/derecho\/wp-json\/wp\/v2\/types\/page"}],"author":[{"embeddable":true,"href":"https:\/\/centros.unileon.es\/derecho\/wp-json\/wp\/v2\/users\/149"}],"replies":[{"embeddable":true,"href":"https:\/\/centros.unileon.es\/derecho\/wp-json\/wp\/v2\/comments?post=3480"}],"version-history":[{"count":12,"href":"https:\/\/centros.unileon.es\/derecho\/wp-json\/wp\/v2\/pages\/3480\/revisions"}],"predecessor-version":[{"id":4546,"href":"https:\/\/centros.unileon.es\/derecho\/wp-json\/wp\/v2\/pages\/3480\/revisions\/4546"}],"wp:attachment":[{"href":"https:\/\/centros.unileon.es\/derecho\/wp-json\/wp\/v2\/media?parent=3480"}],"curies":[{"name":"wp","href":"https:\/\/api.w.org\/{rel}","templated":true}]}}