{"id":338,"date":"2013-09-30T17:07:09","date_gmt":"2013-09-30T17:07:09","guid":{"rendered":"http:\/\/centros.unileon.es\/derecho\/?page_id=338"},"modified":"2013-10-02T07:50:28","modified_gmt":"2013-10-02T07:50:28","slug":"cursos-de-formacion-destinados-a-los-alumnos-de-la-facultad","status":"publish","type":"page","link":"https:\/\/centros.unileon.es\/derecho\/cursos-de-formacion-destinados-a-los-alumnos-de-la-facultad\/","title":{"rendered":"Cursos de Formaci\u00f3n Destinados a los Alumnos de la Facultad"},"content":{"rendered":"El personal de Biblioteca de las Facultades de Derecho y Ciencias del Trabajo\u00a0organiza unos Cursos de Formaci\u00f3n destinado a los alumnos de ambas\u00a0Facultades\u00a0sobre manejo de cat\u00e1logos, bases de datos y herramientas inform\u00e1ticas de la Biblioteca.\r\n\r\nLos cursos se impartir\u00e1n en el Aula de Inform\u00e1tica de la Facultad los d\u00edas 10, 16 y 17\u00a0de octubre\u00a0de 2013.\r\n\r\nPara m\u00e1s informaci\u00f3n pinchar <a href=\"http:\/\/centros.unileon.es\/derecho\/wp-content\/blogs.dir\/4\/files\/2013\/09\/Cartel-Biblioteca-20131.pdf\">aqu\u00ed<\/a>.","protected":false},"excerpt":{"rendered":"<p>El personal de Biblioteca de las Facultades de Derecho y Ciencias del Trabajo\u00a0organiza unos Cursos de Formaci\u00f3n destinado a los alumnos de ambas\u00a0Facultades\u00a0sobre manejo de cat\u00e1logos, bases de datos y herramientas inform\u00e1ticas de la Biblioteca. Los cursos se impartir\u00e1n en el Aula de Inform\u00e1tica de la Facultad los d\u00edas 10, 16 y 17\u00a0de octubre\u00a0de 2013. [&hellip;]<\/p>\n","protected":false},"author":67,"featured_media":0,"parent":0,"menu_order":0,"comment_status":"closed","ping_status":"open","template":"","meta":{"footnotes":""},"class_list":["post-338","page","type-page","status-publish","hentry"],"_links":{"self":[{"href":"https:\/\/centros.unileon.es\/derecho\/wp-json\/wp\/v2\/pages\/338","targetHints":{"allow":["GET"]}}],"collection":[{"href":"https:\/\/centros.unileon.es\/derecho\/wp-json\/wp\/v2\/pages"}],"about":[{"href":"https:\/\/centros.unileon.es\/derecho\/wp-json\/wp\/v2\/types\/page"}],"author":[{"embeddable":true,"href":"https:\/\/centros.unileon.es\/derecho\/wp-json\/wp\/v2\/users\/67"}],"replies":[{"embeddable":true,"href":"https:\/\/centros.unileon.es\/derecho\/wp-json\/wp\/v2\/comments?post=338"}],"version-history":[{"count":5,"href":"https:\/\/centros.unileon.es\/derecho\/wp-json\/wp\/v2\/pages\/338\/revisions"}],"predecessor-version":[{"id":347,"href":"https:\/\/centros.unileon.es\/derecho\/wp-json\/wp\/v2\/pages\/338\/revisions\/347"}],"wp:attachment":[{"href":"https:\/\/centros.unileon.es\/derecho\/wp-json\/wp\/v2\/media?parent=338"}],"curies":[{"name":"wp","href":"https:\/\/api.w.org\/{rel}","templated":true}]}}