{"id":3312,"date":"2019-12-12T09:42:31","date_gmt":"2019-12-12T09:42:31","guid":{"rendered":"https:\/\/centros.unileon.es\/derecho\/?page_id=3312"},"modified":"2019-12-12T09:42:56","modified_gmt":"2019-12-12T09:42:56","slug":"ciclo-de-conferencias-sobre-cambio-climatico-10-de-diciembre-de-2019","status":"publish","type":"page","link":"https:\/\/centros.unileon.es\/derecho\/ciclo-de-conferencias-sobre-cambio-climatico-10-de-diciembre-de-2019\/","title":{"rendered":"Ciclo de Conferencias sobre Cambio Clim\u00e1tico, 10 de diciembre de 2019"},"content":{"rendered":"<p style=\"text-align: justify;\">Las Facultades de Derecho\u00a0 y Ciencias del Trabajo acogen el Ciclo de Conferencias sobre <strong>Cambio Clim\u00e1tico<\/strong>.<\/p>\r\n<p style=\"text-align: justify;\"><strong>Fecha y hora:<\/strong> 10 de diciembre de 2019, de 12:30 a 14:30.<\/p>\r\n<p style=\"text-align: justify;\"><strong>Lugar:<\/strong> Sal\u00f3n de Grados de las Facultades de Derecho y Ciencias del Trabajo de la Universidad de L\u00e9on.<\/p>\r\n<p style=\"text-align: justify;\"><a href=\"https:\/\/centros.unileon.es\/derecho\/files\/2019\/12\/Cartel-conferencia.pdf\">Cartel Conferencias<\/a><\/p>","protected":false},"excerpt":{"rendered":"<p>Las Facultades de Derecho\u00a0 y Ciencias del Trabajo acogen el Ciclo de Conferencias sobre Cambio Clim\u00e1tico. Fecha y hora: 10 de diciembre de 2019, de 12:30 a 14:30. Lugar: Sal\u00f3n de Grados de las Facultades de Derecho y Ciencias del Trabajo de la Universidad de L\u00e9on. Cartel Conferencias<\/p>\n","protected":false},"author":149,"featured_media":0,"parent":0,"menu_order":0,"comment_status":"closed","ping_status":"closed","template":"","meta":{"footnotes":""},"class_list":["post-3312","page","type-page","status-publish","hentry"],"_links":{"self":[{"href":"https:\/\/centros.unileon.es\/derecho\/wp-json\/wp\/v2\/pages\/3312","targetHints":{"allow":["GET"]}}],"collection":[{"href":"https:\/\/centros.unileon.es\/derecho\/wp-json\/wp\/v2\/pages"}],"about":[{"href":"https:\/\/centros.unileon.es\/derecho\/wp-json\/wp\/v2\/types\/page"}],"author":[{"embeddable":true,"href":"https:\/\/centros.unileon.es\/derecho\/wp-json\/wp\/v2\/users\/149"}],"replies":[{"embeddable":true,"href":"https:\/\/centros.unileon.es\/derecho\/wp-json\/wp\/v2\/comments?post=3312"}],"version-history":[{"count":3,"href":"https:\/\/centros.unileon.es\/derecho\/wp-json\/wp\/v2\/pages\/3312\/revisions"}],"predecessor-version":[{"id":3316,"href":"https:\/\/centros.unileon.es\/derecho\/wp-json\/wp\/v2\/pages\/3312\/revisions\/3316"}],"wp:attachment":[{"href":"https:\/\/centros.unileon.es\/derecho\/wp-json\/wp\/v2\/media?parent=3312"}],"curies":[{"name":"wp","href":"https:\/\/api.w.org\/{rel}","templated":true}]}}