{"id":3269,"date":"2019-11-25T07:59:34","date_gmt":"2019-11-25T07:59:34","guid":{"rendered":"https:\/\/centros.unileon.es\/derecho\/?page_id=3269"},"modified":"2026-01-14T13:48:10","modified_gmt":"2026-01-14T13:48:10","slug":"elecciones-a-junta-de-facultad-2019-2020","status":"publish","type":"page","link":"https:\/\/centros.unileon.es\/derecho\/elecciones-a-junta-de-facultad-2019-2020\/","title":{"rendered":"Elecciones a Junta de Facultad"},"content":{"rendered":"<h3><strong>Elecciones a Junta de Facultad Curso 2025\/2026:<\/strong><\/h3>\r\n<ul>\r\n \t<li><a href=\"https:\/\/centros.unileon.es\/derecho\/files\/2025\/11\/1_ConvocatoriaElecciones.report.pdf\">Convocatoria elecciones a Junta de Facultad<\/a>, 21\/10\/2025.<\/li>\r\n \t<li><a href=\"https:\/\/centros.unileon.es\/derecho\/files\/2025\/11\/2a_ActaConstitucionComisionElectoral.pdf\">Acta de Constituci\u00f3n de la Junta Electoral<\/a>, 04\/11\/2025.<\/li>\r\n \t<li><a href=\"https:\/\/centros.unileon.es\/derecho\/files\/2025\/11\/3_Calendario_JuntaFacultad.pdf\">Calendario elecciones a Junta de Facultad<\/a>, 04\/11\/2025.<\/li>\r\n \t<li><a href=\"https:\/\/centros.unileon.es\/derecho\/files\/2025\/11\/Censo-Electoral.pdf\">Censo Electoral<\/a>, 04\/11\/2025.<\/li>\r\n \t<li><a href=\"https:\/\/centros.unileon.es\/derecho\/files\/2025\/11\/5_CensoDefinitivo.pdf\">Proclamaci\u00f3n del Censo electoral, 27\/11\/2025<\/a>.<\/li>\r\n \t<li><a href=\"https:\/\/centros.unileon.es\/derecho\/files\/2025\/12\/1_Oficio_Derecho__PDI_Solicitud-para-Junta-de-Facultad_25_261.docx\">Formulario presentaci\u00f3n de candidaturas de personal permanente<\/a>.<\/li>\r\n \t<li><a href=\"https:\/\/centros.unileon.es\/derecho\/files\/2025\/12\/7_Porcentajes-composicion-Junta-por-estamentos.pdf\">Porcentajes composici\u00f3n Junta por estamentos y Convocatoria presentaci\u00f3n de candidaturas<\/a>, 09\/12\/2025.<\/li>\r\n \t<li><a href=\"https:\/\/centros.unileon.es\/derecho\/files\/2025\/12\/8.-Proclamacion-Provisional-1.pdf\">Proclamaci\u00f3n provisional de candidaturas,<\/a> 16\/12\/2025.<\/li>\r\n \t<li><a href=\"https:\/\/centros.unileon.es\/derecho\/files\/2026\/01\/9.-Proclamacion-Definitiva.pdf\">Proclamaci\u00f3n definitiva de candidaturas<\/a>, 12\/01\/2025.<\/li>\r\n<\/ul>","protected":false},"excerpt":{"rendered":"<p>Elecciones a Junta de Facultad Curso 2025\/2026: Convocatoria elecciones a Junta de Facultad, 21\/10\/2025. Acta de Constituci\u00f3n de la Junta Electoral, 04\/11\/2025. Calendario elecciones a Junta de Facultad, 04\/11\/2025. Censo Electoral, 04\/11\/2025. Proclamaci\u00f3n del Censo electoral, 27\/11\/2025. Formulario presentaci\u00f3n de candidaturas de personal permanente. Porcentajes composici\u00f3n Junta por estamentos y Convocatoria presentaci\u00f3n de candidaturas, 09\/12\/2025. [&hellip;]<\/p>\n","protected":false},"author":149,"featured_media":0,"parent":0,"menu_order":0,"comment_status":"closed","ping_status":"closed","template":"","meta":{"footnotes":""},"class_list":["post-3269","page","type-page","status-publish","hentry"],"_links":{"self":[{"href":"https:\/\/centros.unileon.es\/derecho\/wp-json\/wp\/v2\/pages\/3269","targetHints":{"allow":["GET"]}}],"collection":[{"href":"https:\/\/centros.unileon.es\/derecho\/wp-json\/wp\/v2\/pages"}],"about":[{"href":"https:\/\/centros.unileon.es\/derecho\/wp-json\/wp\/v2\/types\/page"}],"author":[{"embeddable":true,"href":"https:\/\/centros.unileon.es\/derecho\/wp-json\/wp\/v2\/users\/149"}],"replies":[{"embeddable":true,"href":"https:\/\/centros.unileon.es\/derecho\/wp-json\/wp\/v2\/comments?post=3269"}],"version-history":[{"count":96,"href":"https:\/\/centros.unileon.es\/derecho\/wp-json\/wp\/v2\/pages\/3269\/revisions"}],"predecessor-version":[{"id":6120,"href":"https:\/\/centros.unileon.es\/derecho\/wp-json\/wp\/v2\/pages\/3269\/revisions\/6120"}],"wp:attachment":[{"href":"https:\/\/centros.unileon.es\/derecho\/wp-json\/wp\/v2\/media?parent=3269"}],"curies":[{"name":"wp","href":"https:\/\/api.w.org\/{rel}","templated":true}]}}