{"id":323,"date":"2013-09-25T12:05:59","date_gmt":"2013-09-25T12:05:59","guid":{"rendered":"http:\/\/centros.unileon.es\/derecho\/?page_id=323"},"modified":"2013-09-25T12:06:29","modified_gmt":"2013-09-25T12:06:29","slug":"jornadas-informativas-instituto-de-la-juventud-de-castilla-y-leon","status":"publish","type":"page","link":"https:\/\/centros.unileon.es\/derecho\/jornadas-informativas-instituto-de-la-juventud-de-castilla-y-leon\/","title":{"rendered":"Jornadas Informativas Instituto de la Juventud de Castilla y Le\u00f3n"},"content":{"rendered":"<p style=\"text-align: justify\">El Instituto de la Juventud de Castilla y Le\u00f3n organiza unas Jornadas Informativas el pr\u00f3ximo 17 de octubre en el Hall de la Facultad de Derecho en horario de 10 a 14 horas.<\/p>\r\n<p style=\"text-align: justify\">En ellas se informar\u00e1 sobre la cartera de servicios y prestaciones a los j\u00f3venes que ofrece dicho Instituto y que consisten en:<\/p>\r\n<p style=\"text-align: justify\">1. Oficinas de la Red de Igualdad y Juventud Activa, con informaci\u00f3n pr\u00e1ctica y orientada al universitario sobre b\u00fasqueda de empleo, pr\u00e1cticas laborales, becas en Espa\u00f1a y en el extranjero, asesoramiento sobre autoempleo y creaci\u00f3n de empresas, oportunidades de acceso a una vivienda, microcr\u00e9ditos para emprendedores, idiomas en el extranjero, etc.<\/p>\r\n<p style=\"text-align: justify\">\u00a02. Divulgaci\u00f3n del portal de Juventud de Castilla y Le\u00f3n www.juventud.jcyl.es<\/p>\r\n<p style=\"text-align: justify\">\u00a03. Carnets para j\u00f3venes.<\/p>\r\n<p style=\"text-align: justify\">\u00a04. Redes sociales del Instituto: twitter, facebook y youtube.<\/p>\r\n<p style=\"text-align: justify\">\u00a05. Instalaciones juveniles, residencias, campamento y albergues.<\/p>\r\n<p style=\"text-align: justify\">\u00a06. Titulaciones propias en materia de juventud.<\/p>\r\n<p style=\"text-align: justify\">\u00a07. Cursos de formaci\u00f3n de la Escuela Castilla.<\/p>\r\n<p style=\"text-align: justify\">\u00a08. Informaci\u00f3n sobre asociacionismo y voluntariado.<\/p>\r\n<p style=\"text-align: justify\">\u00a09. Actividades y campa\u00f1as propias del Instituto de la Juventud de ocio y tiempo libres, actividades art\u00edsticas y culturales, etc.<\/p>","protected":false},"excerpt":{"rendered":"<p>El Instituto de la Juventud de Castilla y Le\u00f3n organiza unas Jornadas Informativas el pr\u00f3ximo 17 de octubre en el Hall de la Facultad de Derecho en horario de 10 a 14 horas. En ellas se informar\u00e1 sobre la cartera de servicios y prestaciones a los j\u00f3venes que ofrece dicho Instituto y que consisten en: [&hellip;]<\/p>\n","protected":false},"author":67,"featured_media":0,"parent":0,"menu_order":0,"comment_status":"closed","ping_status":"open","template":"","meta":{"footnotes":""},"class_list":["post-323","page","type-page","status-publish","hentry"],"_links":{"self":[{"href":"https:\/\/centros.unileon.es\/derecho\/wp-json\/wp\/v2\/pages\/323","targetHints":{"allow":["GET"]}}],"collection":[{"href":"https:\/\/centros.unileon.es\/derecho\/wp-json\/wp\/v2\/pages"}],"about":[{"href":"https:\/\/centros.unileon.es\/derecho\/wp-json\/wp\/v2\/types\/page"}],"author":[{"embeddable":true,"href":"https:\/\/centros.unileon.es\/derecho\/wp-json\/wp\/v2\/users\/67"}],"replies":[{"embeddable":true,"href":"https:\/\/centros.unileon.es\/derecho\/wp-json\/wp\/v2\/comments?post=323"}],"version-history":[{"count":2,"href":"https:\/\/centros.unileon.es\/derecho\/wp-json\/wp\/v2\/pages\/323\/revisions"}],"predecessor-version":[{"id":325,"href":"https:\/\/centros.unileon.es\/derecho\/wp-json\/wp\/v2\/pages\/323\/revisions\/325"}],"wp:attachment":[{"href":"https:\/\/centros.unileon.es\/derecho\/wp-json\/wp\/v2\/media?parent=323"}],"curies":[{"name":"wp","href":"https:\/\/api.w.org\/{rel}","templated":true}]}}