{"id":3213,"date":"2019-10-14T11:01:16","date_gmt":"2019-10-14T11:01:16","guid":{"rendered":"https:\/\/centros.unileon.es\/derecho\/?page_id=3213"},"modified":"2022-02-13T18:43:28","modified_gmt":"2022-02-13T18:43:28","slug":"jornada-experiencias-internacionales-de-colaboracion-de-estudiantes-con-personas-provadas-de-libertad-16-de-octubre-de-2019","status":"publish","type":"page","link":"https:\/\/centros.unileon.es\/derecho\/jornada-experiencias-internacionales-de-colaboracion-de-estudiantes-con-personas-provadas-de-libertad-16-de-octubre-de-2019\/","title":{"rendered":"Jornada \u00abExperiencias internacionales de colaboraci\u00f3n de estudiantes con personas privadas de libertad\u00bb, 16 de octubre de 2019"},"content":{"rendered":"<p style=\"text-align: justify;\">El \u00c1rea de Derecho Penal la Universidad de Le\u00f3n organiza una Jornada sobre Experiencias internacionales de colaboraci\u00f3n de estudiantes con personas privadas de libertad (PAGID 2018).\r\nParticipan como ponentes estudiantes del m\u00e1ster de abogac\u00eda de la ULE, estudiantes de la Universidad EAFIT (Medell\u00edn, Colombia) y estudiantes de UNAULA (Medell\u00edn, Colombia), profesores de las tres Universidades, representantes del Centro penitenciario de Le\u00f3n y del Ilustre Colegio de Abogados de Le\u00f3n.<\/p>\r\n<strong>Fecha y hora:<\/strong> mi\u00e9rcoles 16 de octubre de 2019.\r\n\r\n<strong>Lugar de celebraci\u00f3n:<\/strong> Sal\u00f3n de Grados de la Facultad de Derecho.\r\n\r\n<strong>Cartel de la Jornada:<\/strong> <a href=\"https:\/\/centros.unileon.es\/derecho\/files\/2019\/10\/Cartel-PAGID-2018-Alumnos-2.pdf\">Cartel PAGID<\/a>","protected":false},"excerpt":{"rendered":"<p>El \u00c1rea de Derecho Penal la Universidad de Le\u00f3n organiza una Jornada sobre Experiencias internacionales de colaboraci\u00f3n de estudiantes con personas privadas de libertad (PAGID 2018). Participan como ponentes estudiantes del m\u00e1ster de abogac\u00eda de la ULE, estudiantes de la Universidad EAFIT (Medell\u00edn, Colombia) y estudiantes de UNAULA (Medell\u00edn, Colombia), profesores de las tres Universidades, [&hellip;]<\/p>\n","protected":false},"author":149,"featured_media":0,"parent":0,"menu_order":0,"comment_status":"closed","ping_status":"closed","template":"","meta":{"footnotes":""},"class_list":["post-3213","page","type-page","status-publish","hentry"],"_links":{"self":[{"href":"https:\/\/centros.unileon.es\/derecho\/wp-json\/wp\/v2\/pages\/3213","targetHints":{"allow":["GET"]}}],"collection":[{"href":"https:\/\/centros.unileon.es\/derecho\/wp-json\/wp\/v2\/pages"}],"about":[{"href":"https:\/\/centros.unileon.es\/derecho\/wp-json\/wp\/v2\/types\/page"}],"author":[{"embeddable":true,"href":"https:\/\/centros.unileon.es\/derecho\/wp-json\/wp\/v2\/users\/149"}],"replies":[{"embeddable":true,"href":"https:\/\/centros.unileon.es\/derecho\/wp-json\/wp\/v2\/comments?post=3213"}],"version-history":[{"count":3,"href":"https:\/\/centros.unileon.es\/derecho\/wp-json\/wp\/v2\/pages\/3213\/revisions"}],"predecessor-version":[{"id":4369,"href":"https:\/\/centros.unileon.es\/derecho\/wp-json\/wp\/v2\/pages\/3213\/revisions\/4369"}],"wp:attachment":[{"href":"https:\/\/centros.unileon.es\/derecho\/wp-json\/wp\/v2\/media?parent=3213"}],"curies":[{"name":"wp","href":"https:\/\/api.w.org\/{rel}","templated":true}]}}