{"id":3201,"date":"2019-10-13T10:16:29","date_gmt":"2019-10-13T10:16:29","guid":{"rendered":"https:\/\/centros.unileon.es\/derecho\/?page_id=3201"},"modified":"2019-10-13T10:16:56","modified_gmt":"2019-10-13T10:16:56","slug":"congreso-internacional-hispano-brasileno-14-de-octubre-de-2019","status":"publish","type":"page","link":"https:\/\/centros.unileon.es\/derecho\/congreso-internacional-hispano-brasileno-14-de-octubre-de-2019\/","title":{"rendered":"Congreso Internacional Hispano-Brasile\u00f1o, 14 de octubre de 2019."},"content":{"rendered":"<p style=\"text-align: justify;\">Con motivo de la visita acad\u00e9mica de una delegaci\u00f3n de profesores e investigadores de la Universidade Est\u00e1cio de S\u00e1 (UNESA), las Facultades de Derecho y Ciencias del Trabajo de la Universidad de Le\u00f3n, acogen la celebraci\u00f3n del Congreso Internacional Hispano-Brasile\u00f1o, que propone el debate sobre algunas cuestiones jur\u00eddicas actuales de relevancia en ambos pa\u00edses.<\/p>\r\n<p style=\"text-align: justify;\"><strong>Fecha y hora:<\/strong> lunes 14 de octubre de 2019.<\/p>\r\n<p style=\"text-align: justify;\"><strong>Lugar de celebraci\u00f3n:<\/strong> Sal\u00f3n de Actos de las Facultades de Derecho y Ciencias del Trabajo.<\/p>\r\nTr\u00edptico con el programa del evento: <a href=\"https:\/\/centros.unileon.es\/derecho\/files\/2019\/10\/PROGRAMA_congreso-internacional-Hispano-Brasile\u00f1o.pdf\">enlace tr\u00edptico Congreso Internacional Hispano Brasile\u00f1o<\/a>","protected":false},"excerpt":{"rendered":"<p>Con motivo de la visita acad\u00e9mica de una delegaci\u00f3n de profesores e investigadores de la Universidade Est\u00e1cio de S\u00e1 (UNESA), las Facultades de Derecho y Ciencias del Trabajo de la Universidad de Le\u00f3n, acogen la celebraci\u00f3n del Congreso Internacional Hispano-Brasile\u00f1o, que propone el debate sobre algunas cuestiones jur\u00eddicas actuales de relevancia en ambos pa\u00edses. Fecha [&hellip;]<\/p>\n","protected":false},"author":149,"featured_media":0,"parent":0,"menu_order":0,"comment_status":"closed","ping_status":"closed","template":"","meta":{"footnotes":""},"class_list":["post-3201","page","type-page","status-publish","hentry"],"_links":{"self":[{"href":"https:\/\/centros.unileon.es\/derecho\/wp-json\/wp\/v2\/pages\/3201","targetHints":{"allow":["GET"]}}],"collection":[{"href":"https:\/\/centros.unileon.es\/derecho\/wp-json\/wp\/v2\/pages"}],"about":[{"href":"https:\/\/centros.unileon.es\/derecho\/wp-json\/wp\/v2\/types\/page"}],"author":[{"embeddable":true,"href":"https:\/\/centros.unileon.es\/derecho\/wp-json\/wp\/v2\/users\/149"}],"replies":[{"embeddable":true,"href":"https:\/\/centros.unileon.es\/derecho\/wp-json\/wp\/v2\/comments?post=3201"}],"version-history":[{"count":2,"href":"https:\/\/centros.unileon.es\/derecho\/wp-json\/wp\/v2\/pages\/3201\/revisions"}],"predecessor-version":[{"id":3204,"href":"https:\/\/centros.unileon.es\/derecho\/wp-json\/wp\/v2\/pages\/3201\/revisions\/3204"}],"wp:attachment":[{"href":"https:\/\/centros.unileon.es\/derecho\/wp-json\/wp\/v2\/media?parent=3201"}],"curies":[{"name":"wp","href":"https:\/\/api.w.org\/{rel}","templated":true}]}}