{"id":319,"date":"2013-09-25T12:02:30","date_gmt":"2013-09-25T12:02:30","guid":{"rendered":"http:\/\/centros.unileon.es\/derecho\/?page_id=319"},"modified":"2013-09-25T12:02:50","modified_gmt":"2013-09-25T12:02:50","slug":"seminario-sobre-libertad-de-conciencia","status":"publish","type":"page","link":"https:\/\/centros.unileon.es\/derecho\/seminario-sobre-libertad-de-conciencia\/","title":{"rendered":"Seminario sobre Libertad de Conciencia"},"content":{"rendered":"El \u00c1rea de Derecho\u00a0Eclesi\u00e1stico del Estad0\u00a0de la Universidad de Le\u00f3n organiza un\u00a0Seminario sobre \u00abLibertad de conciencia y objeci\u00f3n de conciencia: La relevancia de la distinci\u00f3n actos\/omisiones\u00bb.\r\n\r\nFecha:\u00a0Jueves 3\u00a0de\u00a0Octubre de 2013 a las 11.30 horas.\r\n\r\nLugar: Sal\u00f3n de Grados de la Facultad de Derecho.\r\n\r\nDestinatarios: Asistencia libre.\r\n\r\nPara m\u00e1s informaci\u00f3n pinchar <a href=\"http:\/\/centros.unileon.es\/derecho\/wp-content\/blogs.dir\/4\/files\/2013\/09\/Cartel-Derecho-Eclesi\u00e1stico.pdf\">aqu\u00ed<\/a>.","protected":false},"excerpt":{"rendered":"<p>El \u00c1rea de Derecho\u00a0Eclesi\u00e1stico del Estad0\u00a0de la Universidad de Le\u00f3n organiza un\u00a0Seminario sobre \u00abLibertad de conciencia y objeci\u00f3n de conciencia: La relevancia de la distinci\u00f3n actos\/omisiones\u00bb. Fecha:\u00a0Jueves 3\u00a0de\u00a0Octubre de 2013 a las 11.30 horas. Lugar: Sal\u00f3n de Grados de la Facultad de Derecho. Destinatarios: Asistencia libre. Para m\u00e1s informaci\u00f3n pinchar aqu\u00ed.<\/p>\n","protected":false},"author":67,"featured_media":0,"parent":0,"menu_order":0,"comment_status":"closed","ping_status":"open","template":"","meta":{"footnotes":""},"class_list":["post-319","page","type-page","status-publish","hentry"],"_links":{"self":[{"href":"https:\/\/centros.unileon.es\/derecho\/wp-json\/wp\/v2\/pages\/319","targetHints":{"allow":["GET"]}}],"collection":[{"href":"https:\/\/centros.unileon.es\/derecho\/wp-json\/wp\/v2\/pages"}],"about":[{"href":"https:\/\/centros.unileon.es\/derecho\/wp-json\/wp\/v2\/types\/page"}],"author":[{"embeddable":true,"href":"https:\/\/centros.unileon.es\/derecho\/wp-json\/wp\/v2\/users\/67"}],"replies":[{"embeddable":true,"href":"https:\/\/centros.unileon.es\/derecho\/wp-json\/wp\/v2\/comments?post=319"}],"version-history":[{"count":2,"href":"https:\/\/centros.unileon.es\/derecho\/wp-json\/wp\/v2\/pages\/319\/revisions"}],"predecessor-version":[{"id":322,"href":"https:\/\/centros.unileon.es\/derecho\/wp-json\/wp\/v2\/pages\/319\/revisions\/322"}],"wp:attachment":[{"href":"https:\/\/centros.unileon.es\/derecho\/wp-json\/wp\/v2\/media?parent=319"}],"curies":[{"name":"wp","href":"https:\/\/api.w.org\/{rel}","templated":true}]}}