{"id":311,"date":"2013-09-23T17:45:28","date_gmt":"2013-09-23T17:45:28","guid":{"rendered":"http:\/\/centros.unileon.es\/derecho\/?page_id=311"},"modified":"2018-09-18T12:37:34","modified_gmt":"2018-09-18T12:37:34","slug":"master-universitario-en-abogacia","status":"publish","type":"page","link":"https:\/\/centros.unileon.es\/derecho\/master-universitario-en-abogacia\/","title":{"rendered":"M\u00e1ster Universitario en Abogac\u00eda"},"content":{"rendered":"<div>\r\n<div>\r\n<div>\r\n\r\n<strong>\u00a1AVISO IMPORTANTE!<\/strong>\r\n\r\nSe ha publicado en el BOE de 15 de septiembre de 2018 la segunda convocatoria para este a\u00f1o de la prueba de evaluaci\u00f3n de aptitud profesional para el ejercicio de la profesi\u00f3n de Abogado.\r\n\r\nPlazo de solicitud: desde el 17 de septiembre al 5 de octubre de 2018, ambos incluidos.\r\n\r\nLa fecha concreta de la prueba, prevista en principio para el s\u00e1bado 15 de diciembre de 2018, as\u00ed como el resto de informaci\u00f3n, puede consultarse en\u00a0<a href=\"http:\/\/www.mjusticia.gob.es\/cs\/Satellite\/Portal\/es\/servicios-ciudadano\/tramites-gestiones-personales\/acceso-profesion-abogado\" target=\"_blank\" rel=\"noopener\" data-saferedirecturl=\"https:\/\/www.google.com\/url?hl=es&amp;q=http:\/\/www.mjusticia.gob.es\/cs\/Satellite\/Portal\/es\/servicios-ciudadano\/tramites-gestiones-personales\/acceso-profesion-abogado&amp;source=gmail&amp;ust=1537358206984000&amp;usg=AFQjCNG_RSNDR-pc-APDZg-85kwi-1CiNg\">http:\/\/www.mjusticia.gob.<wbr \/>es\/cs\/Satellite\/Portal\/es\/serv<wbr \/>icios-ciudadano\/tramites-gesti<wbr \/>ones-personales\/acceso-profesi<wbr \/>on-abogado<\/a>.\r\n\r\n<\/div>\r\n<div><\/div>\r\n<\/div>\r\n<p style=\"text-align: justify;\"><strong>TRABAJO FIN DE M\u00c1STER CURSO ACAD\u00c9MICO 2017\/2018<\/strong><\/p>\r\n<p style=\"text-align: justify;\">En el documento adjunto se incluye la convocatoria para el registro y defensa del Trabajo Fin de M\u00e1ster <strong>(Convocatoria de febrero 2018)<\/strong>. Debido a la nueva composici\u00f3n de las Comisiones Juzgadoras encargadas de valorar los TFM Abogac\u00eda, aprobada en la Junta de la Facultad de Derecho de 20 de diciembre de 2017, se subsana y modifica la convocatoria para la defensa del TFM Abogac\u00eda en la fecha oficial de la pr\u00f3xima convocatoria, el 16 de febrero de 2018.<\/p>\r\n<a href=\"http:\/\/centros.unileon.es\/derecho\/files\/2018\/01\/Convocatoria-para-dep\u00f3sito-y-defensa-TFM-Abogac\u00eda-diciembre-2017-o-febrero-2018.-Modificaci\u00f3n.pdf\">Convocatoria para dep\u00f3sito y defensa TFM Abogac\u00eda (febrero 2018).\r\n<\/a>\r\n\r\n&nbsp;\r\n\r\n<strong>TRABAJO FIN DE M\u00c1STER CURSO ACAD\u00c9MICO 2018\/2019<\/strong>\r\n<p class=\"m_2149515698300172880gmail-Default\" style=\"text-align: justify;\">Listado de tutores y l\u00edneas de investigaci\u00f3n de los Trabajos Fin de M\u00e1ster en Abogac\u00eda para el Curso Acad\u00e9mico 2018\/2019. El alumno tiene de plazo hasta el viernes 20 de abril de 2018 para remitir un listado de hasta cinco tutores (por orden de preferencia, y salvo que elija tutor y este acepte, en cuyo caso bastar\u00e1 con comunicarlo) con los cuales desear\u00eda realizar el trabajo (sin perjuicio de la posibilidad de cotutorizaci\u00f3n por Profesores Asociados o Abogados del Ilustre Colegio de Abogados de Le\u00f3n que impartan docencia) a la siguiente direcci\u00f3n de correo electr\u00f3nico: <a href=\"mailto:jgquih@unileon.es\" target=\"_blank\" rel=\"noopener\"><span class=\"il\">jgquih@unileon.es<\/span><\/a>.<b><\/b><\/p>\r\n<p class=\"m_2149515698300172880gmail-Default\"><a href=\"http:\/\/centros.unileon.es\/derecho\/files\/2013\/09\/Listado-Tutores-y-temas-TFM-Abogac\u00eda.-Curso-2018-2019-1.pdf\">Listado Tutores TFM Alumnos Primera Matr\u00edcula Curso 2018\/2019<\/a><\/p>\r\n\r\n<\/div>\r\n<a href=\"http:\/\/centros.unileon.es\/derecho\/files\/2018\/05\/Listado-Tutores-TFM-alumnos-primer-a\u00f1o-2017-2018-TFM-2018-2019.pdf\">Listado Tutores Asignados TFM Alumnos primer a\u00f1o 2017-2018 (TFM 2018-2019)<\/a>\r\n\r\n&nbsp;\r\n\r\n<strong>INFORMACI\u00d3N GENERAL: M\u00c1STER UNIVERSITARIO EN ABOGAC\u00cdA<\/strong>\r\n\r\n<a href=\"http:\/\/www.unileon.es\/files\/Planificaci\u00f3n%20ense\u00f1anzas%20para%20Web%20Abogac\u00eda.pdf\">Plan de Estudios M\u00e1ster Universitario en Abogac\u00eda<\/a>\r\n\r\n<a href=\"http:\/\/www.unileon.es\/estudiantes\/estudiantes-master\/oferta-titulaciones\/mu-abogacia\/plan-estudios\">Gu\u00edas Docentes de las Asignaturas<\/a>\r\n\r\n<a href=\"http:\/\/www.unileon.es\/files\/Tabla%20de%20Titulaciones%20de%20Acceso%20Abogac\u00eda.pdf\">Titulaciones de Acceso<\/a>\r\n\r\n<a href=\"http:\/\/centros.unileon.es\/derecho\/wp-content\/blogs.dir\/4\/files\/2013\/09\/Cuadro-de-Profesores.pdf\">Cuadro de Profesores del M\u00e1ster<\/a>\r\n\r\n<a href=\"http:\/\/centros.unileon.es\/derecho\/files\/2013\/09\/Reglamento-TFM-Master-Universitario-en-Abogac\u00eda.pdf\">Reglamento TFM M\u00e1ster Universitario en Abogac\u00eda<\/a>\r\n<p style=\"text-align: justify;\"><strong>\u00bfQu\u00e9 es?<\/strong><\/p>\r\n<p style=\"text-align: justify;\">\u00a0Se trata de un posgrado oficial, con validez en todo el territorio nacional, estructurado en un curso presencial con una duraci\u00f3n de 90 cr\u00e9ditos. El M\u00e1ster procurar\u00e1 a los alumnos una capacitaci\u00f3n para el ejercicio profesional mediante la combinaci\u00f3n adecuada de la teor\u00eda que procura el curso de formaci\u00f3n (60 ECTS) y las pr\u00e1cticas externas continuadas (30 ECTS), con el fin de que los titulados adquieran la confianza y seguridad suficiente para ejercer adecuadamente la profesi\u00f3n de abogado.<\/p>\r\n<p style=\"text-align: justify;\">La Ley 34\/2006, de 30 de octubre sobre el acceso a las profesiones de Abogado y Procurador de los Tribunales, introduce como requisito para la obtenci\u00f3n del t\u00edtulo profesional de abogado culminar la formaci\u00f3n del Grado con el M\u00e1ster en Abogac\u00eda que a su vez habilita para acceder a la prueba oficial de evaluaci\u00f3n final para la obtenci\u00f3n del titulo profesional de abogado.<\/p>\r\n<p style=\"text-align: justify;\">\u00a0Para facilitar la realizaci\u00f3n por los alumnos de las Pr\u00e1cticas en Empresas \u2013cuyo car\u00e1cter es obligatorio-, se han firmado diversos Convenios de Colaboraci\u00f3n con Asesor\u00edas jur\u00eddicas, despachos profesionales de abogados y graduados sociales, entidades financieras, sindicatos, Administraciones P\u00fablicas y empresas de trabajo temporal.<\/p>\r\n<p style=\"text-align: justify;\">\u00a0El Master en Abogac\u00eda se imparte en el edificio de la Facultad de Derecho, sito en el Campus de Vegazana, en horario de tarde, de 16:00 a 20:00 hs., de lunes a viernes.<\/p>\r\n<p style=\"text-align: justify;\">\u00a0El COORDINADOR de dicho M\u00e1ster es el Prof. Dr. Jos\u00e9 Gustavo Quir\u00f3s Hidalgo (Tlfo.: 987 293428; E-mail: jgquih@unileon.es).<\/p>\r\n<p style=\"text-align: justify;\">El Coordinador por parte de Ilmo. Colegio de Abogados de Le\u00f3n es D\u00f1a. Laura Fra Rodr\u00edguez (laurafra@ical.es , tel\u00e9fono 987 226447).<\/p>\r\n<p style=\"text-align: justify;\">\u00a0El cargo de Tutor de Pr\u00e1cticas en Empresas lo ostenta actualmente el Prof. Dr. Pedro \u00c1lvarez S\u00e1nchez de Movell\u00e1n (Tlfo.: 987291381; E-mail: <a href=\"mailto:pedro.movellan@unileon.es\">pedro.movellan@unileon.es<\/a>).<\/p>\r\n<p style=\"text-align: justify;\">\u00a0Asimismo existen dos Comisiones Juzgadoras del Trabajo Fin de M\u00e1ster (trabajo que tiene car\u00e1cter obligatorio) y una Comisi\u00f3n Acad\u00e9mica del Master.<\/p>\r\n<p style=\"text-align: justify;\">\u00a0<strong>\u00bfQu\u00e9 competencias se adquieren?<\/strong><\/p>\r\n<p style=\"text-align: justify;\">\u00a0El M\u00e1ster Universitario en Abogac\u00eda tiene como objetivo formativo general proporcionar a los alumnos una preparaci\u00f3n integral, que incluya aspectos te\u00f3ricos y, sobre todo pr\u00e1cticos, del conjunto de elementos que integran el ejercicio de la profesi\u00f3n de Abogado. Este objetivo general puede ser desglosado en otros particulares:<\/p>\r\n<p style=\"text-align: justify;\">\u00a0&#8211; Dar cumplimiento a los requerimientos de formaci\u00f3n que establece la Ley 34\/2006, de 30 de octubre, en relaci\u00f3n con los profesionales de la Abogac\u00eda.<\/p>\r\n<p style=\"text-align: justify;\">\u00a0&#8211; La formaci\u00f3n profesional de calidad de los futuros abogados en cuanto que colaboradores relevantes de la Administraci\u00f3n de Justicia para la garant\u00eda del ejercicio del derecho fundamental a la tutela judicial efectiva.<\/p>\r\n<p style=\"text-align: justify;\">\u00a0&#8211; Facilitar la futura inserci\u00f3n profesional de los egresados mediante el conocimiento del marco jur\u00eddico y el entorno real del ejercicio profesional de la Abogac\u00eda.<\/p>\r\n<p style=\"text-align: justify;\">\u00a0&#8211; Sensibilizar a los y las estudiantes en los valores democr\u00e1ticos y en los valores \u00e9ticos y deontol\u00f3gicos de la profesi\u00f3n.<\/p>\r\n<p style=\"text-align: justify;\">\u00a0&#8211; Adquisici\u00f3n de los convenientes recursos personales para ejercer con destreza y capacidad la profesi\u00f3n de abogado.<\/p>\r\n<p style=\"text-align: justify;\">\u00a0&#8211; Conseguir soltura en el manejo de los derechos objeto de la defensa<\/p>\r\n<p style=\"text-align: justify;\">\u00a0<strong>Estructura del M\u00e1ster<\/strong><\/p>\r\n<p style=\"text-align: justify;\">\u00a0Como se ha destacado anteriormente, el Master est\u00e1 estructurado en un curso de formaci\u00f3n (60 cr\u00e9ditos ECTS) y un per\u00edodo de pr\u00e1cticas externas (30 cr\u00e9ditos ECTS).<\/p>\r\n<p style=\"text-align: justify;\">\u00a0El programa formativo que deber\u00e1n cursar los estudiantes se estructura en torno a cinco m\u00f3dulos, correspondiente el primero a cuestiones transversales necesarias para el ejercicio de la abogac\u00eda, tales como el marco jur\u00eddico colegial y la pr\u00e1ctica en t\u00e9cnicas e instrumentos en el ejercicio de la abogac\u00eda. Los restantes bloques responden a las materias que se podr\u00edan integrar dentro de los cuatro \u00f3rdenes jurisdiccionales, pero tratando tanto los aspectos extrajudiciales como judiciales. Con esta estructura se pretende combinar la formaci\u00f3n generalista en las competencias, habilidades y actitudes requeridas para el ejercicio de la Abogac\u00eda, de un lado, y su aplicaci\u00f3n a \u00e1mbitos de especializaci\u00f3n material m\u00e1s espec\u00edficos, de otro.<\/p>\r\n<p style=\"text-align: justify;\">\u00a0Por \u00faltimo, el Trabajo Fin de M\u00e1ster constituye una actividad tendente a plasmar la experiencia formativa del estudiante bajo un modelo de elaboraci\u00f3n de un expediente judicial o de un dictamen relativo a un caso pr\u00e1ctico relacionado con las materias objeto de estudio.<\/p>\r\n<p style=\"text-align: justify;\">\u00a0Durante el desarrollo del curso de formaci\u00f3n, los alumnos del M\u00e1ster efectuar\u00e1n coet\u00e1neamente pr\u00e1cticas en instituciones y tribunales que reforzar\u00e1n los conocimientos adquiridos. El m\u00f3dulo de Pr\u00e1cticas Externas permitir\u00e1 la traslaci\u00f3n de los resultados del aprendizaje alcanzados en los m\u00f3dulos anteriores a una experiencia real de ejercicio profesional. Su duraci\u00f3n temporal ser\u00e1 de 4 meses en alg\u00fan centro con actividad jur\u00eddica pr\u00e1ctica tales como:<\/p>\r\n<p style=\"text-align: justify;\">\u00a0\u2022 Despachos de abogados.<\/p>\r\n<p style=\"text-align: justify;\">\u00a0\u2022 Asesor\u00edas jur\u00eddicas de empresas.<\/p>\r\n<p style=\"text-align: justify;\">\u00a0\u2022 Asesoria jur\u00eddica de Administraciones P\u00fablicas.<\/p>\r\n<p style=\"text-align: justify;\">\u00a0\u2022 Abogac\u00eda del Estado.<\/p>\r\n<p style=\"text-align: justify;\">\u00a0\u2022 Asesor\u00edas laborales de centrales sindicales.<\/p>\r\n<p style=\"text-align: justify;\">\u00a0\u2022 Centros de detenci\u00f3n e instituciones penitenciarias.<\/p>\r\n<p style=\"text-align: justify;\">\u00a0\u2022 Etc.<\/p>\r\n<p style=\"text-align: justify;\">Los 90 cr\u00e9ditos ECTS del M\u00e1ster en Abogac\u00eda por la Universidad de Le\u00f3n se impartir\u00e1n en un periodo de 18 Meses. El plan de estudios distribuye los cr\u00e9ditos en dos fases. La primera comprende un periodo formativo de 60 cr\u00e9ditos ECTS distribuidos en asignaturas con un enfoque eminentemente pr\u00e1ctico, que ser\u00e1n impartidas por profesores, abogados en ejercicio y otros profesionales. Los 30 cr\u00e9ditos ECTS correspondientes a la segunda parte del curso se dedican a un periodo de pr\u00e1cticas dise\u00f1ado, organizado y homologado por el Ilustre Colegio de Abogados de Le\u00f3n.<\/p>\r\n<p style=\"text-align: justify;\">\u00a0<strong>Salidas profesionales<\/strong><\/p>\r\n<p style=\"text-align: justify;\">\u00a0El M\u00e1ster Universitario en Abogac\u00eda por la Universidad de Le\u00f3n ofrece una formaci\u00f3n avanzada y especializada en la materia, que capacita al futuro titulado para el ejercicio de la profesi\u00f3n libre, ya sea por cuenta propia o por cuenta ajena.<\/p>\r\n<p style=\"text-align: justify;\">\u00a0<strong>Destinatarios<\/strong><\/p>\r\n<p style=\"text-align: justify;\"><strong>\u00a0<\/strong>Partiendo de la acotaci\u00f3n realizada por el propio Reglamento de acceso a la profesi\u00f3n de abogado, y teniendo en cuenta el documento de la REACU \u201cOrientaciones para la elaboraci\u00f3n de las memorias de verificaci\u00f3n de los t\u00edtulos de Master vinculados al acceso a las profesiones de abogados y procurador\u201d (versi\u00f3n 27-12-2011), cabe concretar, como requisitos espec\u00edficos de acceso y admisi\u00f3n en el Master Universitario en Abogac\u00eda por la Universidad de Le\u00f3n, que ser\u00e1 preciso (aptdo. 9) \u201cposeer un T\u00edtulo universitario de Licenciado en Derecho, Grado en Derecho (verificados con anterioridad a la publicaci\u00f3n de Real Decreto 775\/2011) u otro T\u00edtulo de Grado equivalente que\u00a0 acredite la adquisici\u00f3n de las competencias jur\u00eddicas estipuladas en el art\u00edculo 3 del Real Decreto 775\/2011\u201d.<\/p>\r\n<p style=\"text-align: justify;\">\u00a0Sobre este particular, \u201cen las propuestas de nuevos Grados cuya solicitud de verificaci\u00f3n se solicite a partir de la fecha de entrada en vigor del Real Decreto 775\/2011, la valoraci\u00f3n de que el plan de estudios contempla aquellos requerimientos para acceder al M\u00e1ster de Abogac\u00eda y Procuradur\u00eda se realizar\u00e1 dentro del proceso de verificaci\u00f3n del T\u00edtulo de Grado y se har\u00e1 constar en el correspondiente informe de evaluaci\u00f3n. No tendr\u00e1n que solicitar nueva verificaci\u00f3n los t\u00edtulos de Graduado en Derecho que ya estaban verificados en la fecha de entrada en vigor del Real Decreto 775\/2011. Se entender\u00e1 que los poseedores de dichos t\u00edtulos as\u00ed como los licenciados en Derecho cumplen los requisitos de acceso a estos Masteres al considerarse que han adquirido las competencias fijadas en el art\u00edculo 3 del citado Real Decreto\u201d.<\/p>\r\n<p style=\"text-align: justify;\">\u00a0En el caso de un t\u00edtulo extranjero, \u00e9ste debe de estar homologado en Espa\u00f1a.<\/p>\r\n<p style=\"text-align: justify;\">\u00a0Presupuesto lo anterior, y tras advertirse que no se prev\u00e9n pruebas de acceso especiales para el M\u00e1ster Universitario en Abogac\u00eda, es preciso remitirse a la informaci\u00f3n sobre los requisitos de acceso a las ense\u00f1anzas universitarias oficiales de M\u00e1ster en la Universidad de Le\u00f3n, que se encuentra recogida en:<\/p>\r\n<p style=\"text-align: justify;\">\u00a0<a href=\"http:\/\/www.unileon.es\/estudiantes\/estudiantes-que-desean-acceder\">http:\/\/www.unileon.es\/estudiantes\/estudiantes-que-desean-acceder<\/a><\/p>\r\n<p style=\"text-align: justify;\"><a href=\"http:\/\/www.unileon.es\/estudiantes\/estudiantes-que-desean-acceder\/solicitudes-iniciar-estudios\/master\">http:\/\/www.unileon.es\/estudiantes\/estudiantes-que-desean-acceder\/solicitudes-iniciar-estudios\/master<\/a><\/p>\r\n<p style=\"text-align: justify;\">\u00a0En esos mismos enlaces se puede obtener toda la informaci\u00f3n relativa a las modalidades de preinscripci\u00f3n en los M\u00e1steres oficiales de la ULE, la documentaci\u00f3n que debe aportar el solicitante, los criterios de valoraci\u00f3n para la adjudicaci\u00f3n de plazas, etc.<\/p>\r\n<p style=\"text-align: justify;\">Asimismo, en la p\u00e1gina http:\/\/www.unileon.es\/estudiantes\/estudiantes-master se encuentra disponible la informaci\u00f3n sobre la \u201cMatr\u00edcula\u201d en los estudios de M\u00e1ster de la Universidad de Le\u00f3n: plazos de matr\u00edcula; documentaci\u00f3n a aportar por el alumno; procedimientos de matriculaci\u00f3n; precios y tarifas de matr\u00edcula \u2013conforme al Decreto de la Junta de Castilla y Le\u00f3n por el que se fijan, para el correspondiente curso acad\u00e9mico, los precios p\u00fablicos por estudios universitarios conducentes a la obtenci\u00f3n de t\u00edtulos oficiales y servicios acad\u00e9micos complementarios en las Universidades p\u00fablicas de Castilla y Le\u00f3n-, as\u00ed como las diversas modalidades de pago y las exenciones y bonificaciones previstas legalmente, etc. En dicha direcci\u00f3n se remite tambi\u00e9n a la Secretar\u00eda Virtual de la web de la Universidad de Le\u00f3n (con su correspondiente tabl\u00f3n de anuncios virtual), a fin de que el estudiante pueda conocer los datos de su expediente, sus notas y calificaciones o la situaci\u00f3n de su matr\u00edcula, pueda adem\u00e1s realizar diversos tr\u00e1mites administrativos y tenga igualmente la oportunidad de informarse de temas actuales de su incumbencia acad\u00e9mica (reconocimiento de cr\u00e9ditos, etc.).<\/p>\r\n<p style=\"text-align: justify;\">\u00a0Para m\u00e1s informaci\u00f3n sobre estos estudios universitarios oficiales de posgrado de la Universidad de Le\u00f3n puedes dirigirte a:<\/p>\r\n<p style=\"text-align: justify;\">\u00a0&#8211; UNIDAD DE POSGRADO<\/p>\r\n<p style=\"text-align: justify;\">Edificio de Gesti\u00f3n Acad\u00e9mica<\/p>\r\n<p style=\"text-align: justify;\">Campus de Vegazana s\/n.<\/p>\r\n<p style=\"text-align: justify;\">24071 Le\u00f3n<\/p>\r\n<p style=\"text-align: justify;\">Tlfo.: 987 291696<\/p>\r\n<p style=\"text-align: justify;\">Fax: 987 291616<\/p>\r\n<p style=\"text-align: justify;\"><a href=\"http:\/\/centros.unileon.es\/derecho\/wp-admin\/posgrado@unileon.es\">posgrado@unileon.es<\/a><\/p>\r\n<p style=\"text-align: justify;\">\u00a0&#8211; FACULTAD DE DERECHO<\/p>\r\n<p style=\"text-align: justify;\">Campus de Vegazana, s\/n<\/p>\r\n<p style=\"text-align: justify;\">24071 Le\u00f3n<\/p>\r\n<p style=\"text-align: justify;\">Tlfo.: 987 291354 \u2013 1355 \u2013 1357<\/p>\r\n<p style=\"text-align: justify;\"><a href=\"http:\/\/centros.unileon.es\/derecho\/wp-admin\/www3.unileon.es\/ce\/fde\">www3.unileon.es\/ce\/fde<\/a><\/p>","protected":false},"excerpt":{"rendered":"<p>\u00a1AVISO IMPORTANTE! Se ha publicado en el BOE de 15 de septiembre de 2018 la segunda convocatoria para este a\u00f1o de la prueba de evaluaci\u00f3n de aptitud profesional para el ejercicio de la profesi\u00f3n de Abogado. Plazo de solicitud: desde el 17 de septiembre al 5 de octubre de 2018, ambos incluidos. La fecha concreta [&hellip;]<\/p>\n","protected":false},"author":67,"featured_media":0,"parent":0,"menu_order":0,"comment_status":"closed","ping_status":"open","template":"","meta":{"footnotes":""},"class_list":["post-311","page","type-page","status-publish","hentry"],"_links":{"self":[{"href":"https:\/\/centros.unileon.es\/derecho\/wp-json\/wp\/v2\/pages\/311","targetHints":{"allow":["GET"]}}],"collection":[{"href":"https:\/\/centros.unileon.es\/derecho\/wp-json\/wp\/v2\/pages"}],"about":[{"href":"https:\/\/centros.unileon.es\/derecho\/wp-json\/wp\/v2\/types\/page"}],"author":[{"embeddable":true,"href":"https:\/\/centros.unileon.es\/derecho\/wp-json\/wp\/v2\/users\/67"}],"replies":[{"embeddable":true,"href":"https:\/\/centros.unileon.es\/derecho\/wp-json\/wp\/v2\/comments?post=311"}],"version-history":[{"count":37,"href":"https:\/\/centros.unileon.es\/derecho\/wp-json\/wp\/v2\/pages\/311\/revisions"}],"predecessor-version":[{"id":2416,"href":"https:\/\/centros.unileon.es\/derecho\/wp-json\/wp\/v2\/pages\/311\/revisions\/2416"}],"wp:attachment":[{"href":"https:\/\/centros.unileon.es\/derecho\/wp-json\/wp\/v2\/media?parent=311"}],"curies":[{"name":"wp","href":"https:\/\/api.w.org\/{rel}","templated":true}]}}