{"id":3077,"date":"2019-08-26T11:03:15","date_gmt":"2019-08-26T11:03:15","guid":{"rendered":"https:\/\/centros.unileon.es\/derecho\/?page_id=3077"},"modified":"2019-08-26T11:05:21","modified_gmt":"2019-08-26T11:05:21","slug":"estudiantes-de-masteres-oficiales","status":"publish","type":"page","link":"https:\/\/centros.unileon.es\/derecho\/estudiantes-de-masteres-oficiales\/","title":{"rendered":"Estudiantes de M\u00e1steres Oficiales"},"content":{"rendered":"<div class=\"content\">\r\n\r\n<strong>CONSIDERACIONES GENERALES:<\/strong>\r\n<ul style=\"list-style-type: disc;\">\r\n \t<li style=\"text-align: justify;\">Se entiende por reconocimiento la aceptaci\u00f3n por la Universidad de Le\u00f3n de los cr\u00e9ditos que, habiendo sido obtenidos en ense\u00f1anzas oficiales de M\u00e1ster, equivalente o Doctorado, en la misma u otra Universidad, son computados en otras ense\u00f1anzas distintas de la Universidad de Le\u00f3n a efectos de la obtenci\u00f3n de un t\u00edtulo oficial de M\u00e1ster.<\/li>\r\n \t<li style=\"text-align: justify;\">El Trabajo Fin de M\u00e1ster no ser\u00e1 objeto de reconocimiento.<\/li>\r\n<\/ul>\r\n<strong>NORMATIVA Y DOCUMENTOS:<\/strong>\r\n<ul style=\"list-style-type: disc;\">\r\n \t<li><a href=\"https:\/\/www.unileon.es\/estudiantes\/estudiantes-grado\/reconocimiento-y-transferencia-de-creditos\">Reconocimiento y transferencia de Cr\u00e9ditos de M\u00e1steres Oficiales<\/a><\/li>\r\n<\/ul>\r\n<\/div>","protected":false},"excerpt":{"rendered":"<p>CONSIDERACIONES GENERALES: Se entiende por reconocimiento la aceptaci\u00f3n por la Universidad de Le\u00f3n de los cr\u00e9ditos que, habiendo sido obtenidos en ense\u00f1anzas oficiales de M\u00e1ster, equivalente o Doctorado, en la misma u otra Universidad, son computados en otras ense\u00f1anzas distintas de la Universidad de Le\u00f3n a efectos de la obtenci\u00f3n de un t\u00edtulo oficial de [&hellip;]<\/p>\n","protected":false},"author":149,"featured_media":0,"parent":0,"menu_order":0,"comment_status":"closed","ping_status":"closed","template":"","meta":{"footnotes":""},"class_list":["post-3077","page","type-page","status-publish","hentry"],"_links":{"self":[{"href":"https:\/\/centros.unileon.es\/derecho\/wp-json\/wp\/v2\/pages\/3077","targetHints":{"allow":["GET"]}}],"collection":[{"href":"https:\/\/centros.unileon.es\/derecho\/wp-json\/wp\/v2\/pages"}],"about":[{"href":"https:\/\/centros.unileon.es\/derecho\/wp-json\/wp\/v2\/types\/page"}],"author":[{"embeddable":true,"href":"https:\/\/centros.unileon.es\/derecho\/wp-json\/wp\/v2\/users\/149"}],"replies":[{"embeddable":true,"href":"https:\/\/centros.unileon.es\/derecho\/wp-json\/wp\/v2\/comments?post=3077"}],"version-history":[{"count":3,"href":"https:\/\/centros.unileon.es\/derecho\/wp-json\/wp\/v2\/pages\/3077\/revisions"}],"predecessor-version":[{"id":3081,"href":"https:\/\/centros.unileon.es\/derecho\/wp-json\/wp\/v2\/pages\/3077\/revisions\/3081"}],"wp:attachment":[{"href":"https:\/\/centros.unileon.es\/derecho\/wp-json\/wp\/v2\/media?parent=3077"}],"curies":[{"name":"wp","href":"https:\/\/api.w.org\/{rel}","templated":true}]}}