{"id":3053,"date":"2019-08-26T10:22:47","date_gmt":"2019-08-26T10:22:47","guid":{"rendered":"https:\/\/centros.unileon.es\/derecho\/?page_id=3053"},"modified":"2026-01-26T08:39:17","modified_gmt":"2026-01-26T08:39:17","slug":"horarios-doble-grado-dade-ule","status":"publish","type":"page","link":"https:\/\/centros.unileon.es\/derecho\/horarios-doble-grado-dade-ule\/","title":{"rendered":"Horarios Doble Grado en DADE"},"content":{"rendered":"<h3 style=\"text-align: justify;\"><strong>CALENDARIO GENERAL DE LA UNIVERSIDAD DE LE\u00d3N<\/strong><\/h3>\r\n<ul style=\"text-align: justify;\">\r\n \t<li class=\"first-child last-child\"><a href=\"https:\/\/centros.unileon.es\/derecho\/files\/2024\/06\/Calendario-Grado-2024-2025-1.pdf\">Calendario Lectivo ULE Grados Curso 2025\/2026<\/a><\/li>\r\n<\/ul>\r\n&nbsp;\r\n<h3 style=\"text-align: justify;\"><strong>HORARIOS DOBLE GRADO EN DERECHO Y ADMINISTRACI\u00d3N Y DIRECCI\u00d3N DE EMPRESAS (DADE):<\/strong><\/h3>\r\n<strong>FECHA DE COMIENZO DE CLASES<\/strong><strong>\u00a0(Curso 2024\/2025):<\/strong>\r\n<ul>\r\n \t<li>Fecha de comienzo de las clases Curso 2024\/2025: <strong>lunes 8 de septiembre de 2025<\/strong>.<\/li>\r\n \t<li><strong>Los estudiantes de Primer Curso<\/strong>\u00a0tendr\u00e1n la <strong>Jornada de Acogida, <\/strong>durante las primeras horas de clase, en la que se les dar\u00e1 informaci\u00f3n sobre la titulaci\u00f3n y el centro.<\/li>\r\n<\/ul>\r\n&nbsp;\r\n\r\n<strong>Horario Tipo clases (el horario semanal debe consultarse en <em>Google Calendar)<\/em><\/strong>\r\n<ul style=\"list-style-type: disc;\">\r\n \t<li style=\"text-align: justify;\"><a href=\"https:\/\/centros.unileon.es\/derecho\/files\/2025\/09\/Doc.-2.2.a.-DADE-Horarios-2025.2026-acuerdoasambleaFeco13mayo2025.pdf\">Horario Tipo Doble Grado DADE 2025\/2026<\/a><\/li>\r\n<\/ul>\r\n<strong>Calendario Ex\u00e1menes Doble Grado:<\/strong>\r\n<ul>\r\n \t<li><a href=\"https:\/\/centros.unileon.es\/derecho\/files\/2026\/01\/Examenes-Grado-Derecho_2025_2026-Actualizado-Enero2026.pdf\">Ex\u00e1menes Doble Grado (Derecho) Curso 2025\/2026<\/a><\/li>\r\n<\/ul>\r\n<strong>Enlace Horarios <em>Google Calendar:<\/em><\/strong>\r\n\r\n<a href=\"https:\/\/economicas.unileon.es\/doble-grado-derechoade\/\">Enlace a horarios en google calendar<\/a>","protected":false},"excerpt":{"rendered":"<p>CALENDARIO GENERAL DE LA UNIVERSIDAD DE LE\u00d3N Calendario Lectivo ULE Grados Curso 2025\/2026 &nbsp; HORARIOS DOBLE GRADO EN DERECHO Y ADMINISTRACI\u00d3N Y DIRECCI\u00d3N DE EMPRESAS (DADE): FECHA DE COMIENZO DE CLASES\u00a0(Curso 2024\/2025): Fecha de comienzo de las clases Curso 2024\/2025: lunes 8 de septiembre de 2025. Los estudiantes de Primer Curso\u00a0tendr\u00e1n la Jornada de Acogida, [&hellip;]<\/p>\n","protected":false},"author":149,"featured_media":0,"parent":0,"menu_order":0,"comment_status":"closed","ping_status":"closed","template":"","meta":{"footnotes":""},"class_list":["post-3053","page","type-page","status-publish","hentry"],"_links":{"self":[{"href":"https:\/\/centros.unileon.es\/derecho\/wp-json\/wp\/v2\/pages\/3053","targetHints":{"allow":["GET"]}}],"collection":[{"href":"https:\/\/centros.unileon.es\/derecho\/wp-json\/wp\/v2\/pages"}],"about":[{"href":"https:\/\/centros.unileon.es\/derecho\/wp-json\/wp\/v2\/types\/page"}],"author":[{"embeddable":true,"href":"https:\/\/centros.unileon.es\/derecho\/wp-json\/wp\/v2\/users\/149"}],"replies":[{"embeddable":true,"href":"https:\/\/centros.unileon.es\/derecho\/wp-json\/wp\/v2\/comments?post=3053"}],"version-history":[{"count":69,"href":"https:\/\/centros.unileon.es\/derecho\/wp-json\/wp\/v2\/pages\/3053\/revisions"}],"predecessor-version":[{"id":6153,"href":"https:\/\/centros.unileon.es\/derecho\/wp-json\/wp\/v2\/pages\/3053\/revisions\/6153"}],"wp:attachment":[{"href":"https:\/\/centros.unileon.es\/derecho\/wp-json\/wp\/v2\/media?parent=3053"}],"curies":[{"name":"wp","href":"https:\/\/api.w.org\/{rel}","templated":true}]}}