{"id":3050,"date":"2019-08-26T10:20:41","date_gmt":"2019-08-26T10:20:41","guid":{"rendered":"https:\/\/centros.unileon.es\/derecho\/?page_id=3050"},"modified":"2025-09-10T03:55:05","modified_gmt":"2025-09-10T03:55:05","slug":"informacion-basica","status":"publish","type":"page","link":"https:\/\/centros.unileon.es\/derecho\/informacion-basica\/","title":{"rendered":"Informaci\u00f3n B\u00e1sica"},"content":{"rendered":"<div class=\"entry-content\">\r\n<table style=\"width: 73.2232%;\">\r\n<tbody>\r\n<tr>\r\n<td style=\"width: 100%;\">\r\n<p style=\"text-align: justify;\"><strong>Las clases de Doble Grado se imparten un grupo espec\u00edfico. Los cursos impares en horario de ma\u00f1ana en la Facultad de Derecho y los cursos impares en horario de tarde en la Facultad de Ciencias Econ\u00f3micas y Empresariales.\r\n<\/strong><\/p>\r\n\r\n<ul style=\"list-style-type: disc; text-align: justify;\">\r\n \t<li><strong>1\u00ba curso \u2013 <\/strong>Aula 6 (Facultad de Derecho), clases en horario de ma\u00f1ana.<\/li>\r\n \t<li><strong>2\u00ba curso \u2013 <\/strong>Aula 17 (Facultad de Econ\u00f3micas y Empresariales), clases en horario de tarde.<\/li>\r\n \t<li><strong>3er curso &#8211; <\/strong>Aula 9 (Facultad de Derecho), clases en horario de ma\u00f1ana.<\/li>\r\n \t<li><strong>4\u00ba curso &#8211; <\/strong>Aula 12 (Facultad de Econ\u00f3micas), clases en horario de tarde.<\/li>\r\n \t<li><strong>5\u00ba curso \u2013 <\/strong>Aula 8 (Facultad de Derecho), clases en horario de ma\u00f1ana.<\/li>\r\n \t<li><strong>6\u00ba curso \u2013 <\/strong>Aula 7 (Facultad de Econ\u00f3micas), clases en horario de tarde.<\/li>\r\n<\/ul>\r\n<\/td>\r\n<\/tr>\r\n<\/tbody>\r\n<\/table>\r\n<\/div>\r\n<p style=\"text-align: justify;\"><strong>INFORMACI\u00d3N GENERAL: DOBLE GRADO EN DERECHO Y ADMINISTRACI\u00d3N Y DIRECCI\u00d3N DE EMPRESAS\r\n<\/strong><\/p>\r\n\r\n<ul style=\"text-align: justify;\">\r\n \t<li><a href=\"https:\/\/centros.unileon.es\/derecho\/files\/2023\/06\/2022.03.30.-Triptico-Doble-Grado-DerechoADE-optimizado.pdf\">Tr\u00edptico Doble Grado (DADE)<\/a><\/li>\r\n \t<li><a href=\"https:\/\/centros.unileon.es\/derecho\/files\/2021\/09\/Memoria-ADE-Derecho-modificada-septiembre-2017-Definitiva.pdf\">Programa Conjunto y Memoria<\/a><\/li>\r\n<\/ul>\r\n<h3 style=\"text-align: justify;\"><\/h3>\r\n<h3 style=\"text-align: justify;\"><strong>CURSO 2025\/2026<\/strong><\/h3>\r\n<p style=\"text-align: justify;\"><strong>Jornada de acogida<\/strong> alumnos de nuevo ingreso de primer curso: lunes <strong>8 de septiembre de 2025, 13.30 horas, Aula 1B (Facultad de Derecho)<\/strong>.<\/p>\r\n<strong>Comienzo clases: lunes 8 de septiembre.<\/strong>\r\n<h4 style=\"text-align: justify;\"><strong>COORDINADORES DEL DOBLE GRADO:\r\n<\/strong><\/h4>\r\n<ul style=\"text-align: justify;\">\r\n \t<li class=\"first-child\">Facultad CC. Econ\u00f3micas y Empresariales: Prof. Dr. Enrique Acebo Moral, e.acebo@unileon.es<\/li>\r\n \t<li class=\"last-child\">Facultad de Derecho: Profa. Dra. Elena F\u00e1tima P\u00e9rez Carrillo, <a href=\"mailto:eperc@unileon.es\">eperc@unileon.es<\/a><strong>\r\n<\/strong><\/li>\r\n<\/ul>\r\n<address><strong>COORDINADORES DE CURSO DE DADE:<\/strong><\/address>\r\n<ul style=\"text-align: justify;\">\r\n \t<li class=\"first-child\" style=\"text-align: justify;\">1\u00ba: Profa. Dra. Gema Vallejo P\u00e9rez, <a href=\"mailto:gema.vallejo@unileon.es\">gema.vallejo@unileon.es<\/a><\/li>\r\n \t<li class=\"first-child\" style=\"text-align: justify;\">2\u00ba: Prof. Dr. Pablo Garc\u00eda Garc\u00eda, <a href=\"mailto:pagag@unileon.es\">pagag@unileon.es<\/a><\/li>\r\n \t<li class=\"first-child\" style=\"text-align: justify;\">3\u00ba: Profa. Dra. Eva Isabel Sanjurjo R\u00edos, eva.sanjurjo@unileon.es<\/li>\r\n \t<li class=\"first-child\" style=\"text-align: justify;\">4\u00ba: Profa. Dra. Liliana Herrera, <a href=\"mailto:liliana.herrera@unileon.es\">liliana.herrera@unileon.es<\/a><\/li>\r\n \t<li style=\"text-align: justify;\">5\u00ba: Profa. Dra. Elena F\u00e1tima P\u00e9rez Carrillo, <a href=\"mailto:eperc@unileon.es\">eperc@unileon.es<\/a><\/li>\r\n \t<li>6\u00ba: Prof. Dr. Enrique Acebo Moral, e.acebo@unileon.es<\/li>\r\n<\/ul>","protected":false},"excerpt":{"rendered":"<p>Las clases de Doble Grado se imparten un grupo espec\u00edfico. Los cursos impares en horario de ma\u00f1ana en la Facultad de Derecho y los cursos impares en horario de tarde en la Facultad de Ciencias Econ\u00f3micas y Empresariales. 1\u00ba curso \u2013 Aula 6 (Facultad de Derecho), clases en horario de ma\u00f1ana. 2\u00ba curso \u2013 Aula [&hellip;]<\/p>\n","protected":false},"author":149,"featured_media":0,"parent":0,"menu_order":0,"comment_status":"closed","ping_status":"closed","template":"","meta":{"footnotes":""},"class_list":["post-3050","page","type-page","status-publish","hentry"],"_links":{"self":[{"href":"https:\/\/centros.unileon.es\/derecho\/wp-json\/wp\/v2\/pages\/3050","targetHints":{"allow":["GET"]}}],"collection":[{"href":"https:\/\/centros.unileon.es\/derecho\/wp-json\/wp\/v2\/pages"}],"about":[{"href":"https:\/\/centros.unileon.es\/derecho\/wp-json\/wp\/v2\/types\/page"}],"author":[{"embeddable":true,"href":"https:\/\/centros.unileon.es\/derecho\/wp-json\/wp\/v2\/users\/149"}],"replies":[{"embeddable":true,"href":"https:\/\/centros.unileon.es\/derecho\/wp-json\/wp\/v2\/comments?post=3050"}],"version-history":[{"count":48,"href":"https:\/\/centros.unileon.es\/derecho\/wp-json\/wp\/v2\/pages\/3050\/revisions"}],"predecessor-version":[{"id":5933,"href":"https:\/\/centros.unileon.es\/derecho\/wp-json\/wp\/v2\/pages\/3050\/revisions\/5933"}],"wp:attachment":[{"href":"https:\/\/centros.unileon.es\/derecho\/wp-json\/wp\/v2\/media?parent=3050"}],"curies":[{"name":"wp","href":"https:\/\/api.w.org\/{rel}","templated":true}]}}