{"id":3037,"date":"2019-08-26T09:38:53","date_gmt":"2019-08-26T09:38:53","guid":{"rendered":"https:\/\/centros.unileon.es\/derecho\/?page_id=3037"},"modified":"2019-08-26T09:42:15","modified_gmt":"2019-08-26T09:42:15","slug":"curso-claves-para-afrontar-riesgos-laborales-emergentes-el-futuro-de-la-prevencion-del-23-al-26-de-septiembre-de-2019","status":"publish","type":"page","link":"https:\/\/centros.unileon.es\/derecho\/curso-claves-para-afrontar-riesgos-laborales-emergentes-el-futuro-de-la-prevencion-del-23-al-26-de-septiembre-de-2019\/","title":{"rendered":"Curso: \u00abClaves para afrontar riesgos laborales emergentes: el futuro de la prevenci\u00f3n\u00bb, del 23 al 26 de septiembre de 2019"},"content":{"rendered":"<p style=\"text-align: justify;\"><a href=\"https:\/\/centros.unileon.es\/derecho\/files\/2019\/08\/Imagen-Curso-Laboral.jpg\"><img loading=\"lazy\" decoding=\"async\" class=\"wp-image-3038 aligncenter\" src=\"https:\/\/centros.unileon.es\/derecho\/files\/2019\/08\/Imagen-Curso-Laboral.jpg\" alt=\"\" width=\"338\" height=\"190\" \/><\/a><\/p>\r\n<p style=\"text-align: justify;\">El \u00c1rea de Derecho del Trabajo de la Universidad de Le\u00f3n, organiza el <strong>Curso: \u00abClaves para afrontar riesgos laborales emergentes: el futuro de la prevenci\u00f3n\u00bb<\/strong>, que se celebrar\u00e1 del 23 al 26 de septiembre de 2019 en el Sal\u00f3n de Grados de las Facultades de Derecho y Ciencias del Trabajo de la Universidad de Le\u00f3n.<\/p>\r\n\r\n<ul style=\"list-style-type: disc;\">\r\n \t<li><em>Lugar de celebraci\u00f3n:<\/em> Sal\u00f3n de Grados de la Facultad de Derecho y Ciencias del Trabajo de la Universidad de Le\u00f3n.<\/li>\r\n \t<li><em>Fechas y horarios:<\/em> Del 23 al 26 de septiembre de 2019, en horario de tarde de 16:00 a 20:00.<\/li>\r\n \t<li><em>Informaci\u00f3n e inscripciones:<\/em> La inscripci\u00f3n ser\u00e1 gratuita y estar\u00e1 limitada a 100 plazas, que se cubrir\u00e1n por orden de inscripci\u00f3n. En el \u00e1rea de conocimiento de Derecho del Trabajo de la Facultad de Derecho (despacho n\u00fam. 150, 3\u00aa planta), hasta el d\u00eda 19 de septiembre a las 14:00 h.; o a trav\u00e9s del correo electr\u00f3nico a la siguiente direcci\u00f3n: <a href=\"mailto:jmsanb@unileon.es\">jmsanb@unileon.es<\/a><\/li>\r\n \t<li><a href=\"https:\/\/centros.unileon.es\/derecho\/files\/2019\/08\/PROGRAMA-CURSO-HENAR-Y-SUSANA-1_PRO.pdf\">Programa del Curso<\/a><\/li>\r\n<\/ul>\r\n<p style=\"text-align: justify;\">Curso Subvencionado por la Junta de Castilla y Le\u00f3n al amparo de la <em>Orden EMP\/278\/2018, de 8 de marzo.<\/em><\/p>\r\n<em>\u00a0<\/em>","protected":false},"excerpt":{"rendered":"<p>El \u00c1rea de Derecho del Trabajo de la Universidad de Le\u00f3n, organiza el Curso: \u00abClaves para afrontar riesgos laborales emergentes: el futuro de la prevenci\u00f3n\u00bb, que se celebrar\u00e1 del 23 al 26 de septiembre de 2019 en el Sal\u00f3n de Grados de las Facultades de Derecho y Ciencias del Trabajo de la Universidad de Le\u00f3n. [&hellip;]<\/p>\n","protected":false},"author":149,"featured_media":0,"parent":0,"menu_order":0,"comment_status":"closed","ping_status":"closed","template":"","meta":{"footnotes":""},"class_list":["post-3037","page","type-page","status-publish","hentry"],"_links":{"self":[{"href":"https:\/\/centros.unileon.es\/derecho\/wp-json\/wp\/v2\/pages\/3037","targetHints":{"allow":["GET"]}}],"collection":[{"href":"https:\/\/centros.unileon.es\/derecho\/wp-json\/wp\/v2\/pages"}],"about":[{"href":"https:\/\/centros.unileon.es\/derecho\/wp-json\/wp\/v2\/types\/page"}],"author":[{"embeddable":true,"href":"https:\/\/centros.unileon.es\/derecho\/wp-json\/wp\/v2\/users\/149"}],"replies":[{"embeddable":true,"href":"https:\/\/centros.unileon.es\/derecho\/wp-json\/wp\/v2\/comments?post=3037"}],"version-history":[{"count":4,"href":"https:\/\/centros.unileon.es\/derecho\/wp-json\/wp\/v2\/pages\/3037\/revisions"}],"predecessor-version":[{"id":3043,"href":"https:\/\/centros.unileon.es\/derecho\/wp-json\/wp\/v2\/pages\/3037\/revisions\/3043"}],"wp:attachment":[{"href":"https:\/\/centros.unileon.es\/derecho\/wp-json\/wp\/v2\/media?parent=3037"}],"curies":[{"name":"wp","href":"https:\/\/api.w.org\/{rel}","templated":true}]}}