{"id":303,"date":"2013-09-11T13:08:44","date_gmt":"2013-09-11T13:08:44","guid":{"rendered":"http:\/\/centros.unileon.es\/derecho\/?page_id=303"},"modified":"2013-09-11T13:08:44","modified_gmt":"2013-09-11T13:08:44","slug":"curso-de-extension-universitaria-alternativas-de-financiacion-en-epoca-de-crisis","status":"publish","type":"page","link":"https:\/\/centros.unileon.es\/derecho\/curso-de-extension-universitaria-alternativas-de-financiacion-en-epoca-de-crisis\/","title":{"rendered":"Curso de Extensi\u00f3n Universitaria. Alternativas de financiaci\u00f3n en \u00e9poca de crisis"},"content":{"rendered":"El \u00c1rea de Derecho Financiero y Tributario de la Universidad de Le\u00f3n organiza un Curso de Extensi\u00f3n Universitaria sobre \u00abAlternativas de financiaci\u00f3n en \u00e9poca de crisis\u00bb, con reconocimiento de 2 cr\u00e9ditos ECTS.\r\n\r\nFechas: Del 16 de septiembre al 20 de septiembre de 2013. Las ponencias comenzar\u00e1n a partir de las 10 horas.\r\n\r\nLugar de celebraci\u00f3n: Facultad de Derecho.\r\n\r\nPara m\u00e1s informaci\u00f3n pinchar en los siguientes enlaces. <a href=\"http:\/\/centros.unileon.es\/derecho\/files\/2013\/09\/Programa-Jornadas-Financiero-1.jpg\">Programa anverso<\/a> y <a href=\"http:\/\/centros.unileon.es\/derecho\/files\/2013\/09\/Programas-Jornadas-Financiero-2.jpg\">Programa reverso<\/a>.\r\n\r\n&nbsp;","protected":false},"excerpt":{"rendered":"<p>El \u00c1rea de Derecho Financiero y Tributario de la Universidad de Le\u00f3n organiza un Curso de Extensi\u00f3n Universitaria sobre \u00abAlternativas de financiaci\u00f3n en \u00e9poca de crisis\u00bb, con reconocimiento de 2 cr\u00e9ditos ECTS. Fechas: Del 16 de septiembre al 20 de septiembre de 2013. Las ponencias comenzar\u00e1n a partir de las 10 horas. Lugar de celebraci\u00f3n: [&hellip;]<\/p>\n","protected":false},"author":67,"featured_media":0,"parent":0,"menu_order":0,"comment_status":"closed","ping_status":"open","template":"","meta":{"footnotes":""},"class_list":["post-303","page","type-page","status-publish","hentry"],"_links":{"self":[{"href":"https:\/\/centros.unileon.es\/derecho\/wp-json\/wp\/v2\/pages\/303","targetHints":{"allow":["GET"]}}],"collection":[{"href":"https:\/\/centros.unileon.es\/derecho\/wp-json\/wp\/v2\/pages"}],"about":[{"href":"https:\/\/centros.unileon.es\/derecho\/wp-json\/wp\/v2\/types\/page"}],"author":[{"embeddable":true,"href":"https:\/\/centros.unileon.es\/derecho\/wp-json\/wp\/v2\/users\/67"}],"replies":[{"embeddable":true,"href":"https:\/\/centros.unileon.es\/derecho\/wp-json\/wp\/v2\/comments?post=303"}],"version-history":[{"count":1,"href":"https:\/\/centros.unileon.es\/derecho\/wp-json\/wp\/v2\/pages\/303\/revisions"}],"predecessor-version":[{"id":306,"href":"https:\/\/centros.unileon.es\/derecho\/wp-json\/wp\/v2\/pages\/303\/revisions\/306"}],"wp:attachment":[{"href":"https:\/\/centros.unileon.es\/derecho\/wp-json\/wp\/v2\/media?parent=303"}],"curies":[{"name":"wp","href":"https:\/\/api.w.org\/{rel}","templated":true}]}}