{"id":3029,"date":"2019-08-26T09:25:53","date_gmt":"2019-08-26T09:25:53","guid":{"rendered":"https:\/\/centros.unileon.es\/derecho\/?page_id=3029"},"modified":"2019-08-26T09:28:36","modified_gmt":"2019-08-26T09:28:36","slug":"conferencia-sobre-el-sistema-de-proteccion-y-salud-de-los-trabajadores-en-espana-propuestas-para-reducir-la-siniestralidad-laboral-23-de-septiembre-de-2019","status":"publish","type":"page","link":"https:\/\/centros.unileon.es\/derecho\/conferencia-sobre-el-sistema-de-proteccion-y-salud-de-los-trabajadores-en-espana-propuestas-para-reducir-la-siniestralidad-laboral-23-de-septiembre-de-2019\/","title":{"rendered":"Conferencia sobre \u00abEl sistema de protecci\u00f3n y salud de los trabajadores en Espa\u00f1a: propuestas para reducir la siniestralidad laboral\u00bb, 23 de septiembre de 2019"},"content":{"rendered":"<p style=\"text-align: justify;\">Las Facultades de Derecho y Ciencias del Trabajo de la Universidad de Le\u00f3n acogen la conferencia \u00abEl sistema de protecci\u00f3n y salud de los trabajadores en Espa\u00f1a: propuestas para reducir la siniestralidad laboral\u00bb, impartida por el Prof. Dr. D. Fernando Manrique L\u00f3pez, Catedr\u00e1tico de Derecho del Trabajo y de la Seguridad Social de la Universidad de Deusto.<\/p>\r\n<p style=\"text-align: justify;\">La actividad ha sido organizada por el \u00c1rea de Derecho del Trabajo de la Universidad de Le\u00f3n en el marco del proyecto de investigaci\u00f3n: \u00abSostenibilidad econ\u00f3mica, social y medioambiental e innovaci\u00f3n tecnol\u00f3gica: nuevas coordenadas para las pol\u00edticas p\u00fablicas en Castilla y Le\u00f3n, financiado por la Junta de Castilla y Le\u00f3n.<\/p>\r\n\r\n<ul style=\"list-style-type: disc;\">\r\n \t<li>Lugar de celebraci\u00f3n: Sal\u00f3n de Grados de la Facultad de Derecho y Ciencias del Trabajo de la Universidad de Le\u00f3n.<\/li>\r\n \t<li>Fecha y horario: 23 de septiembre de 2019, 15:30 horas.<\/li>\r\n \t<li>Entrada libre hasta completar el aforo.<\/li>\r\n \t<li><a href=\"https:\/\/centros.unileon.es\/derecho\/files\/2019\/08\/JORNADA-DEL-D\u00cdA-23-de-septiembre-fernando-manrique_PRO.pdf\">Cartel de la Conferencia<\/a><\/li>\r\n<\/ul>\r\n&nbsp;","protected":false},"excerpt":{"rendered":"<p>Las Facultades de Derecho y Ciencias del Trabajo de la Universidad de Le\u00f3n acogen la conferencia \u00abEl sistema de protecci\u00f3n y salud de los trabajadores en Espa\u00f1a: propuestas para reducir la siniestralidad laboral\u00bb, impartida por el Prof. Dr. D. Fernando Manrique L\u00f3pez, Catedr\u00e1tico de Derecho del Trabajo y de la Seguridad Social de la Universidad [&hellip;]<\/p>\n","protected":false},"author":149,"featured_media":0,"parent":0,"menu_order":0,"comment_status":"closed","ping_status":"closed","template":"","meta":{"footnotes":""},"class_list":["post-3029","page","type-page","status-publish","hentry"],"_links":{"self":[{"href":"https:\/\/centros.unileon.es\/derecho\/wp-json\/wp\/v2\/pages\/3029","targetHints":{"allow":["GET"]}}],"collection":[{"href":"https:\/\/centros.unileon.es\/derecho\/wp-json\/wp\/v2\/pages"}],"about":[{"href":"https:\/\/centros.unileon.es\/derecho\/wp-json\/wp\/v2\/types\/page"}],"author":[{"embeddable":true,"href":"https:\/\/centros.unileon.es\/derecho\/wp-json\/wp\/v2\/users\/149"}],"replies":[{"embeddable":true,"href":"https:\/\/centros.unileon.es\/derecho\/wp-json\/wp\/v2\/comments?post=3029"}],"version-history":[{"count":3,"href":"https:\/\/centros.unileon.es\/derecho\/wp-json\/wp\/v2\/pages\/3029\/revisions"}],"predecessor-version":[{"id":3036,"href":"https:\/\/centros.unileon.es\/derecho\/wp-json\/wp\/v2\/pages\/3029\/revisions\/3036"}],"wp:attachment":[{"href":"https:\/\/centros.unileon.es\/derecho\/wp-json\/wp\/v2\/media?parent=3029"}],"curies":[{"name":"wp","href":"https:\/\/api.w.org\/{rel}","templated":true}]}}