{"id":3024,"date":"2019-08-26T09:16:06","date_gmt":"2019-08-26T09:16:06","guid":{"rendered":"https:\/\/centros.unileon.es\/derecho\/?page_id=3024"},"modified":"2019-08-26T09:43:33","modified_gmt":"2019-08-26T09:43:33","slug":"jornada-sobre-sostenibilidad-economica-social-y-medioambiental-e-innovacion-tecnologica-nuevas-coordenadas-para-las-politicas-publicas-en-castilla-y-leon","status":"publish","type":"page","link":"https:\/\/centros.unileon.es\/derecho\/jornada-sobre-sostenibilidad-economica-social-y-medioambiental-e-innovacion-tecnologica-nuevas-coordenadas-para-las-politicas-publicas-en-castilla-y-leon\/","title":{"rendered":"Jornada sobre \u00abSostenibilidad econ\u00f3mica, social y medioambiental e innovaci\u00f3n tecnol\u00f3gica: nuevas coordenadas para las pol\u00edticas p\u00fablicas en Castilla y Le\u00f3n\u00bb, 13 de septiembre de 2019"},"content":{"rendered":"<p style=\"text-align: justify;\">Las Facultades de Derecho y Ciencias del Trabajo de la Universidad de Le\u00f3n, acogen la Jornada: \u00ab<strong>Sostenibilidad econ\u00f3mica, social y medioambiental e innovaci\u00f3n tecnol\u00f3gica: nuevas coordenadas para las pol\u00edticas p\u00fablicas en Castilla y Le\u00f3n\u00bb, <\/strong>organizada por el \u00c1rea de Derecho del Trabajo en el marco del proyecto de investigaci\u00f3n hom\u00f3nimo, financiado por la Junta de Castilla y Le\u00f3n. <strong>\r\n<\/strong><\/p>\r\n\r\n<ul style=\"list-style-type: disc;\">\r\n \t<li style=\"text-align: justify;\"><em>Lugar de celebraci\u00f3n<\/em>: Sal\u00f3n de Grados de la Facultad de Derecho\/Facultad de Ciencias del Trabajo<\/li>\r\n \t<li style=\"text-align: justify;\"><em>Fecha y hora<\/em>: 13 de septiembre de 2019, de 9:30 a 13:30.<\/li>\r\n \t<li style=\"text-align: justify;\">Asistencia libre hasta completar el aforo.<\/li>\r\n \t<li style=\"text-align: justify;\"><a href=\"https:\/\/centros.unileon.es\/derecho\/files\/2019\/08\/PROGRAMA-Sostenibilidad-econ\u00f3mica_PRO.pdf\">Programa del evento<\/a><\/li>\r\n<\/ul>","protected":false},"excerpt":{"rendered":"<p>Las Facultades de Derecho y Ciencias del Trabajo de la Universidad de Le\u00f3n, acogen la Jornada: \u00abSostenibilidad econ\u00f3mica, social y medioambiental e innovaci\u00f3n tecnol\u00f3gica: nuevas coordenadas para las pol\u00edticas p\u00fablicas en Castilla y Le\u00f3n\u00bb, organizada por el \u00c1rea de Derecho del Trabajo en el marco del proyecto de investigaci\u00f3n hom\u00f3nimo, financiado por la Junta de [&hellip;]<\/p>\n","protected":false},"author":149,"featured_media":0,"parent":0,"menu_order":0,"comment_status":"closed","ping_status":"closed","template":"","meta":{"footnotes":""},"class_list":["post-3024","page","type-page","status-publish","hentry"],"_links":{"self":[{"href":"https:\/\/centros.unileon.es\/derecho\/wp-json\/wp\/v2\/pages\/3024","targetHints":{"allow":["GET"]}}],"collection":[{"href":"https:\/\/centros.unileon.es\/derecho\/wp-json\/wp\/v2\/pages"}],"about":[{"href":"https:\/\/centros.unileon.es\/derecho\/wp-json\/wp\/v2\/types\/page"}],"author":[{"embeddable":true,"href":"https:\/\/centros.unileon.es\/derecho\/wp-json\/wp\/v2\/users\/149"}],"replies":[{"embeddable":true,"href":"https:\/\/centros.unileon.es\/derecho\/wp-json\/wp\/v2\/comments?post=3024"}],"version-history":[{"count":6,"href":"https:\/\/centros.unileon.es\/derecho\/wp-json\/wp\/v2\/pages\/3024\/revisions"}],"predecessor-version":[{"id":3046,"href":"https:\/\/centros.unileon.es\/derecho\/wp-json\/wp\/v2\/pages\/3024\/revisions\/3046"}],"wp:attachment":[{"href":"https:\/\/centros.unileon.es\/derecho\/wp-json\/wp\/v2\/media?parent=3024"}],"curies":[{"name":"wp","href":"https:\/\/api.w.org\/{rel}","templated":true}]}}