{"id":295,"date":"2013-09-05T12:27:00","date_gmt":"2013-09-05T12:27:00","guid":{"rendered":"http:\/\/centros.unileon.es\/derecho\/?page_id=295"},"modified":"2013-09-05T12:27:00","modified_gmt":"2013-09-05T12:27:00","slug":"xiv-seminario-internacional-de-filosofia-del-derecho-y-derecho-penal","status":"publish","type":"page","link":"https:\/\/centros.unileon.es\/derecho\/xiv-seminario-internacional-de-filosofia-del-derecho-y-derecho-penal\/","title":{"rendered":"XIV Seminario Internacional de Filosof\u00eda del Derecho y Derecho Penal"},"content":{"rendered":"Las\u00a0\u00c1reas de Derecho Penal y Filosof\u00eda del Derecho\u00a0organizan\u00a0el XIV Seminario Internacional de Filosof\u00eda del Derecho y Derecho Penal. Presunci\u00f3n de inocencia: problemas y l\u00edmites.\r\n\r\nLugar de celebraci\u00f3n: Sal\u00f3n de Grados de la Facultad de Derecho.\r\n\r\nFechas: 12 y 13\u00a0de\u00a0Septiembre de 2013.\r\n\r\nPara m\u00e1s informaci\u00f3n pinchar <a href=\"http:\/\/centros.unileon.es\/derecho\/files\/2013\/09\/Cartel-XIV-Seminario-Internacional-de-Filosof\u00eda-del-Derecho-y-Derecho-Penal.pdf\">aqu\u00ed<\/a>.","protected":false},"excerpt":{"rendered":"<p>Las\u00a0\u00c1reas de Derecho Penal y Filosof\u00eda del Derecho\u00a0organizan\u00a0el XIV Seminario Internacional de Filosof\u00eda del Derecho y Derecho Penal. Presunci\u00f3n de inocencia: problemas y l\u00edmites. Lugar de celebraci\u00f3n: Sal\u00f3n de Grados de la Facultad de Derecho. Fechas: 12 y 13\u00a0de\u00a0Septiembre de 2013. Para m\u00e1s informaci\u00f3n pinchar aqu\u00ed.<\/p>\n","protected":false},"author":67,"featured_media":0,"parent":0,"menu_order":0,"comment_status":"closed","ping_status":"open","template":"","meta":{"footnotes":""},"class_list":["post-295","page","type-page","status-publish","hentry"],"_links":{"self":[{"href":"https:\/\/centros.unileon.es\/derecho\/wp-json\/wp\/v2\/pages\/295","targetHints":{"allow":["GET"]}}],"collection":[{"href":"https:\/\/centros.unileon.es\/derecho\/wp-json\/wp\/v2\/pages"}],"about":[{"href":"https:\/\/centros.unileon.es\/derecho\/wp-json\/wp\/v2\/types\/page"}],"author":[{"embeddable":true,"href":"https:\/\/centros.unileon.es\/derecho\/wp-json\/wp\/v2\/users\/67"}],"replies":[{"embeddable":true,"href":"https:\/\/centros.unileon.es\/derecho\/wp-json\/wp\/v2\/comments?post=295"}],"version-history":[{"count":1,"href":"https:\/\/centros.unileon.es\/derecho\/wp-json\/wp\/v2\/pages\/295\/revisions"}],"predecessor-version":[{"id":297,"href":"https:\/\/centros.unileon.es\/derecho\/wp-json\/wp\/v2\/pages\/295\/revisions\/297"}],"wp:attachment":[{"href":"https:\/\/centros.unileon.es\/derecho\/wp-json\/wp\/v2\/media?parent=295"}],"curies":[{"name":"wp","href":"https:\/\/api.w.org\/{rel}","templated":true}]}}