{"id":2855,"date":"2019-06-17T12:35:04","date_gmt":"2019-06-17T12:35:04","guid":{"rendered":"http:\/\/centros.unileon.es\/derecho\/?page_id=2855"},"modified":"2019-06-17T12:35:04","modified_gmt":"2019-06-17T12:35:04","slug":"seminario-que-futuro-espera-al-proceso-penal-18-de-junio-de-2019","status":"publish","type":"page","link":"https:\/\/centros.unileon.es\/derecho\/seminario-que-futuro-espera-al-proceso-penal-18-de-junio-de-2019\/","title":{"rendered":"Seminario: \u00bfQu\u00e9 futuro espera al proceso penal?, 18 de junio de 2019."},"content":{"rendered":"<p style=\"text-align: justify;\">Las \u00c1reas de Derecho Penal y Derecho Procesal Penal de la Facultad de Derecho de la Universidad de Le\u00f3n, organizan el Seminario de Docencia e Investigaci\u00f3n: \u00bfQu\u00e9 futuro espera al proceso penal?, a cargo del Dr. Dr. H.C. Juan Luis G\u00f3mez Colomer, Catedr\u00e1tico de Derecho Procesal de la Universidad Jaume I de Castell\u00f3n.<\/p>\r\nFecha y hora: martes 18 de junio, 19:00.\r\n\r\nLugar de celebraci\u00f3n: Sal\u00f3n de Grados de la Facultad de Derecho de la Unviersidad de Le\u00f3n.\r\n\r\nEntrada gratuita hasta completar el aforo. M\u00e1s informaci\u00f3n en: 987291387.\r\n\r\n<a href=\"\/\/centros.unileon.es\/derecho\/files\/2019\/06\/0.-CARTEL-GOMEZ-COLOMER.-30.05.2019-1.pdf\">CARTEL<\/a>","protected":false},"excerpt":{"rendered":"<p>Las \u00c1reas de Derecho Penal y Derecho Procesal Penal de la Facultad de Derecho de la Universidad de Le\u00f3n, organizan el Seminario de Docencia e Investigaci\u00f3n: \u00bfQu\u00e9 futuro espera al proceso penal?, a cargo del Dr. Dr. H.C. Juan Luis G\u00f3mez Colomer, Catedr\u00e1tico de Derecho Procesal de la Universidad Jaume I de Castell\u00f3n. Fecha y [&hellip;]<\/p>\n","protected":false},"author":149,"featured_media":0,"parent":0,"menu_order":0,"comment_status":"closed","ping_status":"closed","template":"","meta":{"footnotes":""},"class_list":["post-2855","page","type-page","status-publish","hentry"],"_links":{"self":[{"href":"https:\/\/centros.unileon.es\/derecho\/wp-json\/wp\/v2\/pages\/2855","targetHints":{"allow":["GET"]}}],"collection":[{"href":"https:\/\/centros.unileon.es\/derecho\/wp-json\/wp\/v2\/pages"}],"about":[{"href":"https:\/\/centros.unileon.es\/derecho\/wp-json\/wp\/v2\/types\/page"}],"author":[{"embeddable":true,"href":"https:\/\/centros.unileon.es\/derecho\/wp-json\/wp\/v2\/users\/149"}],"replies":[{"embeddable":true,"href":"https:\/\/centros.unileon.es\/derecho\/wp-json\/wp\/v2\/comments?post=2855"}],"version-history":[{"count":1,"href":"https:\/\/centros.unileon.es\/derecho\/wp-json\/wp\/v2\/pages\/2855\/revisions"}],"predecessor-version":[{"id":2857,"href":"https:\/\/centros.unileon.es\/derecho\/wp-json\/wp\/v2\/pages\/2855\/revisions\/2857"}],"wp:attachment":[{"href":"https:\/\/centros.unileon.es\/derecho\/wp-json\/wp\/v2\/media?parent=2855"}],"curies":[{"name":"wp","href":"https:\/\/api.w.org\/{rel}","templated":true}]}}