{"id":2848,"date":"2019-06-13T16:35:57","date_gmt":"2019-06-13T16:35:57","guid":{"rendered":"http:\/\/centros.unileon.es\/derecho\/?page_id=2848"},"modified":"2019-07-01T12:36:42","modified_gmt":"2019-07-01T12:36:42","slug":"seminario-iberoamericano-abogar-y-juzgar-en-el-siglo-xxi-comunicacion-argumentacion-y-justicia-del-1-al-5-de-julio-de-2019","status":"publish","type":"page","link":"https:\/\/centros.unileon.es\/derecho\/seminario-iberoamericano-abogar-y-juzgar-en-el-siglo-xxi-comunicacion-argumentacion-y-justicia-del-1-al-5-de-julio-de-2019\/","title":{"rendered":"Seminario Iberoamericano: Abogar y juzgar en el Siglo XXI: \u00abComunicaci\u00f3n, argumentaci\u00f3n y justicia\u00bb, del 1 al 5 de julio de 2019"},"content":{"rendered":"<p style=\"text-align: justify;\">La Facultad de Derecho de Derecho de la Universidad de Le\u00f3n acoge la 3\u00aa edici\u00f3n del <strong>Seminario Iberoamericano: Abogar y juzgar en el Siglo XXI<\/strong>, organizado por el \u00c1rea de Filosof\u00eda del Derecho de la Universidad de Le\u00f3n, que en esta edici\u00f3n tratar\u00e1 sobre: <strong>\u00abComunicaci\u00f3n, argumentaci\u00f3n y justicia\u00bb<\/strong>.<\/p>\r\n\r\n<ul>\r\n \t<li style=\"text-align: justify;\"><em><strong>Fecha:<\/strong><\/em> Del 1 al 5 de julio de 2019.<\/li>\r\n \t<li style=\"text-align: justify;\"><em><strong>Lugar:<\/strong> <\/em>Sal\u00f3n de Grados de la Facultad de Derecho de la Universidad de Le\u00f3n.<\/li>\r\n<\/ul>\r\nM\u00e1s informaci\u00f3n e inscripciones en: seminarioenleon@gmail.com\r\n\r\nWeb: seminarioenleon\/wixsite.com\/seminarioleon\r\n\r\n<a href=\"\/\/centros.unileon.es\/derecho\/files\/2019\/06\/Cartel-tr\u00edptico-def-.pdf\">Cartel Tr\u00edptico<\/a>","protected":false},"excerpt":{"rendered":"<p>La Facultad de Derecho de Derecho de la Universidad de Le\u00f3n acoge la 3\u00aa edici\u00f3n del Seminario Iberoamericano: Abogar y juzgar en el Siglo XXI, organizado por el \u00c1rea de Filosof\u00eda del Derecho de la Universidad de Le\u00f3n, que en esta edici\u00f3n tratar\u00e1 sobre: \u00abComunicaci\u00f3n, argumentaci\u00f3n y justicia\u00bb. Fecha: Del 1 al 5 de julio [&hellip;]<\/p>\n","protected":false},"author":149,"featured_media":0,"parent":0,"menu_order":0,"comment_status":"closed","ping_status":"closed","template":"","meta":{"footnotes":""},"class_list":["post-2848","page","type-page","status-publish","hentry"],"_links":{"self":[{"href":"https:\/\/centros.unileon.es\/derecho\/wp-json\/wp\/v2\/pages\/2848","targetHints":{"allow":["GET"]}}],"collection":[{"href":"https:\/\/centros.unileon.es\/derecho\/wp-json\/wp\/v2\/pages"}],"about":[{"href":"https:\/\/centros.unileon.es\/derecho\/wp-json\/wp\/v2\/types\/page"}],"author":[{"embeddable":true,"href":"https:\/\/centros.unileon.es\/derecho\/wp-json\/wp\/v2\/users\/149"}],"replies":[{"embeddable":true,"href":"https:\/\/centros.unileon.es\/derecho\/wp-json\/wp\/v2\/comments?post=2848"}],"version-history":[{"count":5,"href":"https:\/\/centros.unileon.es\/derecho\/wp-json\/wp\/v2\/pages\/2848\/revisions"}],"predecessor-version":[{"id":2934,"href":"https:\/\/centros.unileon.es\/derecho\/wp-json\/wp\/v2\/pages\/2848\/revisions\/2934"}],"wp:attachment":[{"href":"https:\/\/centros.unileon.es\/derecho\/wp-json\/wp\/v2\/media?parent=2848"}],"curies":[{"name":"wp","href":"https:\/\/api.w.org\/{rel}","templated":true}]}}