{"id":2806,"date":"2019-05-16T09:11:39","date_gmt":"2019-05-16T09:11:39","guid":{"rendered":"http:\/\/centros.unileon.es\/derecho\/?page_id=2806"},"modified":"2019-05-16T09:14:08","modified_gmt":"2019-05-16T09:14:08","slug":"vi-congreso-nacional-penitenciario-legionense-6-y-7-de-mayo-de-2019","status":"publish","type":"page","link":"https:\/\/centros.unileon.es\/derecho\/vi-congreso-nacional-penitenciario-legionense-6-y-7-de-mayo-de-2019\/","title":{"rendered":"VI Congreso Nacional Penitenciario Legionense, 6 y 7 de mayo de 2019."},"content":{"rendered":"<p style=\"text-align: justify;\">El \u00c1rea de Derecho Penal y el Departamento de Derecho P\u00fablico de la Universidad de Le\u00f3n, organizan el <strong>VI Congreso Nacional Penitenciario Legionense<\/strong>, sobre los <strong>40 a\u00f1os de la Ley Org\u00e1nica General Penitenciaria (LOGP)<\/strong>.<\/p>\r\n<p style=\"padding-left: 40px;\"><strong>Fecha y hora:<\/strong> d\u00edas 6 y 7 de mayo en jornada de tarde, de 16:00 a 20:00.<\/p>\r\n<p style=\"padding-left: 40px;\"><strong>Lugar:<\/strong> Sal\u00f3n de Grados de la Facultad de Derecho de la Universidad de Le\u00f3n.<\/p>\r\n<p style=\"padding-left: 40px;\"><strong>Informaci\u00f3n e Inscripciones:<\/strong> matrab@unileon.es<\/p>\r\n<p style=\"padding-left: 40px;\"><strong> Cartel:<\/strong> <a href=\"\/\/centros.unileon.es\/derecho\/files\/2019\/05\/CartelCongresoPenitenciario2019.pdf\">CartelCongresoPenitenciario2019<\/a><\/p>\r\n<p style=\"padding-left: 40px;\"><strong>Tr\u00edptico: <\/strong><a href=\"\/\/centros.unileon.es\/derecho\/files\/2019\/05\/TripticoCongresoPenitenciario2019.pdf\">TripticoCongresoPenitenciario2019<\/a><\/p>","protected":false},"excerpt":{"rendered":"<p>El \u00c1rea de Derecho Penal y el Departamento de Derecho P\u00fablico de la Universidad de Le\u00f3n, organizan el VI Congreso Nacional Penitenciario Legionense, sobre los 40 a\u00f1os de la Ley Org\u00e1nica General Penitenciaria (LOGP). Fecha y hora: d\u00edas 6 y 7 de mayo en jornada de tarde, de 16:00 a 20:00. Lugar: Sal\u00f3n de Grados [&hellip;]<\/p>\n","protected":false},"author":149,"featured_media":0,"parent":0,"menu_order":0,"comment_status":"closed","ping_status":"closed","template":"","meta":{"footnotes":""},"class_list":["post-2806","page","type-page","status-publish","hentry"],"_links":{"self":[{"href":"https:\/\/centros.unileon.es\/derecho\/wp-json\/wp\/v2\/pages\/2806","targetHints":{"allow":["GET"]}}],"collection":[{"href":"https:\/\/centros.unileon.es\/derecho\/wp-json\/wp\/v2\/pages"}],"about":[{"href":"https:\/\/centros.unileon.es\/derecho\/wp-json\/wp\/v2\/types\/page"}],"author":[{"embeddable":true,"href":"https:\/\/centros.unileon.es\/derecho\/wp-json\/wp\/v2\/users\/149"}],"replies":[{"embeddable":true,"href":"https:\/\/centros.unileon.es\/derecho\/wp-json\/wp\/v2\/comments?post=2806"}],"version-history":[{"count":2,"href":"https:\/\/centros.unileon.es\/derecho\/wp-json\/wp\/v2\/pages\/2806\/revisions"}],"predecessor-version":[{"id":2811,"href":"https:\/\/centros.unileon.es\/derecho\/wp-json\/wp\/v2\/pages\/2806\/revisions\/2811"}],"wp:attachment":[{"href":"https:\/\/centros.unileon.es\/derecho\/wp-json\/wp\/v2\/media?parent=2806"}],"curies":[{"name":"wp","href":"https:\/\/api.w.org\/{rel}","templated":true}]}}