{"id":2766,"date":"2019-04-08T12:39:32","date_gmt":"2019-04-08T12:39:32","guid":{"rendered":"http:\/\/centros.unileon.es\/derecho\/?page_id=2766"},"modified":"2019-05-22T18:15:56","modified_gmt":"2019-05-22T18:15:56","slug":"ii-ciclo-de-jornadas-sobre-genero-diversidad-sexual-y-derecho-8-y-10-de-abril-y-15-de-mayo-de-2019","status":"publish","type":"page","link":"https:\/\/centros.unileon.es\/derecho\/ii-ciclo-de-jornadas-sobre-genero-diversidad-sexual-y-derecho-8-y-10-de-abril-y-15-de-mayo-de-2019\/","title":{"rendered":"II Ciclo de Jornadas sobre G\u00e9nero, Diversidad Sexual y Derecho, 8 y 10 de abril y 15 de mayo de 2019."},"content":{"rendered":"<p style=\"text-align: justify;\">La Defensor\u00eda de la Comunidad Universitaria de la Universidad de Le\u00f3n organiza el <strong>II Ciclo sobre G\u00e9nero, Diversidad Sexual y Derecho<\/strong>, que dar\u00e1 cabida a la celebraci\u00f3n de tres Jornadas y una Exposici\u00f3n con el siguiente calendario y tem\u00e1ticas:<\/p>\r\n\r\n<table style=\"width: 582px; height: 165px;\">\r\n<tbody>\r\n<tr style=\"height: 323px;\">\r\n<td style=\"width: 300px; text-align: justify; height: 165px;\"><a href=\"\/\/centros.unileon.es\/derecho\/files\/2019\/04\/igualdad_y_con_igual_visibilidad.jpg\"><img loading=\"lazy\" decoding=\"async\" class=\"aligncenter wp-image-2767 \" src=\"\/\/centros.unileon.es\/derecho\/files\/2019\/04\/igualdad_y_con_igual_visibilidad-300x200.jpg\" alt=\"\" width=\"273\" height=\"182\" srcset=\"https:\/\/centros.unileon.es\/derecho\/files\/2019\/04\/igualdad_y_con_igual_visibilidad-300x200.jpg 300w, https:\/\/centros.unileon.es\/derecho\/files\/2019\/04\/igualdad_y_con_igual_visibilidad.jpg 586w\" sizes=\"auto, (max-width: 273px) 100vw, 273px\" \/><\/a><\/td>\r\n<td style=\"width: 315px; height: 165px;\"><a href=\"\/\/centros.unileon.es\/derecho\/files\/2019\/04\/II-Ciclo-de-Jornadas-GDSD_P\u00e1gina_1.jpg\"><img loading=\"lazy\" decoding=\"async\" class=\"wp-image-2769 aligncenter\" src=\"\/\/centros.unileon.es\/derecho\/files\/2019\/04\/II-Ciclo-de-Jornadas-GDSD_P\u00e1gina_1-211x300.jpg\" alt=\"\" width=\"301\" height=\"428\" srcset=\"https:\/\/centros.unileon.es\/derecho\/files\/2019\/04\/II-Ciclo-de-Jornadas-GDSD_P\u00e1gina_1-211x300.jpg 211w, https:\/\/centros.unileon.es\/derecho\/files\/2019\/04\/II-Ciclo-de-Jornadas-GDSD_P\u00e1gina_1-768x1091.jpg 768w, https:\/\/centros.unileon.es\/derecho\/files\/2019\/04\/II-Ciclo-de-Jornadas-GDSD_P\u00e1gina_1-721x1024.jpg 721w, https:\/\/centros.unileon.es\/derecho\/files\/2019\/04\/II-Ciclo-de-Jornadas-GDSD_P\u00e1gina_1.jpg 1819w\" sizes=\"auto, (max-width: 301px) 100vw, 301px\" \/><\/a><\/td>\r\n<\/tr>\r\n<\/tbody>\r\n<\/table>\r\n<p style=\"text-align: justify;\"><em>1\u00aa Jornada<\/em>, d\u00eda 8 de abril: <strong>Violencia Sexual y V\u00edctimas de Agresiones<\/strong>, de 16:00 a 20:00, Sal\u00f3n de Grados de la Facultad de Derecho. <a href=\"\/\/centros.unileon.es\/derecho\/files\/2019\/04\/1\u00aa-Jornada.pdf\">Programa 1\u00aa Jornada<\/a><\/p>\r\n<p style=\"text-align: justify;\"><em>2\u00aa Jornada<\/em>, d\u00eda 10 de abril: <strong>Mujeres y Diversas<\/strong>, de 16:30 a 20:00, Sal\u00f3n de Grados de la Facultad de Derecho. <a href=\"\/\/centros.unileon.es\/derecho\/files\/2019\/04\/2\u00aa-Jornada.pdf\">Programa 2\u00aa Jornada<\/a><\/p>\r\n<p style=\"text-align: justify;\"><em>3\u00aa Jornada<\/em>, d\u00eda 15 de mayo: <strong>Violencia Obst\u00e9trica<\/strong>, de 11:15 a 14:00 y de 16:00 a 20:00, en el Sal\u00f3n de Grados de la Facultad de Derecho. <a href=\"\/\/centros.unileon.es\/derecho\/files\/2019\/04\/3\u00aa-Jornada.pdf\">Programa 3\u00aa Jornada<\/a><\/p>\r\n<a href=\"https:\/\/videos.unileon.es\/series\/5cde6f358f4208b9408b45b9\">Videos de la Tercera Jornada<\/a>\r\n\r\n<a href=\"\/\/centros.unileon.es\/derecho\/files\/2019\/04\/Descosiendo-violencias-creando-dignidades-1.jpg\"><img loading=\"lazy\" decoding=\"async\" class=\"alignnone size-medium wp-image-2786\" src=\"\/\/centros.unileon.es\/derecho\/files\/2019\/04\/Descosiendo-violencias-creando-dignidades-1-300x187.jpg\" alt=\"\" width=\"300\" height=\"187\" srcset=\"https:\/\/centros.unileon.es\/derecho\/files\/2019\/04\/Descosiendo-violencias-creando-dignidades-1-300x187.jpg 300w, https:\/\/centros.unileon.es\/derecho\/files\/2019\/04\/Descosiendo-violencias-creando-dignidades-1.jpg 644w\" sizes=\"auto, (max-width: 300px) 100vw, 300px\" \/><\/a>\r\n<p style=\"text-align: justify;\"><em>Exposici\u00f3n<\/em>: <strong>Descosiendo violencias, creando dignidades<\/strong>, de la artista Sara Tapia. Del 30 de abril al 20 de mayo, en la primera planta de la Facultad de Educaci\u00f3n de la Universidad de Le\u00f3n. <a href=\"\/\/centros.unileon.es\/derecho\/files\/2019\/04\/Exposici\u00f3n.pdf\">Programa de la Exposici\u00f3n<\/a>.<\/p>\r\n&nbsp;\r\n\r\n&nbsp;","protected":false},"excerpt":{"rendered":"<p>La Defensor\u00eda de la Comunidad Universitaria de la Universidad de Le\u00f3n organiza el II Ciclo sobre G\u00e9nero, Diversidad Sexual y Derecho, que dar\u00e1 cabida a la celebraci\u00f3n de tres Jornadas y una Exposici\u00f3n con el siguiente calendario y tem\u00e1ticas: 1\u00aa Jornada, d\u00eda 8 de abril: Violencia Sexual y V\u00edctimas de Agresiones, de 16:00 a 20:00, [&hellip;]<\/p>\n","protected":false},"author":149,"featured_media":0,"parent":0,"menu_order":0,"comment_status":"closed","ping_status":"closed","template":"","meta":{"footnotes":""},"class_list":["post-2766","page","type-page","status-publish","hentry"],"_links":{"self":[{"href":"https:\/\/centros.unileon.es\/derecho\/wp-json\/wp\/v2\/pages\/2766","targetHints":{"allow":["GET"]}}],"collection":[{"href":"https:\/\/centros.unileon.es\/derecho\/wp-json\/wp\/v2\/pages"}],"about":[{"href":"https:\/\/centros.unileon.es\/derecho\/wp-json\/wp\/v2\/types\/page"}],"author":[{"embeddable":true,"href":"https:\/\/centros.unileon.es\/derecho\/wp-json\/wp\/v2\/users\/149"}],"replies":[{"embeddable":true,"href":"https:\/\/centros.unileon.es\/derecho\/wp-json\/wp\/v2\/comments?post=2766"}],"version-history":[{"count":20,"href":"https:\/\/centros.unileon.es\/derecho\/wp-json\/wp\/v2\/pages\/2766\/revisions"}],"predecessor-version":[{"id":2835,"href":"https:\/\/centros.unileon.es\/derecho\/wp-json\/wp\/v2\/pages\/2766\/revisions\/2835"}],"wp:attachment":[{"href":"https:\/\/centros.unileon.es\/derecho\/wp-json\/wp\/v2\/media?parent=2766"}],"curies":[{"name":"wp","href":"https:\/\/api.w.org\/{rel}","templated":true}]}}