{"id":2754,"date":"2019-03-25T12:27:41","date_gmt":"2019-03-25T12:27:41","guid":{"rendered":"http:\/\/centros.unileon.es\/derecho\/?page_id=2754"},"modified":"2019-03-25T12:31:51","modified_gmt":"2019-03-25T12:31:51","slug":"seminario-sobre-trabajo-y-genero-del-1-al-3-de-abril-de-2019","status":"publish","type":"page","link":"https:\/\/centros.unileon.es\/derecho\/seminario-sobre-trabajo-y-genero-del-1-al-3-de-abril-de-2019\/","title":{"rendered":"Seminario sobre Trabajo y G\u00e9nero, del 1 al 3 de abril de 2019."},"content":{"rendered":"<p style=\"text-align: justify;\">El \u00c1rea de Derecho del Trabajo y de la Seguridad Social de la Facultad de Derecho de la Universidad de Le\u00f3n organiza un Seminario sobre \u00abLa igualdad de oportunidades entre mujeres y hombres y las acciones de responsabilidad social de las empresas\u00bb.<\/p>\r\n<p style=\"text-align: justify;\"><strong>Fecha:<\/strong> 1, 2 y 3 de abril de 2019.<\/p>\r\n<p style=\"text-align: justify;\"><strong>Hora:<\/strong> De 16:00 a 20:30 horas.<\/p>\r\n<p style=\"text-align: justify;\"><strong>Lugar:<\/strong> Sal\u00f3n de Grados de la Facultad de Derecho y de Ciencias del Trabajo.<\/p>\r\n<p style=\"text-align: justify;\"><strong>Inscripci\u00f3n gratuita<\/strong> entregando Bolet\u00edn de Inscripci\u00f3n disponible en el Tr\u00edptico del curso, en el \u00e1rea de conocimiento de Derecho del Trabajo de la Facultad de Derecho (despacho n\u00fam. 150, 3a planta), hasta el d\u00eda 27 de marzo a las 14:00 horas.<\/p>\r\n<p style=\"text-align: justify;\"><strong>Reconocido 1 cr\u00e9dito ECTS.<\/strong><\/p>\r\n<a href=\"\/\/centros.unileon.es\/derecho\/files\/2019\/03\/Seminario-sobre-Trabajo-y-G\u00e9nero-PROGRAMA-2019.pdf\">Tr\u00edptico del Seminario sobre Trabajo y G\u00e9nero 2019<\/a>.","protected":false},"excerpt":{"rendered":"<p>El \u00c1rea de Derecho del Trabajo y de la Seguridad Social de la Facultad de Derecho de la Universidad de Le\u00f3n organiza un Seminario sobre \u00abLa igualdad de oportunidades entre mujeres y hombres y las acciones de responsabilidad social de las empresas\u00bb. Fecha: 1, 2 y 3 de abril de 2019. Hora: De 16:00 a [&hellip;]<\/p>\n","protected":false},"author":149,"featured_media":0,"parent":0,"menu_order":0,"comment_status":"closed","ping_status":"closed","template":"","meta":{"footnotes":""},"class_list":["post-2754","page","type-page","status-publish","hentry"],"_links":{"self":[{"href":"https:\/\/centros.unileon.es\/derecho\/wp-json\/wp\/v2\/pages\/2754","targetHints":{"allow":["GET"]}}],"collection":[{"href":"https:\/\/centros.unileon.es\/derecho\/wp-json\/wp\/v2\/pages"}],"about":[{"href":"https:\/\/centros.unileon.es\/derecho\/wp-json\/wp\/v2\/types\/page"}],"author":[{"embeddable":true,"href":"https:\/\/centros.unileon.es\/derecho\/wp-json\/wp\/v2\/users\/149"}],"replies":[{"embeddable":true,"href":"https:\/\/centros.unileon.es\/derecho\/wp-json\/wp\/v2\/comments?post=2754"}],"version-history":[{"count":4,"href":"https:\/\/centros.unileon.es\/derecho\/wp-json\/wp\/v2\/pages\/2754\/revisions"}],"predecessor-version":[{"id":2762,"href":"https:\/\/centros.unileon.es\/derecho\/wp-json\/wp\/v2\/pages\/2754\/revisions\/2762"}],"wp:attachment":[{"href":"https:\/\/centros.unileon.es\/derecho\/wp-json\/wp\/v2\/media?parent=2754"}],"curies":[{"name":"wp","href":"https:\/\/api.w.org\/{rel}","templated":true}]}}