{"id":2715,"date":"2018-12-21T18:10:56","date_gmt":"2018-12-21T18:10:56","guid":{"rendered":"http:\/\/centros.unileon.es\/derecho\/?page_id=2715"},"modified":"2026-01-20T21:31:57","modified_gmt":"2026-01-20T21:31:57","slug":"trabajo-fin-de-master","status":"publish","type":"page","link":"https:\/\/centros.unileon.es\/derecho\/trabajo-fin-de-master\/","title":{"rendered":"Trabajo Fin de M\u00e1ster"},"content":{"rendered":"<p style=\"text-align: justify;\"><strong>NORMATIVA TRABAJOS FIN DE M\u00c1STER:\r\n<\/strong><\/p>\r\n\r\n<ul style=\"list-style-type: square; text-align: justify;\">\r\n \t<li><a href=\"https:\/\/centros.unileon.es\/derecho\/files\/2022\/03\/2022.03.11.-Reglamento-TFM-ULE-Modificacion-del-Reglamento-de-2019.11.15.-1.pdf\">Reglamento Trabajo Fin de M\u00e1ster de la Universidad de Le\u00f3n (Modificado el 11\/03\/2022)<\/a><\/li>\r\n \t<li class=\"first-child\"><a href=\"https:\/\/centros.unileon.es\/derecho\/files\/2020\/05\/Reglamento-TFM-en-Ciberseguridad-Aprobado-23_01_2020_PRO.pdf\">Reglamento TFM en Derecho de la Ciberseguridad y Entorno Digital (Aprobado 23\/01\/2020)<\/a><\/li>\r\n \t<li><a href=\"https:\/\/centros.unileon.es\/derecho\/files\/2019\/08\/pautas-de-actuaci\u00f3n-en-los-supuestos-de-plagio-copio-o-fraude-en-ex\u00e1menes-o-pruebas-de-evaluaci\u00f3n-1.pdf\">Pautas de actuaci\u00f3n en los supuestos de plagio, copia o fraude en ex\u00e1menes o pruebas de evaluaci\u00f3n (aprobadas en Consejo de Gobierno de 29\/01\/2015)<\/a><\/li>\r\n<\/ul>\r\n<p style=\"text-align: justify;\"><strong>IMPORTANTE:<\/strong> Desde 2019 la tramitaci\u00f3n del TFM se hace exclusivamente <b>a trav\u00e9s de la aplicaci\u00f3n inform\u00e1tica de la ULE<\/b> <strong>destinada a tal efecto: (<a href=\"https:\/\/tfg.unileon.es\/\">https:\/\/tfg.unileon.es<\/a>)<\/strong>.<\/p>\r\n<p style=\"text-align: justify;\"><strong>IMPRESOS TRABAJOS FIN DE M\u00c1STER:<\/strong><\/p>\r\n\r\n<ul>\r\n \t<li style=\"text-align: justify;\">ANEXO 1: <a href=\"https:\/\/centros.unileon.es\/derecho\/files\/2020\/05\/ANEXO-1.-Solicitud-cambio-de-tutor-TFM-1.docx\">Solicitud Cambio de Tutor TFM<\/a><\/li>\r\n \t<li>ANEXO 2: <a href=\"https:\/\/centros.unileon.es\/derecho\/files\/2020\/05\/ANEXO-2.-Solicitud-cambio-de-tutorando-TFM.docx\">Solicitud Cambio de Tutorando TFM<\/a><\/li>\r\n \t<li>ANEXO 3: <a href=\"https:\/\/centros.unileon.es\/derecho\/files\/2020\/05\/Anexo-3.-TFM_CiberseguridadPortada_2020.doc\">Modelo Portada TFM Derecho de la Ciberseguridad<\/a><\/li>\r\n \t<li>ANEXO 4: <a href=\"https:\/\/centros.unileon.es\/derecho\/files\/2020\/05\/ANEXO-4.-Modelo-Informe_Calificaci\u00f3n-TutorM\u00e1sterCiberseguridad-2.docx\">Modelo Informe\/Calificaci\u00f3n Tutor M\u00e1ster Derecho Ciberseguridad<\/a><\/li>\r\n \t<li>ANEXO 6: <a href=\"https:\/\/centros.unileon.es\/derecho\/files\/2021\/03\/ANEXO-6.-Modelo-Autorizacion-Publicacion-Abierto-TFG.TFM_.docx\">Autorizaci\u00f3n P\u00fablicaci\u00f3n Abierto TFM<\/a><\/li>\r\n<\/ul>\r\n<p style=\"text-align: justify;\"><strong>TRABAJOS FIN DE M\u00c1STER CURSO ACAD\u00c9MICO 2025\/2026:<\/strong><\/p>\r\n<p style=\"text-align: justify;\"><strong><em>Fechas de la Convocatoria Extraordinaria de diciembre de 2025:<\/em><\/strong><\/p>\r\n\r\n<ul style=\"text-align: justify;\">\r\n \t<li class=\"first-child\"><strong>Plazo de Dep\u00f3sito:<\/strong> del 9 al 12 de diciembre.<\/li>\r\n \t<li class=\"last-child\"><strong>Fecha de Defensa:<\/strong> 17 de diciembre (en horario a determinar dependiendo del n\u00famero de estudiantes solicitantes de la defensa).<\/li>\r\n<\/ul>\r\n<h3><em><strong>Convocatoria de julio 2026<\/strong><\/em><\/h3>\r\n<ul>\r\n \t<li><strong>Plazo de Dep\u00f3sito:<\/strong> fecha por determinar, a trav\u00e9s de la plataforma: <a href=\"https:\/\/tfg.unileon.es\" target=\"_blank\" rel=\"noopener\" data-saferedirecturl=\"https:\/\/www.google.com\/url?q=https:\/\/tfg.unileon.es&amp;source=gmail&amp;ust=1681457847457000&amp;usg=AOvVaw11v-QRPjpoNbDGC2iAR-gS\">https:\/\/tfg.unileon.es<\/a>.<\/li>\r\n \t<li><strong>Fecha de Defensa:<\/strong> fecha por determinar.<\/li>\r\n \t<li><strong>Cierre de actas:<\/strong> 24 de julio de 2026.<\/li>\r\n<\/ul>\r\n<h3><em><strong>Convocatoria de septiembre 2026<\/strong><\/em><\/h3>\r\n<ul>\r\n \t<li><strong>Plazo de Dep\u00f3sito:<\/strong> fecha por determinar, a trav\u00e9s de la plataforma: <a href=\"https:\/\/tfg.unileon.es\" target=\"_blank\" rel=\"noopener\" data-saferedirecturl=\"https:\/\/www.google.com\/url?q=https:\/\/tfg.unileon.es&amp;source=gmail&amp;ust=1681457847457000&amp;usg=AOvVaw11v-QRPjpoNbDGC2iAR-gS\">https:\/\/tfg.unileon.es<\/a>.<\/li>\r\n \t<li><strong>Fecha de Defensa:<\/strong> fecha por determinar.<\/li>\r\n \t<li><strong>Cierre de actas:<\/strong> 18 de septiembre de 2026.<\/li>\r\n<\/ul>\r\n&nbsp;","protected":false},"excerpt":{"rendered":"<p>NORMATIVA TRABAJOS FIN DE M\u00c1STER: Reglamento Trabajo Fin de M\u00e1ster de la Universidad de Le\u00f3n (Modificado el 11\/03\/2022) Reglamento TFM en Derecho de la Ciberseguridad y Entorno Digital (Aprobado 23\/01\/2020) Pautas de actuaci\u00f3n en los supuestos de plagio, copia o fraude en ex\u00e1menes o pruebas de evaluaci\u00f3n (aprobadas en Consejo de Gobierno de 29\/01\/2015) IMPORTANTE: [&hellip;]<\/p>\n","protected":false},"author":149,"featured_media":0,"parent":0,"menu_order":0,"comment_status":"closed","ping_status":"closed","template":"","meta":{"footnotes":""},"class_list":["post-2715","page","type-page","status-publish","hentry"],"_links":{"self":[{"href":"https:\/\/centros.unileon.es\/derecho\/wp-json\/wp\/v2\/pages\/2715","targetHints":{"allow":["GET"]}}],"collection":[{"href":"https:\/\/centros.unileon.es\/derecho\/wp-json\/wp\/v2\/pages"}],"about":[{"href":"https:\/\/centros.unileon.es\/derecho\/wp-json\/wp\/v2\/types\/page"}],"author":[{"embeddable":true,"href":"https:\/\/centros.unileon.es\/derecho\/wp-json\/wp\/v2\/users\/149"}],"replies":[{"embeddable":true,"href":"https:\/\/centros.unileon.es\/derecho\/wp-json\/wp\/v2\/comments?post=2715"}],"version-history":[{"count":56,"href":"https:\/\/centros.unileon.es\/derecho\/wp-json\/wp\/v2\/pages\/2715\/revisions"}],"predecessor-version":[{"id":6130,"href":"https:\/\/centros.unileon.es\/derecho\/wp-json\/wp\/v2\/pages\/2715\/revisions\/6130"}],"wp:attachment":[{"href":"https:\/\/centros.unileon.es\/derecho\/wp-json\/wp\/v2\/media?parent=2715"}],"curies":[{"name":"wp","href":"https:\/\/api.w.org\/{rel}","templated":true}]}}