{"id":27,"date":"2010-10-07T12:52:07","date_gmt":"2010-10-07T12:52:07","guid":{"rendered":"http:\/\/centros.unileon.es\/derecho\/"},"modified":"2019-08-26T11:57:41","modified_gmt":"2019-08-26T11:57:41","slug":"departamentos","status":"publish","type":"page","link":"https:\/\/centros.unileon.es\/derecho\/departamentos\/","title":{"rendered":"Departamentos"},"content":{"rendered":"<strong>DEPARTAMENTOS CON SEDE EN LA FACULTAD DE DERECHO:<\/strong>\r\n<ul style=\"list-style-type: disc;\">\r\n \t<li><a href=\"http:\/\/departamentos.unileon.es\/derecho-publico\/\">Departamento de Derecho P\u00fablico<\/a><\/li>\r\n \t<li><a href=\"http:\/\/departamentos.unileon.es\/derecho-privado-y-de-la-empresa\/\">Departamento de Derecho Privado y de la Empresa<\/a><\/li>\r\n<\/ul>\r\n&nbsp;\r\n\r\n<strong>OTROS DEPARTAMENTOS CON DOCENCIA EN EL CENTRO:<\/strong>\r\n<ul style=\"list-style-type: disc;\">\r\n \t<li><a href=\"http:\/\/dde.unileon.es\/\">Departamento de Direcci\u00f3n y Econom\u00eda de la Empresa<\/a><\/li>\r\n \t<li><a href=\"http:\/\/departamentos.unileon.es\/economia-y-estadistica\/\">Departamento de Econom\u00eda y Estad\u00edstica<\/a><\/li>\r\n \t<li><a href=\"http:\/\/departamentos.unileon.es\/filologia-moderna\/\">Departamento de Filolog\u00eda Moderna<\/a><\/li>\r\n \t<li><a href=\"http:\/\/departamentos.unileon.es\/ingenierias-mecanica-informatica-y-aeroespacial\/\">Departamento de Ingenier\u00edas Mec\u00e1nica, Inform\u00e1tica y Aeroespacial<\/a><\/li>\r\n \t<li><a href=\"http:\/\/departamentos.unileon.es\/patrimonio-artistico-y-documental\/\">Departamento de Patrimonio Art\u00edstico y Documental<\/a><\/li>\r\n \t<li><a href=\"http:\/\/departamentos.unileon.es\/psicologia-sociologia-y-filosofia\/equipo-directivo\/\">Departamento de Psicolog\u00eda, Sociolog\u00eda y Filosof\u00eda<\/a><\/li>\r\n<\/ul>\r\n&nbsp;\r\n\r\n&nbsp;\r\n\r\n&nbsp;","protected":false},"excerpt":{"rendered":"<p>DEPARTAMENTOS CON SEDE EN LA FACULTAD DE DERECHO: Departamento de Derecho P\u00fablico Departamento de Derecho Privado y de la Empresa &nbsp; OTROS DEPARTAMENTOS CON DOCENCIA EN EL CENTRO: Departamento de Direcci\u00f3n y Econom\u00eda de la Empresa Departamento de Econom\u00eda y Estad\u00edstica Departamento de Filolog\u00eda Moderna Departamento de Ingenier\u00edas Mec\u00e1nica, Inform\u00e1tica y Aeroespacial Departamento de Patrimonio [&hellip;]<\/p>\n","protected":false},"author":1,"featured_media":0,"parent":0,"menu_order":0,"comment_status":"closed","ping_status":"open","template":"","meta":{"footnotes":""},"class_list":["post-27","page","type-page","status-publish","hentry"],"_links":{"self":[{"href":"https:\/\/centros.unileon.es\/derecho\/wp-json\/wp\/v2\/pages\/27","targetHints":{"allow":["GET"]}}],"collection":[{"href":"https:\/\/centros.unileon.es\/derecho\/wp-json\/wp\/v2\/pages"}],"about":[{"href":"https:\/\/centros.unileon.es\/derecho\/wp-json\/wp\/v2\/types\/page"}],"author":[{"embeddable":true,"href":"https:\/\/centros.unileon.es\/derecho\/wp-json\/wp\/v2\/users\/1"}],"replies":[{"embeddable":true,"href":"https:\/\/centros.unileon.es\/derecho\/wp-json\/wp\/v2\/comments?post=27"}],"version-history":[{"count":10,"href":"https:\/\/centros.unileon.es\/derecho\/wp-json\/wp\/v2\/pages\/27\/revisions"}],"predecessor-version":[{"id":3109,"href":"https:\/\/centros.unileon.es\/derecho\/wp-json\/wp\/v2\/pages\/27\/revisions\/3109"}],"wp:attachment":[{"href":"https:\/\/centros.unileon.es\/derecho\/wp-json\/wp\/v2\/media?parent=27"}],"curies":[{"name":"wp","href":"https:\/\/api.w.org\/{rel}","templated":true}]}}