{"id":2691,"date":"2018-12-14T13:39:18","date_gmt":"2018-12-14T13:39:18","guid":{"rendered":"http:\/\/centros.unileon.es\/derecho\/?page_id=2691"},"modified":"2018-12-14T13:45:29","modified_gmt":"2018-12-14T13:45:29","slug":"jornada-internacional-en-honor-del-prof-dr-dr-h-c-mult-d-diego-manuel-luzon-pena-con-motivo-de-su-nombramiento-como-doctor-honoris-causa-de-la-universidad-de-leon","status":"publish","type":"page","link":"https:\/\/centros.unileon.es\/derecho\/jornada-internacional-en-honor-del-prof-dr-dr-h-c-mult-d-diego-manuel-luzon-pena-con-motivo-de-su-nombramiento-como-doctor-honoris-causa-de-la-universidad-de-leon\/","title":{"rendered":"Jornada Internacional en Honor del Prof. Dr. Dr. H. C. Mult. D. Diego Manuel Luz\u00f3n Pe\u00f1a, con motivo de su nombramiento como Doctor Honoris Causa de la Universidad de Le\u00f3n"},"content":{"rendered":"&nbsp;\r\n<table style=\"width: 100%; border-collapse: collapse; border-color: #fafafa;\" border=\"1\">\r\n<tbody>\r\n<tr>\r\n<td style=\"width: 27.7642%;\"><a href=\"\/\/centros.unileon.es\/derecho\/files\/2018\/12\/CARTEL-LUZON-MODELO.jpg\"><img loading=\"lazy\" decoding=\"async\" class=\" wp-image-2693 aligncenter\" src=\"\/\/centros.unileon.es\/derecho\/files\/2018\/12\/CARTEL-LUZON-MODELO-212x300.jpg\" alt=\"\" width=\"209\" height=\"296\" srcset=\"https:\/\/centros.unileon.es\/derecho\/files\/2018\/12\/CARTEL-LUZON-MODELO-212x300.jpg 212w, https:\/\/centros.unileon.es\/derecho\/files\/2018\/12\/CARTEL-LUZON-MODELO-768x1086.jpg 768w, https:\/\/centros.unileon.es\/derecho\/files\/2018\/12\/CARTEL-LUZON-MODELO-724x1024.jpg 724w, https:\/\/centros.unileon.es\/derecho\/files\/2018\/12\/CARTEL-LUZON-MODELO.jpg 1654w\" sizes=\"auto, (max-width: 209px) 100vw, 209px\" \/><\/a><\/td>\r\n<td style=\"width: 72.2358%; border-color: #fafafa;\"><a href=\"\/\/centros.unileon.es\/derecho\/files\/2018\/12\/galeria-foto-77.jpg\"><img loading=\"lazy\" decoding=\"async\" class=\"wp-image-2694 alignnone\" src=\"\/\/centros.unileon.es\/derecho\/files\/2018\/12\/galeria-foto-77-300x215.jpg\" alt=\"\" width=\"426\" height=\"305\" srcset=\"https:\/\/centros.unileon.es\/derecho\/files\/2018\/12\/galeria-foto-77-300x215.jpg 300w, https:\/\/centros.unileon.es\/derecho\/files\/2018\/12\/galeria-foto-77-768x551.jpg 768w, https:\/\/centros.unileon.es\/derecho\/files\/2018\/12\/galeria-foto-77.jpg 800w\" sizes=\"auto, (max-width: 426px) 100vw, 426px\" \/><\/a><\/td>\r\n<\/tr>\r\n<\/tbody>\r\n<\/table>\r\n<p style=\"text-align: justify;\">El Sal\u00f3n de Grados de la Facultad de Derecho acoger\u00e1 la celebraci\u00f3n de la Jornada en honor del Profesor Doctor Diego Manuel Luz\u00f3n Pe\u00f1a, con motivo de su nombramiento como Doctor <em>Honoris Causa<\/em> de la Universidad de Le\u00f3n.<\/p>\r\n<p style=\"text-align: justify;\">Fecha: Lunes 17 de diciembre de 2018.<\/p>\r\n<p style=\"text-align: justify;\">Hora: De 16:30 a 20:30.<\/p>\r\n<p style=\"text-align: justify;\">Lugar: Sal\u00f3n de Grados de la Facultad de Derecho.<\/p>\r\n<a href=\"\/\/centros.unileon.es\/derecho\/files\/2018\/12\/TRIPTICO-JORNADA-LUZ\u00d3N.-MODELO-09-2.pdf\">TR\u00cdPTICO JORNADA<\/a>","protected":false},"excerpt":{"rendered":"<p>&nbsp; El Sal\u00f3n de Grados de la Facultad de Derecho acoger\u00e1 la celebraci\u00f3n de la Jornada en honor del Profesor Doctor Diego Manuel Luz\u00f3n Pe\u00f1a, con motivo de su nombramiento como Doctor Honoris Causa de la Universidad de Le\u00f3n. Fecha: Lunes 17 de diciembre de 2018. Hora: De 16:30 a 20:30. Lugar: Sal\u00f3n de Grados [&hellip;]<\/p>\n","protected":false},"author":149,"featured_media":0,"parent":0,"menu_order":0,"comment_status":"closed","ping_status":"closed","template":"","meta":{"footnotes":""},"class_list":["post-2691","page","type-page","status-publish","hentry"],"_links":{"self":[{"href":"https:\/\/centros.unileon.es\/derecho\/wp-json\/wp\/v2\/pages\/2691","targetHints":{"allow":["GET"]}}],"collection":[{"href":"https:\/\/centros.unileon.es\/derecho\/wp-json\/wp\/v2\/pages"}],"about":[{"href":"https:\/\/centros.unileon.es\/derecho\/wp-json\/wp\/v2\/types\/page"}],"author":[{"embeddable":true,"href":"https:\/\/centros.unileon.es\/derecho\/wp-json\/wp\/v2\/users\/149"}],"replies":[{"embeddable":true,"href":"https:\/\/centros.unileon.es\/derecho\/wp-json\/wp\/v2\/comments?post=2691"}],"version-history":[{"count":8,"href":"https:\/\/centros.unileon.es\/derecho\/wp-json\/wp\/v2\/pages\/2691\/revisions"}],"predecessor-version":[{"id":2704,"href":"https:\/\/centros.unileon.es\/derecho\/wp-json\/wp\/v2\/pages\/2691\/revisions\/2704"}],"wp:attachment":[{"href":"https:\/\/centros.unileon.es\/derecho\/wp-json\/wp\/v2\/media?parent=2691"}],"curies":[{"name":"wp","href":"https:\/\/api.w.org\/{rel}","templated":true}]}}