{"id":2652,"date":"2018-11-01T14:51:50","date_gmt":"2018-11-01T14:51:50","guid":{"rendered":"http:\/\/centros.unileon.es\/derecho\/?page_id=2652"},"modified":"2018-11-01T14:56:05","modified_gmt":"2018-11-01T14:56:05","slug":"seminario-de-docencia-e-investigacion-cannabis-de-la-prohibicion-a-la-regulacion-9-de-noviembre-de-2018","status":"publish","type":"page","link":"https:\/\/centros.unileon.es\/derecho\/seminario-de-docencia-e-investigacion-cannabis-de-la-prohibicion-a-la-regulacion-9-de-noviembre-de-2018\/","title":{"rendered":"Seminario de Docencia e Investigaci\u00f3n, \u00abCannabis: de la prohibici\u00f3n a la regulaci\u00f3n\u00bb, 9 de noviembre de 2018."},"content":{"rendered":"<p style=\"text-align: justify;\">Organizado por las \u00c1reas de Derecho Penal y Derecho Eclesi\u00e1stico del Estado, en el marco de los programas de Doctorado \u00abDerecho: Protecci\u00f3n Jur\u00eddica y Cohesi\u00f3n Social\u00bb y \u00abResponsabilidad Jur\u00eddica: Estudio Multidisciplinar\u00bb, la Profa. Dra. D\u00f1a. Araceli Manj\u00f3n-Cabeza Olmeda, Profesora Titular de Derecho Penal de la Unviersidad Complutense, impartir\u00e1 una Conferencia sobre \u00abCannabis: de la prohibici\u00f3n a la regulaci\u00f3n\u00bb.<\/p>\r\n<p style=\"text-align: justify;\">Lugar: Sal\u00f3n de Grados de la Facultad de Derecho de la Universidad de Le\u00f3n.<\/p>\r\n<p style=\"text-align: justify;\">Fecha y Hora: Viernes 9 de noviembre de 2018, 13:30 horas.<\/p>\r\n<p style=\"text-align: justify;\"><a href=\"http:\/\/centros.unileon.es\/derecho\/files\/2018\/11\/CARTEL-MANJON-CABEZA.-23.10.2018-1.pdf\">CARTEL<\/a><\/p>","protected":false},"excerpt":{"rendered":"<p>Organizado por las \u00c1reas de Derecho Penal y Derecho Eclesi\u00e1stico del Estado, en el marco de los programas de Doctorado \u00abDerecho: Protecci\u00f3n Jur\u00eddica y Cohesi\u00f3n Social\u00bb y \u00abResponsabilidad Jur\u00eddica: Estudio Multidisciplinar\u00bb, la Profa. Dra. D\u00f1a. Araceli Manj\u00f3n-Cabeza Olmeda, Profesora Titular de Derecho Penal de la Unviersidad Complutense, impartir\u00e1 una Conferencia sobre \u00abCannabis: de la prohibici\u00f3n [&hellip;]<\/p>\n","protected":false},"author":149,"featured_media":0,"parent":0,"menu_order":0,"comment_status":"closed","ping_status":"closed","template":"","meta":{"footnotes":""},"class_list":["post-2652","page","type-page","status-publish","hentry"],"_links":{"self":[{"href":"https:\/\/centros.unileon.es\/derecho\/wp-json\/wp\/v2\/pages\/2652","targetHints":{"allow":["GET"]}}],"collection":[{"href":"https:\/\/centros.unileon.es\/derecho\/wp-json\/wp\/v2\/pages"}],"about":[{"href":"https:\/\/centros.unileon.es\/derecho\/wp-json\/wp\/v2\/types\/page"}],"author":[{"embeddable":true,"href":"https:\/\/centros.unileon.es\/derecho\/wp-json\/wp\/v2\/users\/149"}],"replies":[{"embeddable":true,"href":"https:\/\/centros.unileon.es\/derecho\/wp-json\/wp\/v2\/comments?post=2652"}],"version-history":[{"count":4,"href":"https:\/\/centros.unileon.es\/derecho\/wp-json\/wp\/v2\/pages\/2652\/revisions"}],"predecessor-version":[{"id":2657,"href":"https:\/\/centros.unileon.es\/derecho\/wp-json\/wp\/v2\/pages\/2652\/revisions\/2657"}],"wp:attachment":[{"href":"https:\/\/centros.unileon.es\/derecho\/wp-json\/wp\/v2\/media?parent=2652"}],"curies":[{"name":"wp","href":"https:\/\/api.w.org\/{rel}","templated":true}]}}